{"id":8395,"date":"2025-07-09T18:07:59","date_gmt":"2025-07-09T16:07:59","guid":{"rendered":"https:\/\/embassyofbolivia.nl\/?page_id=8395"},"modified":"2025-07-09T18:11:51","modified_gmt":"2025-07-09T16:11:51","slug":"informacion-general-visados","status":"publish","type":"page","link":"https:\/\/embassyofbolivia.nl\/wp-old\/informacion-general-visados\/","title":{"rendered":"Informaci\u00f3n general visados"},"content":{"rendered":"\n<p>La visa es un documento de viaje emitido por los Consulados y Embajadas de Bolivia en el exterior que habilita a las y los ciudadanos extranjeros el ingreso a Bolivia con el objeto de permanecer por un tiempo determinado.<\/p>\n\n\n\n<p>Para realizar el tr\u00e1mite de solicitud de visa: <a href=\"https:\/\/visas.cancilleria.gob.bo\/#\/\">https:\/\/visas.cancilleria.gob.bo\/#\/<\/a><\/p>\n\n\n\n<p>Cuando se cuente con una embajada o consulado en el pa\u00eds de residencia se sugiere realizar el tr\u00e1mite en estas instancias, la informaci\u00f3n se puede encontrar en el enlace <a href=\"https:\/\/consulados.cancilleria.gob.bo\/\">https:\/\/consulados.cancilleria.gob.bo\/<\/a><\/p>\n\n\n\n<figure class=\"wp-block-gallery has-nested-images columns-default is-cropped wp-block-gallery-1 is-layout-flex wp-block-gallery-is-layout-flex\">\n<figure class=\"wp-block-image size-large\"><img fetchpriority=\"high\" decoding=\"async\" width=\"1024\" height=\"785\" data-id=\"8365\" src=\"https:\/\/embassyofbolivia.nl\/wp-content\/uploads\/2025\/07\/Grupos-1024x785.jpg\" alt=\"\" class=\"wp-image-8365\" srcset=\"https:\/\/embassyofbolivia.nl\/wp-old\/wp-content\/uploads\/2025\/07\/Grupos-1024x785.jpg 1024w, https:\/\/embassyofbolivia.nl\/wp-old\/wp-content\/uploads\/2025\/07\/Grupos-300x230.jpg 300w, https:\/\/embassyofbolivia.nl\/wp-old\/wp-content\/uploads\/2025\/07\/Grupos-768x588.jpg 768w, https:\/\/embassyofbolivia.nl\/wp-old\/wp-content\/uploads\/2025\/07\/Grupos.jpg 1210w\" sizes=\"(max-width: 1024px) 100vw, 1024px\" \/><\/figure>\n\n\n\n<figure class=\"wp-block-image size-large\"><img decoding=\"async\" width=\"1024\" height=\"772\" data-id=\"8363\" src=\"https:\/\/embassyofbolivia.nl\/wp-content\/uploads\/2025\/07\/INFOGRAFIA-1024x772.jpg\" alt=\"\" class=\"wp-image-8363\" srcset=\"https:\/\/embassyofbolivia.nl\/wp-old\/wp-content\/uploads\/2025\/07\/INFOGRAFIA-1024x772.jpg 1024w, https:\/\/embassyofbolivia.nl\/wp-old\/wp-content\/uploads\/2025\/07\/INFOGRAFIA-300x226.jpg 300w, https:\/\/embassyofbolivia.nl\/wp-old\/wp-content\/uploads\/2025\/07\/INFOGRAFIA-768x579.jpg 768w, https:\/\/embassyofbolivia.nl\/wp-old\/wp-content\/uploads\/2025\/07\/INFOGRAFIA.jpg 1474w\" sizes=\"(max-width: 1024px) 100vw, 1024px\" \/><\/figure>\n<\/figure>\n\n\n\n<p><a href=\"https:\/\/embassyofbolivia.nl\/wp-content\/uploads\/2025\/07\/INFOGRAFIA-GRUPOS-REQUISITOS-VISAS.pdf\">Documento original grupo de pa\u00edses y requisitos.<\/a><\/p>\n\n\n\n<p><\/p>\n","protected":false},"excerpt":{"rendered":"<p>La visa es un documento de viaje emitido por los Consulados y Embajadas de Bolivia en el exterior que habilita a las y los ciudadanos extranjeros el ingreso a Bolivia con el objeto de permanecer por un tiempo determinado. Para realizar el tr\u00e1mite de solicitud de visa: https:\/\/visas.cancilleria.gob.bo\/#\/ Cuando se cuente con una embajada o [&hellip;]<\/p>\n","protected":false},"author":12,"featured_media":8363,"parent":0,"menu_order":0,"comment_status":"closed","ping_status":"closed","template":"","meta":{"_eb_attr":"","footnotes":""},"class_list":["post-8395","page","type-page","status-publish","has-post-thumbnail","hentry"],"_links":{"self":[{"href":"https:\/\/embassyofbolivia.nl\/wp-old\/wp-json\/wp\/v2\/pages\/8395","targetHints":{"allow":["GET"]}}],"collection":[{"href":"https:\/\/embassyofbolivia.nl\/wp-old\/wp-json\/wp\/v2\/pages"}],"about":[{"href":"https:\/\/embassyofbolivia.nl\/wp-old\/wp-json\/wp\/v2\/types\/page"}],"author":[{"embeddable":true,"href":"https:\/\/embassyofbolivia.nl\/wp-old\/wp-json\/wp\/v2\/users\/12"}],"replies":[{"embeddable":true,"href":"https:\/\/embassyofbolivia.nl\/wp-old\/wp-json\/wp\/v2\/comments?post=8395"}],"version-history":[{"count":1,"href":"https:\/\/embassyofbolivia.nl\/wp-old\/wp-json\/wp\/v2\/pages\/8395\/revisions"}],"predecessor-version":[{"id":8398,"href":"https:\/\/embassyofbolivia.nl\/wp-old\/wp-json\/wp\/v2\/pages\/8395\/revisions\/8398"}],"wp:featuredmedia":[{"embeddable":true,"href":"https:\/\/embassyofbolivia.nl\/wp-old\/wp-json\/wp\/v2\/media\/8363"}],"wp:attachment":[{"href":"https:\/\/embassyofbolivia.nl\/wp-old\/wp-json\/wp\/v2\/media?parent=8395"}],"curies":[{"name":"wp","href":"https:\/\/api.w.org\/{rel}","templated":true}]}}