{"id":8374,"date":"2025-07-08T19:36:12","date_gmt":"2025-07-08T17:36:12","guid":{"rendered":"https:\/\/embassyofbolivia.nl\/?page_id=8374"},"modified":"2025-07-08T19:36:13","modified_gmt":"2025-07-08T17:36:13","slug":"visa-multiple","status":"publish","type":"page","link":"https:\/\/embassyofbolivia.nl\/wp-old\/visa-multiple\/","title":{"rendered":"VISA MULTIPLE"},"content":{"rendered":"\n<p>Es otorgada por un (1) a\u00f1o renovable por periodos similares, a personas extranjeras que realizan actividades de inversi\u00f3n y negocios para el ingreso y salida del territorio boliviano de manera peri\u00f3dica<\/p>\n\n\n\n<p>Para realizar el tr\u00e1mite de solicitud de visa: <a href=\"https:\/\/visas.cancilleria.gob.bo\/#\/\">https:\/\/visas.cancilleria.gob.bo\/#\/<\/a><\/p>\n\n\n\n<p>Los requisitos para esta visa consultarlos en el <strong><a href=\"https:\/\/embassyofbolivia.nl\/wp-content\/uploads\/2025\/07\/REQUISITOSVisaMultiple.pdf\">archivo<\/a><\/strong>.<\/p>\n\n\n\n<figure class=\"wp-block-image size-full\"><img fetchpriority=\"high\" decoding=\"async\" width=\"336\" height=\"369\" src=\"https:\/\/embassyofbolivia.nl\/wp-content\/uploads\/2025\/07\/qrvisamultiple.jpg\" alt=\"\" class=\"wp-image-8383\" srcset=\"https:\/\/embassyofbolivia.nl\/wp-old\/wp-content\/uploads\/2025\/07\/qrvisamultiple.jpg 336w, https:\/\/embassyofbolivia.nl\/wp-old\/wp-content\/uploads\/2025\/07\/qrvisamultiple-273x300.jpg 273w\" sizes=\"(max-width: 336px) 100vw, 336px\" \/><\/figure>\n\n\n\n<p>Tomar en cuenta las siguientes recomendaciones para el cumplimiento de los requisitos establecidos:<\/p>\n\n\n\n<ul class=\"wp-block-list\">\n<li>La fotograf\u00eda debe ser reciente fondo blanco, tipo pasaporte.<\/li>\n\n\n\n<li>La solvencia econ\u00f3mica debe contener el extracto bancario de los \u00faltimos tres meses.<\/li>\n\n\n\n<li>El certificado de antecedentes penales y los certificados deben estar traducidos al ingl\u00e9s y\/o espa\u00f1ol.<\/li>\n<\/ul>\n\n\n\n<p>Para agendar una cita, env\u00ede el formulario generado al siguiente correo electr\u00f3nico: <a href=\"mailto:boliviaconsularlahaya@gmail.com\">boliviaconsularlahaya@gmail.com<\/a>, o comunicarse al 0703616707.<\/p>\n\n\n\n<p><\/p>\n","protected":false},"excerpt":{"rendered":"<p>Es otorgada por un (1) a\u00f1o renovable por periodos similares, a personas extranjeras que realizan actividades de inversi\u00f3n y negocios para el ingreso y salida del territorio boliviano de manera peri\u00f3dica Para realizar el tr\u00e1mite de solicitud de visa: https:\/\/visas.cancilleria.gob.bo\/#\/ Los requisitos para esta visa consultarlos en el archivo. Tomar en cuenta las siguientes recomendaciones [&hellip;]<\/p>\n","protected":false},"author":12,"featured_media":8383,"parent":0,"menu_order":0,"comment_status":"closed","ping_status":"closed","template":"","meta":{"_eb_attr":"","footnotes":""},"class_list":["post-8374","page","type-page","status-publish","has-post-thumbnail","hentry"],"_links":{"self":[{"href":"https:\/\/embassyofbolivia.nl\/wp-old\/wp-json\/wp\/v2\/pages\/8374","targetHints":{"allow":["GET"]}}],"collection":[{"href":"https:\/\/embassyofbolivia.nl\/wp-old\/wp-json\/wp\/v2\/pages"}],"about":[{"href":"https:\/\/embassyofbolivia.nl\/wp-old\/wp-json\/wp\/v2\/types\/page"}],"author":[{"embeddable":true,"href":"https:\/\/embassyofbolivia.nl\/wp-old\/wp-json\/wp\/v2\/users\/12"}],"replies":[{"embeddable":true,"href":"https:\/\/embassyofbolivia.nl\/wp-old\/wp-json\/wp\/v2\/comments?post=8374"}],"version-history":[{"count":2,"href":"https:\/\/embassyofbolivia.nl\/wp-old\/wp-json\/wp\/v2\/pages\/8374\/revisions"}],"predecessor-version":[{"id":8387,"href":"https:\/\/embassyofbolivia.nl\/wp-old\/wp-json\/wp\/v2\/pages\/8374\/revisions\/8387"}],"wp:featuredmedia":[{"embeddable":true,"href":"https:\/\/embassyofbolivia.nl\/wp-old\/wp-json\/wp\/v2\/media\/8383"}],"wp:attachment":[{"href":"https:\/\/embassyofbolivia.nl\/wp-old\/wp-json\/wp\/v2\/media?parent=8374"}],"curies":[{"name":"wp","href":"https:\/\/api.w.org\/{rel}","templated":true}]}}