{"id":7627,"date":"2023-08-04T10:20:54","date_gmt":"2023-08-04T08:20:54","guid":{"rendered":"https:\/\/embassyofbolivia.nl\/?page_id=7627"},"modified":"2023-08-07T01:53:55","modified_gmt":"2023-08-06T23:53:55","slug":"proteccion-consular","status":"publish","type":"page","link":"https:\/\/embassyofbolivia.nl\/wp-old\/proteccion-consular\/","title":{"rendered":"Protecci\u00f3n Consular"},"content":{"rendered":"\n<figure class=\"wp-block-gallery has-nested-images columns-default is-cropped wp-block-gallery-1 is-layout-flex wp-block-gallery-is-layout-flex\">\n<figure class=\"wp-block-image size-large\"><a href=\"https:\/\/drive.google.com\/file\/d\/1R9Oc9vgDayqejBetP0tTI-_o6kqrWiQ4\/view\"><img fetchpriority=\"high\" decoding=\"async\" width=\"1024\" height=\"999\" data-id=\"7660\" src=\"https:\/\/embassyofbolivia.nl\/wp-content\/uploads\/2023\/08\/vidtratadepersonas-2-1024x999.jpg\" alt=\"\" class=\"wp-image-7660\" srcset=\"https:\/\/embassyofbolivia.nl\/wp-old\/wp-content\/uploads\/2023\/08\/vidtratadepersonas-2-1024x999.jpg 1024w, https:\/\/embassyofbolivia.nl\/wp-old\/wp-content\/uploads\/2023\/08\/vidtratadepersonas-2-300x293.jpg 300w, https:\/\/embassyofbolivia.nl\/wp-old\/wp-content\/uploads\/2023\/08\/vidtratadepersonas-2-768x749.jpg 768w, https:\/\/embassyofbolivia.nl\/wp-old\/wp-content\/uploads\/2023\/08\/vidtratadepersonas-2-1536x1498.jpg 1536w, https:\/\/embassyofbolivia.nl\/wp-old\/wp-content\/uploads\/2023\/08\/vidtratadepersonas-2.jpg 1542w\" sizes=\"(max-width: 1024px) 100vw, 1024px\" \/><\/a><\/figure>\n<\/figure>\n\n\n\n<p>El art\u00edculo 15 de la Constituci\u00f3n Pol\u00edtica del Estado Plurinacional de Bolivia, dispone que ninguna persona podr\u00e1 ser sometida a servidumbre ni esclavitud y que se proh\u00edbe la trata y tr\u00e1fico de personas. El&nbsp; Ministerio de Relaciones Exteriores constituye la entidad rectora de las relaciones internacionales del Estado Plurinacional que desarrolla la gesti\u00f3n de la pol\u00edtica exterior para la defensa de su soberan\u00eda, la diplomacia de los pueblos por la vida, en beneficio de las y los bolivianos, y asimismo dispone a trav\u00e9s de la Ley No. 465 que los C\u00f3nsules Generales, C\u00f3nsules, Vice C\u00f3nsules y Agentes Consulares tienen, entre otras funciones, prestar apoyo, asistencia y protecci\u00f3n a personas naturales bolivianas residentes en el exterior, principalmente, y de las personas jur\u00eddicas cuando corresponda. La Ley N\u00b0 263 establece en caso una v\u00edctima de Trata y Tr\u00e1fico de Personas, y delitos conexos, sea de nacionalidad boliviana y se encuentre en territorio extranjero, el Ministerio de Relaciones Exteriores, las embajadas y los consulados bajo su dependencia, propiciar\u00e1n su repatriaci\u00f3n voluntaria, caso contrario gestionara la cooperaci\u00f3n del Estado de residencia o permanencia, garantizando sus derechos humanos.<\/p>\n\n\n\n<p>La Secci\u00f3n Consular de la Embajada del Estado Plurinacional de Bolivia en Pa\u00edses Bajos, a partir del Protocolo de Repatriaci\u00f3n de Victimas de Trata y Tr\u00e1fico de Personas de Nacionalidad Boliviana en el Exterior, si usted es pariente o conoce a una persona v\u00edctima de trata y tr\u00e1fico de personas por favor enviar a los correos electr\u00f3nicos\u00a0<a href=\"mailto:seccionconsular@embassyofbolivia.nl\">seccionconsular@embassyofbolivia.nl<\/a> o <a href=\"mailto:boliviaconsularlahaya@gmail.com\">boliviaconsularlahaya@gmail.com<\/a> o pres\u00e9ntese al consulado o embajada m\u00e1s cercana a su pa\u00eds de residencia con la siguiente informaci\u00f3n:<\/p>\n\n\n\n<p>1. Carta o correo electr\u00f3nico con la siguiente informaci\u00f3n:<\/p>\n\n\n\n<ul class=\"wp-block-list\"><li>Nombre completo de la Victima de Trata y Tr\u00e1fico de Personas.<\/li><li>Direcci\u00f3n completa del incidente\u00a0y en donde actualmente se encuentra la victima (nombre de la instituci\u00f3n).<\/li><li>Nombres y tel\u00e9fonos de familiares que actualmente se encuentran en territorio de Pa\u00edses Bajos.<\/li><li>Nombres y tel\u00e9fonos de familiares en Bolivia.<\/li><li>Breve descripci\u00f3n del incidente.<\/li><\/ul>\n\n\n\n<p>2. Informaci\u00f3n\u00a0 de tel\u00e9fonos y nombres de las instituciones p\u00fablicas (Migraci\u00f3n de Pa\u00edses Bajos, Polic\u00eda, etc.) involucrados.<\/p>\n\n\n\n<p>3. Documento de identidad boliviano original o fotocopia de la v\u00edctima.<\/p>\n\n\n\n<p>La Secci\u00f3n Consular de la Embajada del Estado Plurinacional de Bolivia en Pa\u00edses Bajos, tomara inmediatamente contacto que usted y acompa\u00f1ara y realizara el seguimiento de su caso, con respaldo y apoyo del Ministerio de Justicia a trav\u00e9s del Ministerio de Relaciones Exteriores.<\/p>\n","protected":false},"excerpt":{"rendered":"<p>El art\u00edculo 15 de la Constituci\u00f3n Pol\u00edtica del Estado Plurinacional de Bolivia, dispone que ninguna persona podr\u00e1 ser sometida a servidumbre ni esclavitud y que se proh\u00edbe la trata y tr\u00e1fico de personas. El&nbsp; Ministerio de Relaciones Exteriores constituye la entidad rectora de las relaciones internacionales del Estado Plurinacional que desarrolla la gesti\u00f3n de la [&hellip;]<\/p>\n","protected":false},"author":12,"featured_media":0,"parent":0,"menu_order":0,"comment_status":"closed","ping_status":"closed","template":"","meta":{"_eb_attr":"","footnotes":""},"class_list":["post-7627","page","type-page","status-publish","hentry"],"_links":{"self":[{"href":"https:\/\/embassyofbolivia.nl\/wp-old\/wp-json\/wp\/v2\/pages\/7627","targetHints":{"allow":["GET"]}}],"collection":[{"href":"https:\/\/embassyofbolivia.nl\/wp-old\/wp-json\/wp\/v2\/pages"}],"about":[{"href":"https:\/\/embassyofbolivia.nl\/wp-old\/wp-json\/wp\/v2\/types\/page"}],"author":[{"embeddable":true,"href":"https:\/\/embassyofbolivia.nl\/wp-old\/wp-json\/wp\/v2\/users\/12"}],"replies":[{"embeddable":true,"href":"https:\/\/embassyofbolivia.nl\/wp-old\/wp-json\/wp\/v2\/comments?post=7627"}],"version-history":[{"count":5,"href":"https:\/\/embassyofbolivia.nl\/wp-old\/wp-json\/wp\/v2\/pages\/7627\/revisions"}],"predecessor-version":[{"id":7664,"href":"https:\/\/embassyofbolivia.nl\/wp-old\/wp-json\/wp\/v2\/pages\/7627\/revisions\/7664"}],"wp:attachment":[{"href":"https:\/\/embassyofbolivia.nl\/wp-old\/wp-json\/wp\/v2\/media?parent=7627"}],"curies":[{"name":"wp","href":"https:\/\/api.w.org\/{rel}","templated":true}]}}