{"id":7377,"date":"2023-04-07T21:13:05","date_gmt":"2023-04-07T19:13:05","guid":{"rendered":"https:\/\/embassyofbolivia.nl\/?page_id=7377"},"modified":"2025-08-16T01:35:29","modified_gmt":"2025-08-15T23:35:29","slug":"atencion-y-asistencia-consular","status":"publish","type":"page","link":"https:\/\/embassyofbolivia.nl\/wp-old\/atencion-y-asistencia-consular\/","title":{"rendered":"Atenci\u00f3n y Asistencia Consular"},"content":{"rendered":"\n<p><strong>Prevenci\u00f3n de trata de personas en el exterior<\/strong><\/p>\n\n\n\n<p>Informaci\u00f3n practica en Pa\u00edses Bajos para la prevenci\u00f3n y atenci\u00f3n de casos de trata y tr\u00e1fico de personas en el exterior, en el caso de ser o conocer a una persona v\u00edctima de estos delitos contactarse con la embajada o consulado m\u00e1s cercano a tu lugar de residencia, en Pa\u00edses Bajos en la Secci\u00f3n Consular de La Embajada al correo&nbsp;<a href=\"mailto:seccionconsular@embassyofbolivia.nl\">seccionconsular@embassyofbolivia.nl<\/a>;&nbsp;<a href=\"mailto:boliviaconsularlahaya@gmail.com\">boliviaconsularlahaya@gmail.com<\/a>; tel\u00e9fono 073616707 o las 24 horas a la l\u00ednea de emergencia +31 610671124.<\/p>\n\n\n\n<figure class=\"wp-block-embed aligncenter is-type-video is-provider-youtube wp-block-embed-youtube wp-embed-aspect-16-9 wp-has-aspect-ratio\"><div class=\"wp-block-embed__wrapper\">\n<iframe title=\"DIA INTERNACIONAL CONTRA LA TRATA Y TRAFICO\" width=\"500\" height=\"281\" src=\"https:\/\/www.youtube.com\/embed\/z6mQFuDZVLo?feature=oembed\" frameborder=\"0\" allow=\"accelerometer; autoplay; clipboard-write; encrypted-media; gyroscope; picture-in-picture; web-share\" referrerpolicy=\"strict-origin-when-cross-origin\" allowfullscreen><\/iframe>\n<\/div><\/figure>\n\n\n\n<p><\/p>\n\n\n\n<p><\/p>\n\n\n\n<p><strong>Prevenci\u00f3n de la Violencia en raz\u00f3n de G\u00e9nero<\/strong><\/p>\n\n\n\n<p>Informaci\u00f3n practica en Pa\u00edses Bajos para la prevenci\u00f3n y atenci\u00f3n de casos de violencia de g\u00e9nero, en el caso de ser o conocer a una persona victima de violencia contactarse con la embajada o consulado m\u00e1s cercana a tu lugar de residencia, en Pa\u00edses Bajos a la Secci\u00f3n Consular de La Embajada al correo <a href=\"mailto:seccionconsular@embassyofbolivia.nl\">seccionconsular@embassyofbolivia.nl<\/a>; <a href=\"mailto:boliviaconsularlahaya@gmail.com\">boliviaconsularlahaya@gmail.com<\/a>; tel\u00e9fono 073616707 o las 24 horas a la l\u00ednea de emergencia +31 610671124.<\/p>\n\n\n\n<div class=\"wp-block-essential-blocks-advanced-video  root-eb-advanced-video-copgc\"><div class=\"eb-parent-wrapper eb-parent-eb-advanced-video-copgc \"><div class=\"eb-advanced-video-wrapper eb-advanced-video-copgc none\" data-id=\"eb-advanced-video-copgc\"><div class=\"eb-player-wrapper eb-advanced-video-copgc\"><div class=\"eb-player-option none right\" data-id=\"eb-advanced-video-copgc\" data-url=\"https:\/\/youtu.be\/ThyCfMWPpF8?si=TWOUTudYOpvGuEXB\" data-option=\"none\" data-controls=\"false\" data-loop=\"false\" data-muted=\"false\" data-playing=\"false\" data-overlay=\"false\" data-light=\"https:\/\/embassyofbolivia.nl\/wp-content\/plugins\/essential-blocks\/assets\/images\/adv-video-placeholder.png\" data-customplayicontype=\"image\" data-customplayiconlib=\"fas fa-play-circle\" data-customplayicon=\"true\" data-playicon=\"https:\/\/embassyofbolivia.nl\/wp-content\/plugins\/essential-blocks\/assets\/images\/adv-video-playicon.svg\" data-download=\"false\"><\/div><\/div><\/div><\/div><\/div>\n\n\n\n<p><strong>RED DE ATENCI\u00d3N CONTRA LA VIOLENCIA DOM\u00c9STICA Y DE G\u00c9NERO (DGBV)<\/strong><\/p>\n\n\n\n<p><a href=\"https:\/\/embassyofbolivia.nl\/wp-content\/uploads\/2023\/04\/Flyer-ES.pdf\">Violencia Sexual de Genero (FlyerES)<\/a><\/p>\n\n\n\n<figure class=\"wp-block-image size-large is-resized\"><a href=\"https:\/\/embassyofbolivia.nl\/wp-content\/uploads\/2022\/03\/Embolned-violencia-domestica.pdf\"><img fetchpriority=\"high\" decoding=\"async\" width=\"1024\" height=\"791\" src=\"https:\/\/embassyofbolivia.nl\/wp-content\/uploads\/2022\/03\/20220308145214816_0001-1024x791.jpg\" alt=\"\" class=\"wp-image-6037\" style=\"width:512px;height:396px\" srcset=\"https:\/\/embassyofbolivia.nl\/wp-old\/wp-content\/uploads\/2022\/03\/20220308145214816_0001-1024x791.jpg 1024w, https:\/\/embassyofbolivia.nl\/wp-old\/wp-content\/uploads\/2022\/03\/20220308145214816_0001-300x232.jpg 300w, https:\/\/embassyofbolivia.nl\/wp-old\/wp-content\/uploads\/2022\/03\/20220308145214816_0001-768x593.jpg 768w, https:\/\/embassyofbolivia.nl\/wp-old\/wp-content\/uploads\/2022\/03\/20220308145214816_0001-1536x1187.jpg 1536w, https:\/\/embassyofbolivia.nl\/wp-old\/wp-content\/uploads\/2022\/03\/20220308145214816_0001-2048x1583.jpg 2048w\" sizes=\"(max-width: 1024px) 100vw, 1024px\" \/><\/a><\/figure>\n\n\n\n<ul class=\"wp-block-list\">\n<li><strong>Veilig Thuis\u202f<\/strong>(&#8220;Seguro en casa&#8221;, que, como se indica, no es un refugio).&nbsp;&nbsp;<\/li>\n<\/ul>\n\n\n\n<p>Obtener asesoramiento y apoyo en caso de Violencia Dom\u00e9stica y de G\u00e9nero,&nbsp;&nbsp;<\/p>\n\n\n\n<p>Primer Punto de Contacto para obtener asesoramiento y apoyo, en caso de una amenaza inminente, siempre debe comunicarse con la polic\u00eda.&nbsp;<\/p>\n\n\n\n<p><a href=\"https:\/\/veiligthuis.nl\/veilig-thuis-is-there-for-everyone\/\">Sitio web de consulta &nbsp;<\/a>&nbsp;<\/p>\n\n\n\n<ul class=\"wp-block-list\">\n<li>\u200b<strong>Dokters van de Wereld\u202f(&#8220;M\u00e9dicos del Mundo&#8221;)<\/strong>.&nbsp;&nbsp;<\/li>\n<\/ul>\n\n\n\n<p><a href=\"http:\/\/shorturl.at\/hLNS8\">Sitio web de consulta <\/a><\/p>\n\n\n\n<p><a href=\"https:\/\/embassyofbolivia.nl\/wp-content\/uploads\/2023\/04\/SAMENFlyerNL.pdf\">Juntos contra la violencia en Pa\u00edses Bajos <\/a>( Samen Flyer &#8211; OIM)<\/p>\n\n\n\n<ul class=\"wp-block-list\">\n<li><strong>Servicio de Inmigraci\u00f3n y Naturalizaci\u00f3n (IND).<\/strong> Para casos de DGBV, existen personas de contacto de g\u00e9nero espec\u00edficas dentro de la IND, divididas por regi\u00f3n. Dependiendo de la ubicaci\u00f3n donde resida la persona de inter\u00e9s, se puede contactar a un equipo diferente. Si por accidente se contacta al equipo incorrecto, la IND puede reenviar la pregunta internamente. Aqu\u00ed est\u00e1n los detalles de contacto de la IND. Tenga en cuenta que estos son\u202f<em>exclusivamente para socios institucionales<\/em>, no para aquellos que soliciten un permiso de residencia ellos mismos. En caso de cualquier duda, puede compartir los detalles de contacto de la persona de inter\u00e9s con la IND, y ellos se comunicar\u00e1n directamente con la persona.&nbsp;<\/li>\n<\/ul>\n\n\n\n<ul class=\"wp-block-list\">\n<li>Suroeste (La Haya): Holanda Meridional y Zelanda -\u202f<a href=\"mailto:Gender.Zuidwest@ind.nl\" target=\"_blank\" rel=\"noreferrer noopener\">Gender.Zuidwest@ind.nl<\/a>&nbsp;<\/li>\n\n\n\n<li>Noroeste (La Haya): Holanda Septentrional (\u00c1msterdam) -\u202f<a href=\"mailto:Gender.Noordwest@ind.nl\" target=\"_blank\" rel=\"noreferrer noopener\">Gender.Noordwest@ind.nl<\/a>&nbsp;<\/li>\n\n\n\n<li>Noreste (Zwolle): Frisia, Groningen, Drenthe, Overijssel, Flevoland, Utrecht y G\u00fceldres -\u202f<a href=\"mailto:Gender.Zwolle@ind.nl\" target=\"_blank\" rel=\"noreferrer noopener\">Gender.Zwolle@ind.nl<\/a>&nbsp;<\/li>\n\n\n\n<li>Sureste (Den Bosch): Brabante Septentrional y Limburgo -\u202f<a href=\"mailto:Gender.DenBosch@ind.nl\" target=\"_blank\" rel=\"noreferrer noopener\">Gender.DenBosch@ind.nl<\/a>&nbsp;<\/li>\n<\/ul>\n\n\n\n<p><a href=\"https:\/\/embassyofbolivia.nl\/wp-content\/uploads\/2023\/04\/Presentation-Blijf-groep-2.pdf\">Support and shelter &#8211; domestic violence.<\/a><\/p>\n\n\n\n<p><\/p>\n","protected":false},"excerpt":{"rendered":"<p>Prevenci\u00f3n de trata de personas en el exterior Informaci\u00f3n practica en Pa\u00edses Bajos para la prevenci\u00f3n y atenci\u00f3n de casos de trata y tr\u00e1fico de personas en el exterior, en el caso de ser o conocer a una persona v\u00edctima de estos delitos contactarse con la embajada o consulado m\u00e1s cercano a tu lugar de [&hellip;]<\/p>\n","protected":false},"author":12,"featured_media":6037,"parent":0,"menu_order":0,"comment_status":"closed","ping_status":"closed","template":"","meta":{"_eb_attr":"","footnotes":""},"class_list":["post-7377","page","type-page","status-publish","has-post-thumbnail","hentry"],"_links":{"self":[{"href":"https:\/\/embassyofbolivia.nl\/wp-old\/wp-json\/wp\/v2\/pages\/7377","targetHints":{"allow":["GET"]}}],"collection":[{"href":"https:\/\/embassyofbolivia.nl\/wp-old\/wp-json\/wp\/v2\/pages"}],"about":[{"href":"https:\/\/embassyofbolivia.nl\/wp-old\/wp-json\/wp\/v2\/types\/page"}],"author":[{"embeddable":true,"href":"https:\/\/embassyofbolivia.nl\/wp-old\/wp-json\/wp\/v2\/users\/12"}],"replies":[{"embeddable":true,"href":"https:\/\/embassyofbolivia.nl\/wp-old\/wp-json\/wp\/v2\/comments?post=7377"}],"version-history":[{"count":5,"href":"https:\/\/embassyofbolivia.nl\/wp-old\/wp-json\/wp\/v2\/pages\/7377\/revisions"}],"predecessor-version":[{"id":8415,"href":"https:\/\/embassyofbolivia.nl\/wp-old\/wp-json\/wp\/v2\/pages\/7377\/revisions\/8415"}],"wp:featuredmedia":[{"embeddable":true,"href":"https:\/\/embassyofbolivia.nl\/wp-old\/wp-json\/wp\/v2\/media\/6037"}],"wp:attachment":[{"href":"https:\/\/embassyofbolivia.nl\/wp-old\/wp-json\/wp\/v2\/media?parent=7377"}],"curies":[{"name":"wp","href":"https:\/\/api.w.org\/{rel}","templated":true}]}}