{"id":7227,"date":"2023-02-10T01:27:21","date_gmt":"2023-02-10T00:27:21","guid":{"rendered":"https:\/\/embassyofbolivia.nl\/?page_id=7227"},"modified":"2023-02-10T02:55:39","modified_gmt":"2023-02-10T01:55:39","slug":"transparencia","status":"publish","type":"page","link":"https:\/\/embassyofbolivia.nl\/wp-old\/informacion-general\/transparencia\/","title":{"rendered":"Transparencia"},"content":{"rendered":"\t\t<div data-elementor-type=\"wp-page\" data-elementor-id=\"7227\" class=\"elementor elementor-7227\" data-elementor-post-type=\"page\">\n\t\t\t\t\t\t<section class=\"has_eae_slider elementor-section elementor-top-section elementor-element elementor-element-22b8db70 elementor-section-boxed elementor-section-height-default elementor-section-height-default\" data-eae-slider=\"7390\" data-id=\"22b8db70\" data-element_type=\"section\">\n\t\t\t\t\t\t<div class=\"elementor-container elementor-column-gap-default\">\n\t\t\t\t\t<div class=\"has_eae_slider elementor-column elementor-col-100 elementor-top-column elementor-element elementor-element-69e6fa9\" data-eae-slider=\"40382\" data-id=\"69e6fa9\" data-element_type=\"column\">\n\t\t\t<div class=\"elementor-widget-wrap elementor-element-populated\">\n\t\t\t\t\t\t<div class=\"elementor-element elementor-element-18fbad97 elementor-widget elementor-widget-text-editor\" data-id=\"18fbad97\" data-element_type=\"widget\" data-widget_type=\"text-editor.default\">\n\t\t\t\t<div class=\"elementor-widget-container\">\n\t\t\t\t\t\t\t<p><!-- wp:gallery {\"linkTo\":\"none\"} --><\/p>\n<figure class=\"wp-block-gallery has-nested-images columns-default is-cropped\">\n<h2>RENDICI\u00d3N P\u00daBLICA DE CUENTASINFORME FINAL 2022<\/h2>\n<\/figure>\n<figure class=\"wp-block-gallery has-nested-images columns-default is-cropped\">\n<p>\u00a0<\/p>\n<figure class=\"wp-block-image size-medium\"><img decoding=\"async\" width=\"300\" height=\"163\" class=\"wp-image-7239\" src=\"https:\/\/embassyofbolivia.nl\/wp-content\/uploads\/2023\/02\/transparenciaicon-1-300x163.jpg\" alt=\"\" srcset=\"https:\/\/embassyofbolivia.nl\/wp-old\/wp-content\/uploads\/2023\/02\/transparenciaicon-1-300x163.jpg 300w, https:\/\/embassyofbolivia.nl\/wp-old\/wp-content\/uploads\/2023\/02\/transparenciaicon-1.jpg 500w\" sizes=\"(max-width: 300px) 100vw, 300px\" \/><\/figure>\n<\/figure>\n<p><!-- \/wp:gallery --><\/p>\n<p><!-- wp:paragraph --><\/p>\n<p>La Embajada del Estado Plurinacional de Bolivia en Pa\u00edses Bajos en el marco de las l\u00edneas<br \/>estrat\u00e9gicas definidas en el Programa Anual de Operaciones del Ministerio de Relaciones<br \/>Exteriores, realiz\u00f3 las actividades y logr\u00f3 los resultados que se detallan a continuaci\u00f3n,<br \/>enmarcadas en:<\/p>\n<p><!-- \/wp:paragraph --><\/p>\n<p><!-- wp:list --><\/p>\n<ul>\n<li>Representaci\u00f3n permanente del Estado Plurinacional de Bolivia ante los Organismos<br \/>Internacionales con sede en La Haya.<\/li>\n<li>Embajada del Estado Plurinacional de Bolivia ante el Reino de los Pa\u00edses Bajos.<\/li>\n<\/ul>\n<p><!-- \/wp:list --><\/p>\n<p><!-- wp:paragraph --><\/p>\n<p><a href=\"https:\/\/embassyofbolivia.nl\/wp-content\/uploads\/2023\/02\/INFORME-PAISES-BAJOS-REV-2pm.pdf\">Descargue del documento original.<\/a><\/p>\n<p>\u00a0<\/p>\n<p><!-- \/wp:paragraph --><\/p>\n<div>\u00a0<\/div>\n<div>\u00a0<\/div>\t\t\t\t\t\t<\/div>\n\t\t\t\t<\/div>\n\t\t\t\t\t<\/div>\n\t\t<\/div>\n\t\t\t\t\t<\/div>\n\t\t<\/section>\n\t\t\t\t<section class=\"has_eae_slider elementor-section elementor-top-section elementor-element elementor-element-89da5d4 elementor-section-boxed elementor-section-height-default elementor-section-height-default\" data-eae-slider=\"52572\" data-id=\"89da5d4\" data-element_type=\"section\">\n\t\t\t\t\t\t<div class=\"elementor-container elementor-column-gap-default\">\n\t\t\t\t\t<div class=\"has_eae_slider elementor-column elementor-col-100 elementor-top-column elementor-element elementor-element-7a1bf4d\" data-eae-slider=\"9394\" data-id=\"7a1bf4d\" data-element_type=\"column\">\n\t\t\t<div class=\"elementor-widget-wrap elementor-element-populated\">\n\t\t\t\t\t\t<div class=\"elementor-element elementor-element-37199f6 elementor-widget elementor-widget-image\" data-id=\"37199f6\" data-element_type=\"widget\" data-widget_type=\"image.default\">\n\t\t\t\t<div class=\"elementor-widget-container\">\n\t\t\t\t\t\t\t\t\t\t\t\t\t<img fetchpriority=\"high\" decoding=\"async\" width=\"940\" height=\"788\" src=\"https:\/\/embassyofbolivia.nl\/wp-old\/wp-content\/uploads\/2023\/02\/iNVITACION-Rendicion-de-Cuentas.png\" class=\"attachment-large size-large wp-image-7253\" alt=\"\" srcset=\"https:\/\/embassyofbolivia.nl\/wp-old\/wp-content\/uploads\/2023\/02\/iNVITACION-Rendicion-de-Cuentas.png 940w, https:\/\/embassyofbolivia.nl\/wp-old\/wp-content\/uploads\/2023\/02\/iNVITACION-Rendicion-de-Cuentas-300x251.png 300w, https:\/\/embassyofbolivia.nl\/wp-old\/wp-content\/uploads\/2023\/02\/iNVITACION-Rendicion-de-Cuentas-768x644.png 768w\" sizes=\"(max-width: 940px) 100vw, 940px\" \/>\t\t\t\t\t\t\t\t\t\t\t\t\t<\/div>\n\t\t\t\t<\/div>\n\t\t\t\t\t<\/div>\n\t\t<\/div>\n\t\t\t\t\t<\/div>\n\t\t<\/section>\n\t\t\t\t<\/div>\n\t\t","protected":false},"excerpt":{"rendered":"<p>La Embajada del Estado Plurinacional de Bolivia en Pa\u00edses Bajos en el marco de las l\u00edneasestrat\u00e9gicas definidas en el Programa Anual de Operaciones del Ministerio de RelacionesExteriores, realiz\u00f3 las actividades y logr\u00f3 los resultados que se detallan a continuaci\u00f3n,enmarcadas en: Representaci\u00f3n permanente del Estado Plurinacional de Bolivia ante los OrganismosInternacionales con sede en La Haya. [&hellip;]<\/p>\n","protected":false},"author":12,"featured_media":0,"parent":4413,"menu_order":6,"comment_status":"closed","ping_status":"closed","template":"","meta":{"_eb_attr":"","footnotes":""},"class_list":["post-7227","page","type-page","status-publish","hentry"],"_links":{"self":[{"href":"https:\/\/embassyofbolivia.nl\/wp-old\/wp-json\/wp\/v2\/pages\/7227","targetHints":{"allow":["GET"]}}],"collection":[{"href":"https:\/\/embassyofbolivia.nl\/wp-old\/wp-json\/wp\/v2\/pages"}],"about":[{"href":"https:\/\/embassyofbolivia.nl\/wp-old\/wp-json\/wp\/v2\/types\/page"}],"author":[{"embeddable":true,"href":"https:\/\/embassyofbolivia.nl\/wp-old\/wp-json\/wp\/v2\/users\/12"}],"replies":[{"embeddable":true,"href":"https:\/\/embassyofbolivia.nl\/wp-old\/wp-json\/wp\/v2\/comments?post=7227"}],"version-history":[{"count":5,"href":"https:\/\/embassyofbolivia.nl\/wp-old\/wp-json\/wp\/v2\/pages\/7227\/revisions"}],"predecessor-version":[{"id":7269,"href":"https:\/\/embassyofbolivia.nl\/wp-old\/wp-json\/wp\/v2\/pages\/7227\/revisions\/7269"}],"up":[{"embeddable":true,"href":"https:\/\/embassyofbolivia.nl\/wp-old\/wp-json\/wp\/v2\/pages\/4413"}],"wp:attachment":[{"href":"https:\/\/embassyofbolivia.nl\/wp-old\/wp-json\/wp\/v2\/media?parent=7227"}],"curies":[{"name":"wp","href":"https:\/\/api.w.org\/{rel}","templated":true}]}}