{"id":6483,"date":"2022-07-25T17:46:29","date_gmt":"2022-07-25T15:46:29","guid":{"rendered":"https:\/\/embassyofbolivia.nl\/?page_id=6483"},"modified":"2024-03-20T22:21:25","modified_gmt":"2024-03-20T21:21:25","slug":"promocion-comercial","status":"publish","type":"page","link":"https:\/\/embassyofbolivia.nl\/wp-old\/promocion-comercial\/","title":{"rendered":"Promoci\u00f3n comercial"},"content":{"rendered":"\t\t<div data-elementor-type=\"wp-page\" data-elementor-id=\"6483\" class=\"elementor elementor-6483\" data-elementor-post-type=\"page\">\n\t\t\t\t\t\t<section class=\"has_eae_slider elementor-section elementor-top-section elementor-element elementor-element-8498d0c elementor-section-boxed elementor-section-height-default elementor-section-height-default\" data-eae-slider=\"87646\" data-id=\"8498d0c\" data-element_type=\"section\">\n\t\t\t\t\t\t<div class=\"elementor-container elementor-column-gap-default\">\n\t\t\t\t\t<div class=\"has_eae_slider elementor-column elementor-col-100 elementor-top-column elementor-element elementor-element-8047307\" data-eae-slider=\"27645\" data-id=\"8047307\" data-element_type=\"column\">\n\t\t\t<div class=\"elementor-widget-wrap\">\n\t\t\t\t\t\t\t<\/div>\n\t\t<\/div>\n\t\t\t\t\t<\/div>\n\t\t<\/section>\n\t\t\t\t<section class=\"has_eae_slider elementor-section elementor-top-section elementor-element elementor-element-959775a elementor-section-boxed elementor-section-height-default elementor-section-height-default\" data-eae-slider=\"45782\" data-id=\"959775a\" data-element_type=\"section\">\n\t\t\t\t\t\t<div class=\"elementor-container elementor-column-gap-default\">\n\t\t\t\t\t<div class=\"has_eae_slider elementor-column elementor-col-66 elementor-top-column elementor-element elementor-element-43bf9a8\" data-eae-slider=\"15502\" data-id=\"43bf9a8\" data-element_type=\"column\">\n\t\t\t<div class=\"elementor-widget-wrap elementor-element-populated\">\n\t\t\t\t\t\t<div class=\"elementor-element elementor-element-3ffde1a elementor-widget elementor-widget-video\" data-id=\"3ffde1a\" data-element_type=\"widget\" data-settings=\"{&quot;video_type&quot;:&quot;hosted&quot;,&quot;controls&quot;:&quot;yes&quot;}\" data-widget_type=\"video.default\">\n\t\t\t\t<div class=\"elementor-widget-container\">\n\t\t\t\t\t<div class=\"e-hosted-video elementor-wrapper elementor-open-inline\">\n\t\t\t\t\t<video class=\"elementor-video\" src=\"https:\/\/embassyofbolivia.nl\/wp-content\/uploads\/2022\/09\/Comercio.mp4\" controls=\"\" preload=\"metadata\" controlsList=\"nodownload\"><\/video>\n\t\t\t\t<\/div>\n\t\t\t\t<\/div>\n\t\t\t\t<\/div>\n\t\t\t\t<div class=\"elementor-element elementor-element-f6f933f elementor-widget elementor-widget-text-editor\" data-id=\"f6f933f\" data-element_type=\"widget\" data-widget_type=\"text-editor.default\">\n\t\t\t\t<div class=\"elementor-widget-container\">\n\t\t\t\t\t\t\t<p class=\"p1\">La <strong>Empresa Boliviana de Alimentos y Derivados \u2013 EBA<\/strong>, fundada el 2009 como Empresa Estatal del Estado Plurinacional de Bolivia con sede en Bolivia, es una de las mayores empresas exportadoras en Bolivia, exportan a mercados de Europa, Norteam\u00e9rica, Ocean\u00eda, Asia y Asia Oriental.<\/p><p class=\"p1\">EBA cuenta con productos provenientes de diferentes regiones de Bolivia, trabajan directamente con comunidades, agricultores y familias de la regi\u00f3n amaz\u00f3nica boliviana.<\/p><p class=\"p1\">EBA ha creado un v\u00ednculo fuerte entre productores y compradores sobre una base de confianza, la empresa realiza constante retroalimentaci\u00f3n a los productores.<\/p><p class=\"p1\">La empresa ofrece a todos sus clientes Materia Prima de alta calidad que se encuentra de acuerdo a las exigencias de exportaci\u00f3n para nueces de la Amazonia (nueces de Brasil), frutas liofilizadas, estevia, galletas (con quinua y nueces de la Amazonia), la producci\u00f3n se hace bajo est\u00e1ndares internacionales de seguridad alimentaria. Adem\u00e1s, se realiza el control de calidad bajo muestreo de lotes, l\u00edmites de control, manteniendo una revisi\u00f3n de instalaciones y continuo control de nuestros proveedores.<\/p><p class=\"p1\">En esta oportunidad ofrece al mercado holand\u00e9s Casta\u00f1a, Quinua, Banana en Polvo liofilizada, Banana en Trozos liofilizada en polvo, Galletas de quinua y almendras con chispas de chocolate, leche fluida y Estevia. Para obtener las fichas t\u00e9cnicas, consultar en <a href=\"https:\/\/embassyofbolivia.nl\/documentos-de-interes\/\">Documentos de inter\u00e9s<\/a> o solicitar al correo <a href=\"mailto:embolned@gmail.com\"><span class=\"s1\">embolned@gmail.com<\/span><\/a>.<\/p><p class=\"p1\">Para mayor informaci\u00f3n contactarse al correo electr\u00f3nico:\u00a0<a href=\"mailto:export@eba.com.bo\"><span class=\"s1\">export@eba.com.bo<\/span><\/a><\/p><div>\u00a0<\/div><div>\u00a0<\/div>\t\t\t\t\t\t<\/div>\n\t\t\t\t<\/div>\n\t\t\t\t\t<\/div>\n\t\t<\/div>\n\t\t\t\t<div class=\"has_eae_slider elementor-column elementor-col-33 elementor-top-column elementor-element elementor-element-fefd984\" data-eae-slider=\"90525\" data-id=\"fefd984\" data-element_type=\"column\">\n\t\t\t<div class=\"elementor-widget-wrap\">\n\t\t\t\t\t\t\t<\/div>\n\t\t<\/div>\n\t\t\t\t\t<\/div>\n\t\t<\/section>\n\t\t\t\t<section class=\"has_eae_slider elementor-section elementor-top-section elementor-element elementor-element-6c71c38 elementor-section-boxed elementor-section-height-default elementor-section-height-default\" data-eae-slider=\"9152\" data-id=\"6c71c38\" data-element_type=\"section\">\n\t\t\t\t\t\t<div class=\"elementor-container elementor-column-gap-default\">\n\t\t\t\t\t<div class=\"has_eae_slider elementor-column elementor-col-100 elementor-top-column elementor-element elementor-element-abe2ed8\" data-eae-slider=\"31444\" data-id=\"abe2ed8\" data-element_type=\"column\">\n\t\t\t<div class=\"elementor-widget-wrap elementor-element-populated\">\n\t\t\t\t\t\t<div class=\"elementor-element elementor-element-6504bf7 elementor-widget__width-initial elementor-widget elementor-widget-heading\" data-id=\"6504bf7\" data-element_type=\"widget\" data-widget_type=\"heading.default\">\n\t\t\t\t<div class=\"elementor-widget-container\">\n\t\t\t<h2 class=\"elementor-heading-title elementor-size-default\">Oferta exportable 2024 -2025<\/h2>\t\t<\/div>\n\t\t\t\t<\/div>\n\t\t\t\t\t<\/div>\n\t\t<\/div>\n\t\t\t\t\t<\/div>\n\t\t<\/section>\n\t\t\t\t<section class=\"has_eae_slider elementor-section elementor-top-section elementor-element elementor-element-b224072 elementor-section-boxed elementor-section-height-default elementor-section-height-default\" data-eae-slider=\"3108\" data-id=\"b224072\" data-element_type=\"section\">\n\t\t\t\t\t\t<div class=\"elementor-container elementor-column-gap-default\">\n\t\t\t\t\t<div class=\"has_eae_slider elementor-column elementor-col-100 elementor-top-column elementor-element elementor-element-6ce2b1f\" data-eae-slider=\"56049\" data-id=\"6ce2b1f\" data-element_type=\"column\">\n\t\t\t<div class=\"elementor-widget-wrap elementor-element-populated\">\n\t\t\t\t\t\t<div class=\"elementor-element elementor-element-4c2aa50 elementor-widget__width-initial elementor-widget elementor-widget-image\" data-id=\"4c2aa50\" data-element_type=\"widget\" data-widget_type=\"image.default\">\n\t\t\t\t<div class=\"elementor-widget-container\">\n\t\t\t\t\t\t\t\t\t\t\t\t\t\t<a href=\"https:\/\/embassyofbolivia.nl\/wp-content\/uploads\/2024\/03\/OFERTAEXPORTABLE2024-2025.pdf\" target=\"_blank\">\n\t\t\t\t\t\t\t<img fetchpriority=\"high\" decoding=\"async\" width=\"768\" height=\"1155\" src=\"https:\/\/embassyofbolivia.nl\/wp-old\/wp-content\/uploads\/2024\/03\/ofertaexportable2024-768x1155.png\" class=\"attachment-medium_large size-medium_large wp-image-7973\" alt=\"\" srcset=\"https:\/\/embassyofbolivia.nl\/wp-old\/wp-content\/uploads\/2024\/03\/ofertaexportable2024-768x1155.png 768w, https:\/\/embassyofbolivia.nl\/wp-old\/wp-content\/uploads\/2024\/03\/ofertaexportable2024-200x300.png 200w, https:\/\/embassyofbolivia.nl\/wp-old\/wp-content\/uploads\/2024\/03\/ofertaexportable2024-681x1024.png 681w, https:\/\/embassyofbolivia.nl\/wp-old\/wp-content\/uploads\/2024\/03\/ofertaexportable2024.png 862w\" sizes=\"(max-width: 768px) 100vw, 768px\" \/>\t\t\t\t\t\t\t\t<\/a>\n\t\t\t\t\t\t\t\t\t\t\t\t\t<\/div>\n\t\t\t\t<\/div>\n\t\t\t\t\t<\/div>\n\t\t<\/div>\n\t\t\t\t\t<\/div>\n\t\t<\/section>\n\t\t\t\t<\/div>\n\t\t","protected":false},"excerpt":{"rendered":"<p>https:\/\/embassyofbolivia.nl\/wp-content\/uploads\/2022\/09\/Comercio.mp4 La Empresa Boliviana de Alimentos y Derivados \u2013 EBA, fundada el 2009 como Empresa Estatal del Estado Plurinacional de Bolivia con sede en Bolivia, es una de las mayores empresas exportadoras en Bolivia, exportan a mercados de Europa, Norteam\u00e9rica, Ocean\u00eda, Asia y Asia Oriental. EBA cuenta con productos provenientes de diferentes regiones de Bolivia, [&hellip;]<\/p>\n","protected":false},"author":12,"featured_media":0,"parent":0,"menu_order":0,"comment_status":"closed","ping_status":"closed","template":"","meta":{"_eb_attr":"","footnotes":""},"class_list":["post-6483","page","type-page","status-publish","hentry"],"_links":{"self":[{"href":"https:\/\/embassyofbolivia.nl\/wp-old\/wp-json\/wp\/v2\/pages\/6483","targetHints":{"allow":["GET"]}}],"collection":[{"href":"https:\/\/embassyofbolivia.nl\/wp-old\/wp-json\/wp\/v2\/pages"}],"about":[{"href":"https:\/\/embassyofbolivia.nl\/wp-old\/wp-json\/wp\/v2\/types\/page"}],"author":[{"embeddable":true,"href":"https:\/\/embassyofbolivia.nl\/wp-old\/wp-json\/wp\/v2\/users\/12"}],"replies":[{"embeddable":true,"href":"https:\/\/embassyofbolivia.nl\/wp-old\/wp-json\/wp\/v2\/comments?post=6483"}],"version-history":[{"count":5,"href":"https:\/\/embassyofbolivia.nl\/wp-old\/wp-json\/wp\/v2\/pages\/6483\/revisions"}],"predecessor-version":[{"id":7981,"href":"https:\/\/embassyofbolivia.nl\/wp-old\/wp-json\/wp\/v2\/pages\/6483\/revisions\/7981"}],"wp:attachment":[{"href":"https:\/\/embassyofbolivia.nl\/wp-old\/wp-json\/wp\/v2\/media?parent=6483"}],"curies":[{"name":"wp","href":"https:\/\/api.w.org\/{rel}","templated":true}]}}