{"id":5957,"date":"2022-02-25T14:44:58","date_gmt":"2022-02-25T13:44:58","guid":{"rendered":"https:\/\/embassyofbolivia.nl\/?page_id=5957"},"modified":"2024-02-22T17:44:13","modified_gmt":"2024-02-22T16:44:13","slug":"relaciones-multilaterales","status":"publish","type":"page","link":"https:\/\/embassyofbolivia.nl\/wp-old\/relaciones-multilaterales\/","title":{"rendered":"Relaciones multilaterales"},"content":{"rendered":"\t\t<div data-elementor-type=\"wp-page\" data-elementor-id=\"5957\" class=\"elementor elementor-5957\" data-elementor-post-type=\"page\">\n\t\t\t\t\t\t<section class=\"has_eae_slider elementor-section elementor-top-section elementor-element elementor-element-ad48ac1 elementor-section-boxed elementor-section-height-default elementor-section-height-default\" data-eae-slider=\"85805\" data-id=\"ad48ac1\" data-element_type=\"section\">\n\t\t\t\t\t\t<div class=\"elementor-container elementor-column-gap-default\">\n\t\t\t\t\t<div class=\"has_eae_slider elementor-column elementor-col-66 elementor-top-column elementor-element elementor-element-13e4fd0\" data-eae-slider=\"54752\" data-id=\"13e4fd0\" data-element_type=\"column\">\n\t\t\t<div class=\"elementor-widget-wrap elementor-element-populated\">\n\t\t\t\t\t\t<div class=\"elementor-element elementor-element-24ae4e2 elementor-toc--minimized-on-tablet elementor-widget elementor-widget-table-of-contents\" data-id=\"24ae4e2\" data-element_type=\"widget\" data-settings=\"{&quot;headings_by_tags&quot;:[&quot;h4&quot;],&quot;exclude_headings_by_selector&quot;:[],&quot;marker_view&quot;:&quot;bullets&quot;,&quot;icon&quot;:{&quot;value&quot;:&quot;&quot;,&quot;library&quot;:&quot;&quot;},&quot;no_headings_message&quot;:&quot;No se ha encontrado ning\\u00fan encabezado en esta p\\u00e1gina.&quot;,&quot;minimize_box&quot;:&quot;yes&quot;,&quot;minimized_on&quot;:&quot;tablet&quot;,&quot;hierarchical_view&quot;:&quot;yes&quot;,&quot;min_height&quot;:{&quot;unit&quot;:&quot;px&quot;,&quot;size&quot;:&quot;&quot;,&quot;sizes&quot;:[]},&quot;min_height_tablet&quot;:{&quot;unit&quot;:&quot;px&quot;,&quot;size&quot;:&quot;&quot;,&quot;sizes&quot;:[]},&quot;min_height_mobile&quot;:{&quot;unit&quot;:&quot;px&quot;,&quot;size&quot;:&quot;&quot;,&quot;sizes&quot;:[]}}\" data-widget_type=\"table-of-contents.default\">\n\t\t\t\t<div class=\"elementor-widget-container\">\n\t\t\t\t\t<div class=\"elementor-toc__header\">\n\t\t\t<h4 class=\"elementor-toc__header-title\">\n\t\t\t\tContenido\t\t\t<\/h4>\n\t\t\t\t\t\t\t<div class=\"elementor-toc__toggle-button elementor-toc__toggle-button--expand\" role=\"button\" tabindex=\"0\" aria-controls=\"elementor-toc__24ae4e2\" aria-expanded=\"true\" aria-label=\"Abrir la tabla de contenidos\"><i aria-hidden=\"true\" class=\"fas fa-chevron-down\"><\/i><\/div>\n\t\t\t\t<div class=\"elementor-toc__toggle-button elementor-toc__toggle-button--collapse\" role=\"button\" tabindex=\"0\" aria-controls=\"elementor-toc__24ae4e2\" aria-expanded=\"true\" aria-label=\"Cerrar la tabla de contenidos\"><i aria-hidden=\"true\" class=\"fas fa-chevron-up\"><\/i><\/div>\n\t\t\t\t\t<\/div>\n\t\t<div id=\"elementor-toc__24ae4e2\" class=\"elementor-toc__body\">\n\t\t\t<div class=\"elementor-toc__spinner-container\">\n\t\t\t\t<i class=\"elementor-toc__spinner eicon-animation-spin eicon-loading\" aria-hidden=\"true\"><\/i>\t\t\t<\/div>\n\t\t<\/div>\n\t\t\t\t<\/div>\n\t\t\t\t<\/div>\n\t\t\t\t<div class=\"elementor-element elementor-element-e32db56 elementor-widget elementor-widget-spacer\" data-id=\"e32db56\" data-element_type=\"widget\" data-widget_type=\"spacer.default\">\n\t\t\t\t<div class=\"elementor-widget-container\">\n\t\t\t\t\t<div class=\"elementor-spacer\">\n\t\t\t<div class=\"elementor-spacer-inner\"><\/div>\n\t\t<\/div>\n\t\t\t\t<\/div>\n\t\t\t\t<\/div>\n\t\t\t\t\t<\/div>\n\t\t<\/div>\n\t\t\t\t<div class=\"has_eae_slider elementor-column elementor-col-33 elementor-top-column elementor-element elementor-element-3d18330\" data-eae-slider=\"2092\" data-id=\"3d18330\" data-element_type=\"column\">\n\t\t\t<div class=\"elementor-widget-wrap\">\n\t\t\t\t\t\t\t<\/div>\n\t\t<\/div>\n\t\t\t\t\t<\/div>\n\t\t<\/section>\n\t\t\t\t<section class=\"has_eae_slider elementor-section elementor-top-section elementor-element elementor-element-393792a elementor-section-boxed elementor-section-height-default elementor-section-height-default\" data-eae-slider=\"87091\" data-id=\"393792a\" data-element_type=\"section\">\n\t\t\t\t\t\t<div class=\"elementor-container elementor-column-gap-default\">\n\t\t\t\t\t<div class=\"has_eae_slider elementor-column elementor-col-66 elementor-top-column elementor-element elementor-element-b32e3e9\" data-eae-slider=\"59530\" data-id=\"b32e3e9\" data-element_type=\"column\">\n\t\t\t<div class=\"elementor-widget-wrap elementor-element-populated\">\n\t\t\t\t\t\t<div class=\"elementor-element elementor-element-3928913 elementor-widget elementor-widget-text-editor\" data-id=\"3928913\" data-element_type=\"widget\" data-widget_type=\"text-editor.default\">\n\t\t\t\t<div class=\"elementor-widget-container\">\n\t\t\t\t\t\t\t<h3>REPRESENTACI\u00d3N PERMANENTE DEL ESTADO PLURINACIONAL DE BOLIVIA ANTE ORGANISMOS INTERNACIONALES CON SEDE EN LA HAYA<\/h3><div>\u00a0<\/div><h4><b>Corte Penal Internacional<\/b><\/h4><p>La Embajada participa permanentemente en las reuniones de coordinaci\u00f3n del Grupo de Trabajo de La Haya de la Asamblea de Estados parte del Estatuto de Roma de la Corte Penal Internacional (CPI).<\/p><p>Durante el a\u00f1o 2021, Bolivia particip\u00f3 activamente en el proceso de elecci\u00f3n del Fiscal Sr. Karim Khan (Reino Unido de Gran Breta\u00f1a e Irlanda del Norte), en coordinaci\u00f3n con Canciller\u00eda y nuestra Misi\u00f3n Permanente ante Naciones Unidas en Nueva York. La Sra. Silvia Fern\u00e1ndez de Gurmendi (Argentina) asumi\u00f3 sus funciones como Presidenta de la Asamblea a partir del 13 de febrero de 2021\u00a0 hasta el periodo de conclusi\u00f3n de la Asamblea de los Estados parte \u00a0en diciembre 2023.<\/p><p>La Representaci\u00f3n de Bolivia participa en las facilitaciones de los temas de complementariedad, cooperaci\u00f3n, gobernanza, presupuesto, entre otras \u00e1reas vitales para el desenvolvimiento del trabajo de la Corte en su totalidad, as\u00ed como, contin\u00faa participando en el proceso del Mecanismo de Revisi\u00f3n, que tiene el fin de planificar, coordinar, y dar seguimiento a las recomendaciones incluidas en el Informe del Grupo de Expertos Independientes. El Mecanismo de Revisi\u00f3n ha realizado la categorizaci\u00f3n de las recomendaciones; elabor\u00f3 un Plan de Acci\u00f3n trabajando de forma transparente e inclusiva, y contin\u00faa sirviendo de plataforma para dar seguimiento a las recomendaciones para el fortalecimiento de la CPI.<\/p><p>Durante esta gesti\u00f3n, se ha trabajado y participado en las coordinaciones del Grupo de Trabajo de La Haya con miras a la realizaci\u00f3n del vig\u00e9simo periodo de sesiones de la Asamblea de los Estados parte (ASP20) del Estatuto de Roma de la Corte Penal Internacional (CPI), que se realiz\u00f3 en La Haya, del 6 al 11 de diciembre de 2021.<\/p><p>Dentro de las votaciones que se \u00a0llevaron a cabo en esa sesi\u00f3n, se eligieron a dos fiscales adjuntos que acompa\u00f1ar\u00e1n la labor del actual Fiscal, Sr. Karim A. A. Khan (Reino Unido), y se eligi\u00f3 \u00a0la composici\u00f3n del Comit\u00e9 Asesor de Nominaciones y de la Junta Directiva del Fondo Fiduciario para las V\u00edctimas.<\/p><h5><b>Candidatura Comit\u00e9 Asesor para las candidaturas de los magistrados (CPI)<\/b><\/h5><p>La Mesa de la Asamblea de Estados parte de la CPI decidi\u00f3 establecer el periodo de presentaci\u00f3n de candidaturas para los miembros del Comit\u00e9 Asesor para las candidaturas de los magistrados en junio 2021. Los miembros del Comit\u00e9 son designados para un periodo de tres a\u00f1os, con la posibilidad de una sola reelecci\u00f3n. El mandato del Comit\u00e9 es facilitar que las personas m\u00e1s calificadas sean nombradas jueces de la Corte Penal Internacional.<\/p><p>El ex Embajador Eduardo Rodr\u00edguez Veltz\u00e9 es parte del Comit\u00e9 desde diciembre de 2018 y Bolivia present\u00f3 la candidatura a su reelecci\u00f3n para este nuevo periodo, por lo que se hicieron las gestiones ante la coordinaci\u00f3n del GRULAC y ante la Secretar\u00eda de la Asamblea de Estados parte para cumplir con el procedimiento de postulaci\u00f3n dentro del plazo establecido.<\/p><p>Fruto de las gestiones, el GRULAC apoy\u00f3 la presentaci\u00f3n de la candidatura a la reelecci\u00f3n, y el candidato boliviano forma parte de la lista de nueve miembros fue elegido por aclamaci\u00f3n durante el vig\u00e9simo periodo de sesiones de la Asamblea de los Estados parte (ASP20) del Estatuto de Roma de la Corte Penal Internacional (CPI).<\/p><h5><strong>Fiscal\u00eda de la Corte Internacional Penal termina proceso de examen preliminar por denuncias<\/strong><\/h5><p>Esta Representaci\u00f3n realizo todas las gestiones necesarias abordando informaci\u00f3n confidencial en relaci\u00f3n a la remisi\u00f3n de parte del Gobierno ileg\u00edtimo de Bolivia, por el entonces Procurador Jos\u00e9 Mar\u00eda Cabrera, presentada en 4 de septiembre de 2020 sobre una pretendida situaci\u00f3n ficticia y sin m\u00e9ritos concerniente a los presuntos cr\u00edmenes de competencia de la Corte Penal Internacional cometidos en Bolivia en agosto de 2020. \u00a0Cabe recordar que el \u00a09 de septiembre de 2020, la Ex Fiscal Fatou Bensouda habia anunciado la apertura de un examen preliminar sobre la situaci\u00f3n a fin de determinar si exist\u00eda fundamento razonable para proceder a una investigaci6n de conformidad con los criterios establecidos en el Estatuto de Roma y el 15 de septiembre de 2020, el Presidente de la CPI \u00a0asigno el caso de Bolivia a la Sala de Cuestiones Preliminares Ill de la Corte.<\/p><p>La Representaci\u00f3n mantuvo contacto y gestiones permanentes con la Secretaria de la Corte Penal Internacional CPI, sosteniendo reuniones con el Se\u00f1or Piotr Hofmanski, Presidente de la CPI, el Sr. Karim A. A. Khan Q. C., Fiscal de la Corte Penal Internacional, y el Se\u00f1or Peter Lewis su Secretario General.<\/p><p>En fecha 14 de febrero de 2022, la Fiscal\u00eda de la CPI informa la terminaci\u00f3n del proceso de examen preliminar, determinando que no existe fundamento suficiente para establecer que se hayan cometido presuntos cr\u00edmenes de competencia de la Corte Penal Internacional. Se ha determinado que la presunta conducta no presenta elementos contextuales constitutivos de cr\u00edmenes de lesa humanidad, en tanto la informaci\u00f3n disponible no constituye fundamento suficiente para creer que los presuntos actos de los organizadores de los bloqueos y quienes participaron en ellos, se constituir\u00edan en una campa\u00f1a dirigida contra la poblaci\u00f3n civil de Bolivia, de conformidad con una pol\u00edtica organizativa que pudiera calificar de ataque en el sentido y \u00e1mbito del art\u00edculo 7 del Estatuto y determinar que los presuntos actos atribuidos a quienes participaron en los bloqueos no constituir\u00edan delitos pertinentes referidos en el art\u00edculo 7, parr. 1, del Estatuto.<\/p><p>Es en tal sentido que la Fiscal\u00eda de la\u00a0 Corte Internacional Penal termina el proceso de examen preliminar por denuncias sin m\u00e9rito del Gobierno inconstitucional de Jeaninne A\u00f1ez de presuntos cr\u00edmenes en conexi\u00f3n con los bloqueos de rutas en todo el pa\u00eds realizados en agosto de 2020.<\/p><p>El Fiscal Khan ha determinado ahora que la informaci\u00f3n disponible no constituye un fundamento razonable para creer que se cometieron cr\u00edmenes de competencia de la Corte en Bolivia en conexi\u00f3n con los bloqueos de rutas en todo el pa\u00eds realizados en agosto de 2020.<\/p><p>El informe de la Fiscal\u00eda se encuentra publicado en la p\u00e1gina oficial de la ICC\u00a0 <a href=\"https:\/\/www.icc-cpi.int\/Pages\/item.aspx?name=20220214-otp-statement&amp;ln=Spanish\">https:\/\/www.icc-cpi.int\/\/Pages\/item.aspx?name=20220214-otp-statement&amp;ln=Spanish<\/a> en ingl\u00e9s y franc\u00e9s.\u00a0<\/p><hr \/><h4><b style=\"font-style: inherit;\">Corte Internacional de Justicia<\/b><\/h4><p>Es el principal \u00f3rgano judicial de la Organizaci\u00f3n de las Naciones Unidas (ONU) con sede en el Palacio de la Paz en la Haya (Pa\u00edses Bajos); est\u00e1 encargada de decidir las controversias jur\u00eddicas entre Estados.<\/p><p>Considerada la instancia para resolver conflictos de forma pac\u00edfica entre Estados, cabe recordar que Bolivia, en abril de 2013, inici\u00f3 un procedimiento contra la Rep\u00fablica de Chile en relaci\u00f3n con \u201cla obligaci\u00f3n de Chile de negociar de buena fe y efectivamente con Bolivia para alcanzar un acuerdo que otorgue a Bolivia un acceso plenamente soberano al Oc\u00e9ano Pac\u00edfico\u201d.<\/p><h5>Defensa del Silala<\/h5><p>El equipo nacional e internacional de Bolivia ha defendido los derechos del pa\u00eds sobre las aguas del Silala, en el marco del Derecho Internacional. Bolivia cuenta con un equipo del m\u00e1s alto nivel en lo jur\u00eddico y cient\u00edfico, con experiencia en litigios internacionales, que ha expuesto argumentos s\u00f3lidos ante la CIJ para defender los intereses del pa\u00eds sobre las aguas del Silala.<\/p><p>El equipo de abogados que integran la defensa de Bolivia ante la Corte Internacional de Justicia est\u00e1 compuesto por: Alain Pellet, Rodman Bundy, Mathias Forteau, Gabriel Eckstein, Francesco Sindico, Laura Movilla, Edgardo Sobenes y H\u00e9lo\u00efse Bajer-Pellet, as\u00ed como los expertos cient\u00edficos del Instituto de Hidr\u00e1ulica Dan\u00e9s DHI: Roar Jensen, Michael Gabora y Torsten Jacobsen.<\/p><p>Enlace: <a href=\"http:\/\/www.diremar.gob.bo\/diremar\/index.php\/equipo-internacional\/\">http:\/\/www.diremar.gob.bo\/diremar\/index.php\/equipo-internacional\/<\/a><\/p><p>Enlace a situaci\u00f3n del caso disputa sobre el estatus y uso de las aguas el Silala (Chile <em>vs.<\/em> Bolivia): <a href=\"https:\/\/www.icj-cij.org\/en\/case\/162\">https:\/\/www.icj-cij.org\/en\/case\/162<\/a><\/p><p><strong>Disputa relativa al estatus y uso de las Aguas del Silala (Chile <em>vs.<\/em> Bolivia)<\/strong><\/p><p>El pasado mes de abril de 2022 se llevaron a cabo los alegatos orales:<\/p><ul><li>Primera ronda de alegatos &#8211; Entre el viernes 1\u00b0 de abril y el mi\u00e9rcoles 6 de abril se llev\u00f3 adelante la primera ronda de alegatos orales en cuatro audiencias; en las que tanto Chile como Bolivia fundamentaron sus posiciones y realizaron observaciones.<\/li><li>Interrogatorio &#8211; En dos audiencias, el jueves 7 y el viernes 8 de abril se llevaron adelante los interrogatorios a los expertos cient\u00edficos que presentaron estudios cient\u00edficos independientes durante la etapa escrita.<\/li><li>Segunda ronda de alegatos &#8211; El lunes 11 de abril inici\u00f3 la segunda ronda de alegatos orales que se desarroll\u00f3 hasta el 14 de abril, donde en tres audiencias las partes presentaron sus conclusiones y sus demandas finales.<\/li><\/ul><p>Presentaci\u00f3n de apertura del agente del Estado Plurinacional de Bolivia, S.E. Sr. Roberto Calzadilla Sarmiento, leer documento completo: <a href=\"https:\/\/embassyofbolivia.nl\/wp-content\/uploads\/2022\/04\/S.E.-Sr.-R.-Calzadilla-Sarmiento_Discurso-de-Apertura-del-Agente-de-Bolivia-VERSIO%CC%81N-DEFINITIVA_VERBATIM-TRADUCCIO%CC%81N-06-de-abril-de-2022.pdf\">EN ESTE ELACE. <br \/><\/a><\/p><h5>Intervenci\u00f3n de Bolivia en las Audiencias Orales ante la CIJ, representado por el Embajador Roberto Calzadilla Sarmiento.\u00a0<\/h5><p>Bolivia presenta sus declaraciones orales en el procedimiento consultivo sobre las Consecuencias jur\u00eddicas derivadas de las pol\u00edticas y pr\u00e1cticas de Israel en los Territorios Palestinos Ocupados, incluido Jerusal\u00e9n Este.<\/p><p>Discurso completo en Espa\u00f1ol <a href=\"https:\/\/embassyofbolivia.nl\/wp-content\/uploads\/2024\/02\/DiscursoRCSPalestinaES.pdf\" target=\"_blank\" rel=\"noopener\">EN ESTE ENLACE.<\/a><\/p><p><a href=\"https:\/\/webtv.un.org\/en\/asset\/k1g\/k1g32uhhkw\" target=\"_blank\" rel=\"noopener\">VIDEO COMPLETO<\/a><\/p><p><a href=\"https:\/\/www.facebook.com\/BolEnPaisesBajos\/posts\/pfbid02fRk1Y2EZj24fkwWmJWcj1WwwpA6hcGcAtscW1nyXCxFaQkZxjzjueRDVrvdpAaTRl\" target=\"_blank\" rel=\"noopener\">VIDEO DISCURSO EMBAJADOR ROBERTO CALZADILLA<\/a><\/p><hr \/><h4><b style=\"font-style: inherit;\">Organizaci\u00f3n para la Prohibici\u00f3n de las Armas Qu\u00edmicas (OPAQ)<\/b><\/h4><p>La misi\u00f3n de la OPAQ consiste en aplicar las disposiciones de la Convenci\u00f3n sobre las Armas Qu\u00edmicas con el prop\u00f3sito conseguir un mundo libre de armas qu\u00edmicas y de la amenaza de su uso.<\/p><p>La Embajada realiza seguimiento permanente a las reuniones y consultas informales sobre la aplicaci\u00f3n de la Convenci\u00f3n y durante la presente gesti\u00f3n ha participado activamente de las siguientes reuniones en el marco de la Organizaci\u00f3n:<\/p><p>La Embajada ha trabajado y participado en las reuniones de la OPAQ durante la Conferencia de los Estados parte (CSP-26), que tuvo lugar del lunes 29 de noviembre al viernes 3 de diciembre de 2021 en La Haya y actualmente tambi\u00e9n participa en los trabajos preparatorios para la Conferencia de los Estados parte (CSP-27) que tendr\u00e1 lugar a finales de 2022.<\/p><hr \/><h4><b style=\"font-style: inherit;\">Corte Permanente de Arbitraje<\/b><\/h4><p>La Corte Permanente de Arbitraje, constituida por Tratado en 1899, es una organizaci\u00f3n intergubernamental que proporciona una variedad de servicios para la resoluci\u00f3n de disputas a la comunidad internacional.<\/p><p>Bolivia, como parte contratante de la Corte Permanente de Arbitraje (CPA), nuevamente tiene una n\u00f3mina de bolivianos en la lista de Miembros de la Corte, quienes a su vez forman parte del Grupo Nacional, que tienen la capacidad de nominar a candidatos a Juez a la Corte Internacional de Justicia.<\/p><p>Los miembros de la Corte son \u00e1rbitros potenciales designados por las Partes Contratantes; son personas de \u201ccompetencia conocida en cuestiones de derecho internacional, de la m\u00e1s alta reputaci\u00f3n moral y dispuestas a aceptar las funciones de \u00e1rbitros\u201d como \u201cMiembros de la Corte\u201d. Los miembros de la Corte son nombrados por un periodo de seis a\u00f1os, y sus nombramientos pueden renovarse.<\/p><p>La lista actualizada de los miembros de la Corte puede revisarse en el siguiente enlace: <a href=\"https:\/\/pca-cpa.org\/en\/about\/structure\/members-of-the-court\/\">https:\/\/pca-cpa.org\/en\/about\/structure\/members-of-the-court\/<\/a><\/p><p>En el marco de la competencia de la CPA, Bolivia ha tenido los siguientes casos concluidos, que son de conocimiento de la Procuradur\u00eda del Estado Plurinacional de Bolivia:<\/p><ul><li>[2015-05] 1. Iberdrola, S.A. (Espa\u00f1a) 2. Iberdrola Energ\u00eda, S.A.U. (Espa\u00f1a) c. el Estado Plurinacional de Bolivia.<\/li><li>[2013-15] South American Silver Limited (Bermuda) contra el Estado Plurinacional de Bolivia.<\/li><li>[2011-17] 1. Guaracachi America, Inc. (U.S.A.) &amp; 2. Rurelec plc (United Kingdom) c. el Estado Plurinacional de Bolivia.<\/li><\/ul><p>Y los siguientes casos pendientes de conclusi\u00f3n:<\/p><ul><li>[2021-05] Zurich Insurance Company Ltd. &amp; Zurich South America Invest AB c. el Estado Plurinacional de Bolivia.<\/li><li>[2020-47] Consorcio Cementero del Sur S.A., Yura Inversiones Bolivia S.A., Grupo de Inversiones Gloria Bolivia S.A., Sociedad Boliviana de Cemento S.A. c. Estado Plurinacional de Bolivia.<\/li><li>[2018-39] 1. The Estate of Julio Miguel Orlandini-Agreda, 2. Compa\u00f1\u00eda Minera Orlandini Ltda. c. el Estado Plurinacional de Bolivia.<\/li><li>[2016-39] Glencore Finance (Bermuda) Limited c. el Estado Plurinacional de Bolivia.<\/li><\/ul><hr \/><h4><b style=\"font-style: inherit;\">Grupo de Am\u00e9rica Latina y el Caribe (GRULAC)<\/b><\/h4><p>La Embajada y Representaci\u00f3n del Estado Plurinacional de Bolivia preside desde junio de 2022 el Grupo de Latinoam\u00e9rica y el Caribe (GRULAC) en La Haya, que se encarga de coordinar a los pa\u00edses de la regi\u00f3n en distintos temas de inter\u00e9s dentro de la Organizaci\u00f3n para la Prohibici\u00f3n de las Armas Qu\u00edmicas (OPAQ), Corte Permanente de Arbitraje (CPA), Corte Penal Internacional (CPI), entre otros. El grupo tambi\u00e9n adelanta un trabajo en favor de los intereses de la regi\u00f3n organizando reuniones con autoridades del Gobierno holand\u00e9s para tratar temas de la coyuntura actual, dialogo y el relacionamiento entre la regi\u00f3n y Pa\u00edses Bajos.<\/p><hr \/><h4><b style=\"font-style: inherit;\">Movimiento No Alineado y China (NAM) en La Haya<\/b><\/h4><p>Como parte del Movimiento de Pa\u00edses No Alineados y China, Bolivia participa de las reuniones de coordinaci\u00f3n realizadas con miras a las sesiones del Consejo Ejecutivo de la Organizaci\u00f3n para la Prohibici\u00f3n de las Armas Qu\u00edmicas (OPAQ) y de la Conferencia de Estados parte.<\/p><p>Al respecto, el NAM propone un proyecto de Declaraci\u00f3n a los miembros del Movimiento No Alineado que son Estados parte de la Convenci\u00f3n sobre Armas Qu\u00edmicas, el cual es presentado a nombre del grupo por el pa\u00eds que detenta la coordinaci\u00f3n.<\/p><hr \/><h4><strong>Oportunidades laborales para bolivianas(os) en las Organizaciones Internacionales en La Haya <\/strong><\/h4><p>Encuentre la informaci\u00f3n de las vacantes disponibles en organismos internacionales a las que puede aplicar.<\/p><ul><li>Organizaci\u00f3n para la Prohibici\u00f3n de las Armas Qu\u00edmicas.<\/li><\/ul><p>Vacantes disponibles: <a href=\"https:\/\/www.opcw.org\/work-us\/employment\">https:\/\/www.opcw.org\/work-us\/employment<\/a><\/p><ul><li>Corte Penal Internacional<\/li><\/ul><p>Vacantes disponibles: <a href=\"https:\/\/www.icc-cpi.int\/jobs\">https:\/\/www.icc-cpi.int\/jobs<\/a><\/p>\t\t\t\t\t\t<\/div>\n\t\t\t\t<\/div>\n\t\t\t\t\t<\/div>\n\t\t<\/div>\n\t\t\t\t<div class=\"has_eae_slider elementor-column elementor-col-33 elementor-top-column elementor-element elementor-element-3b2e7f6\" data-eae-slider=\"55856\" data-id=\"3b2e7f6\" data-element_type=\"column\">\n\t\t\t<div class=\"elementor-widget-wrap\">\n\t\t\t\t\t\t\t<\/div>\n\t\t<\/div>\n\t\t\t\t\t<\/div>\n\t\t<\/section>\n\t\t\t\t<\/div>\n\t\t","protected":false},"excerpt":{"rendered":"<p>Contenido REPRESENTACI\u00d3N PERMANENTE DEL ESTADO PLURINACIONAL DE BOLIVIA ANTE ORGANISMOS INTERNACIONALES CON SEDE EN LA HAYA \u00a0 Corte Penal Internacional La Embajada participa permanentemente en las reuniones de coordinaci\u00f3n del Grupo de Trabajo de La Haya de la Asamblea de Estados parte del Estatuto de Roma de la Corte Penal Internacional (CPI). Durante el a\u00f1o [&hellip;]<\/p>\n","protected":false},"author":12,"featured_media":0,"parent":0,"menu_order":0,"comment_status":"closed","ping_status":"closed","template":"","meta":{"_eb_attr":"","footnotes":""},"class_list":["post-5957","page","type-page","status-publish","hentry"],"_links":{"self":[{"href":"https:\/\/embassyofbolivia.nl\/wp-old\/wp-json\/wp\/v2\/pages\/5957","targetHints":{"allow":["GET"]}}],"collection":[{"href":"https:\/\/embassyofbolivia.nl\/wp-old\/wp-json\/wp\/v2\/pages"}],"about":[{"href":"https:\/\/embassyofbolivia.nl\/wp-old\/wp-json\/wp\/v2\/types\/page"}],"author":[{"embeddable":true,"href":"https:\/\/embassyofbolivia.nl\/wp-old\/wp-json\/wp\/v2\/users\/12"}],"replies":[{"embeddable":true,"href":"https:\/\/embassyofbolivia.nl\/wp-old\/wp-json\/wp\/v2\/comments?post=5957"}],"version-history":[{"count":5,"href":"https:\/\/embassyofbolivia.nl\/wp-old\/wp-json\/wp\/v2\/pages\/5957\/revisions"}],"predecessor-version":[{"id":7940,"href":"https:\/\/embassyofbolivia.nl\/wp-old\/wp-json\/wp\/v2\/pages\/5957\/revisions\/7940"}],"wp:attachment":[{"href":"https:\/\/embassyofbolivia.nl\/wp-old\/wp-json\/wp\/v2\/media?parent=5957"}],"curies":[{"name":"wp","href":"https:\/\/api.w.org\/{rel}","templated":true}]}}