{"id":5732,"date":"2022-02-14T20:16:37","date_gmt":"2022-02-14T19:16:37","guid":{"rendered":"https:\/\/embassyofbolivia.nl\/?page_id=5732"},"modified":"2022-02-14T20:38:37","modified_gmt":"2022-02-14T19:38:37","slug":"relaciones-bilaterales","status":"publish","type":"page","link":"https:\/\/embassyofbolivia.nl\/wp-old\/relaciones-bilaterales\/","title":{"rendered":"RELACIONES BILATERALES"},"content":{"rendered":"\t\t<div data-elementor-type=\"wp-page\" data-elementor-id=\"5732\" class=\"elementor elementor-5732\" data-elementor-post-type=\"page\">\n\t\t\t\t\t\t<section class=\"has_eae_slider elementor-section elementor-top-section elementor-element elementor-element-685fdcc elementor-section-boxed elementor-section-height-default elementor-section-height-default\" data-eae-slider=\"79947\" data-id=\"685fdcc\" data-element_type=\"section\">\n\t\t\t\t\t\t<div class=\"elementor-container elementor-column-gap-default\">\n\t\t\t\t\t<div class=\"has_eae_slider elementor-column elementor-col-66 elementor-top-column elementor-element elementor-element-d10bcd6\" data-eae-slider=\"20889\" data-id=\"d10bcd6\" data-element_type=\"column\">\n\t\t\t<div class=\"elementor-widget-wrap elementor-element-populated\">\n\t\t\t\t\t\t<div class=\"elementor-element elementor-element-a28be52 elementor-toc--minimized-on-tablet elementor-widget elementor-widget-table-of-contents\" data-id=\"a28be52\" data-element_type=\"widget\" data-settings=\"{&quot;headings_by_tags&quot;:[&quot;h4&quot;],&quot;exclude_headings_by_selector&quot;:[],&quot;marker_view&quot;:&quot;bullets&quot;,&quot;icon&quot;:{&quot;value&quot;:&quot;&quot;,&quot;library&quot;:&quot;&quot;},&quot;no_headings_message&quot;:&quot;No se ha encontrado ning\\u00fan encabezado en esta p\\u00e1gina.&quot;,&quot;minimize_box&quot;:&quot;yes&quot;,&quot;minimized_on&quot;:&quot;tablet&quot;,&quot;hierarchical_view&quot;:&quot;yes&quot;,&quot;min_height&quot;:{&quot;unit&quot;:&quot;px&quot;,&quot;size&quot;:&quot;&quot;,&quot;sizes&quot;:[]},&quot;min_height_tablet&quot;:{&quot;unit&quot;:&quot;px&quot;,&quot;size&quot;:&quot;&quot;,&quot;sizes&quot;:[]},&quot;min_height_mobile&quot;:{&quot;unit&quot;:&quot;px&quot;,&quot;size&quot;:&quot;&quot;,&quot;sizes&quot;:[]}}\" data-widget_type=\"table-of-contents.default\">\n\t\t\t\t<div class=\"elementor-widget-container\">\n\t\t\t\t\t<div class=\"elementor-toc__header\">\n\t\t\t<h4 class=\"elementor-toc__header-title\">\n\t\t\t\tCONTENIDO\t\t\t<\/h4>\n\t\t\t\t\t\t\t<div class=\"elementor-toc__toggle-button elementor-toc__toggle-button--expand\" role=\"button\" tabindex=\"0\" aria-controls=\"elementor-toc__a28be52\" aria-expanded=\"true\" aria-label=\"Abrir la tabla de contenidos\"><i aria-hidden=\"true\" class=\"fas fa-chevron-down\"><\/i><\/div>\n\t\t\t\t<div class=\"elementor-toc__toggle-button elementor-toc__toggle-button--collapse\" role=\"button\" tabindex=\"0\" aria-controls=\"elementor-toc__a28be52\" aria-expanded=\"true\" aria-label=\"Cerrar la tabla de contenidos\"><i aria-hidden=\"true\" class=\"fas fa-chevron-up\"><\/i><\/div>\n\t\t\t\t\t<\/div>\n\t\t<div id=\"elementor-toc__a28be52\" class=\"elementor-toc__body\">\n\t\t\t<div class=\"elementor-toc__spinner-container\">\n\t\t\t\t<i class=\"elementor-toc__spinner eicon-animation-spin eicon-loading\" aria-hidden=\"true\"><\/i>\t\t\t<\/div>\n\t\t<\/div>\n\t\t\t\t<\/div>\n\t\t\t\t<\/div>\n\t\t\t\t\t<\/div>\n\t\t<\/div>\n\t\t\t\t<div class=\"has_eae_slider elementor-column elementor-col-33 elementor-top-column elementor-element elementor-element-1af2a74\" data-eae-slider=\"90667\" data-id=\"1af2a74\" data-element_type=\"column\">\n\t\t\t<div class=\"elementor-widget-wrap\">\n\t\t\t\t\t\t\t<\/div>\n\t\t<\/div>\n\t\t\t\t\t<\/div>\n\t\t<\/section>\n\t\t\t\t<section class=\"has_eae_slider elementor-section elementor-top-section elementor-element elementor-element-43c4473 elementor-section-boxed elementor-section-height-default elementor-section-height-default\" data-eae-slider=\"58006\" data-id=\"43c4473\" data-element_type=\"section\">\n\t\t\t\t\t\t<div class=\"elementor-container elementor-column-gap-default\">\n\t\t\t\t\t<div class=\"has_eae_slider elementor-column elementor-col-100 elementor-top-column elementor-element elementor-element-fee1c73\" data-eae-slider=\"15205\" data-id=\"fee1c73\" data-element_type=\"column\">\n\t\t\t<div class=\"elementor-widget-wrap elementor-element-populated\">\n\t\t\t\t\t\t<div class=\"elementor-element elementor-element-57d1c2f elementor-widget elementor-widget-spacer\" data-id=\"57d1c2f\" data-element_type=\"widget\" data-widget_type=\"spacer.default\">\n\t\t\t\t<div class=\"elementor-widget-container\">\n\t\t\t\t\t<div class=\"elementor-spacer\">\n\t\t\t<div class=\"elementor-spacer-inner\"><\/div>\n\t\t<\/div>\n\t\t\t\t<\/div>\n\t\t\t\t<\/div>\n\t\t\t\t\t<\/div>\n\t\t<\/div>\n\t\t\t\t\t<\/div>\n\t\t<\/section>\n\t\t\t\t<section class=\"has_eae_slider elementor-section elementor-top-section elementor-element elementor-element-0366055 elementor-section-boxed elementor-section-height-default elementor-section-height-default\" data-eae-slider=\"2303\" data-id=\"0366055\" data-element_type=\"section\">\n\t\t\t\t\t\t<div class=\"elementor-container elementor-column-gap-default\">\n\t\t\t\t\t<div class=\"has_eae_slider elementor-column elementor-col-66 elementor-top-column elementor-element elementor-element-aa50d3b\" data-eae-slider=\"25077\" data-id=\"aa50d3b\" data-element_type=\"column\">\n\t\t\t<div class=\"elementor-widget-wrap elementor-element-populated\">\n\t\t\t\t\t\t<div class=\"elementor-element elementor-element-a365d93 elementor-widget elementor-widget-text-editor\" data-id=\"a365d93\" data-element_type=\"widget\" data-widget_type=\"text-editor.default\">\n\t\t\t\t<div class=\"elementor-widget-container\">\n\t\t\t\t\t\t\t<p style=\"font-family: Quicksand; font-weight: 400; font-style: normal; font-size: 20px;\"><span style=\"font-weight: 400; font-size: 20px;\">En el marco de los objetivos de la pol\u00edtica exterior del Estado Plurinacional de Bolivia, de la\u00a0<\/span><i>Bolivia Soberana,<\/i><span style=\"font-weight: 400; font-size: 20px;\">\u00a0se resume la visi\u00f3n del Gobierno en materia de relaciones internacionales desde donde se proyecta promover, ampliar y dinamizar las relaciones bilaterales con el Reino de los Pa\u00edses Bajos, en los \u00e1mbitos pol\u00edtico, econ\u00f3mico, comercial, acad\u00e9mico-cient\u00edfico, cultural, considerando los aspectos establecidos en el marco de la Diplomacia de los Pueblos por la Vida y el paradigma del Vivir Bien.\u00a0<\/span><\/p>\t\t\t\t\t\t<\/div>\n\t\t\t\t<\/div>\n\t\t\t\t\t<\/div>\n\t\t<\/div>\n\t\t\t\t<div class=\"has_eae_slider elementor-column elementor-col-33 elementor-top-column elementor-element elementor-element-18906b6\" data-eae-slider=\"29698\" data-id=\"18906b6\" data-element_type=\"column\">\n\t\t\t<div class=\"elementor-widget-wrap\">\n\t\t\t\t\t\t\t<\/div>\n\t\t<\/div>\n\t\t\t\t\t<\/div>\n\t\t<\/section>\n\t\t\t\t<section class=\"has_eae_slider elementor-section elementor-top-section elementor-element elementor-element-c7b9216 elementor-section-boxed elementor-section-height-default elementor-section-height-default\" data-eae-slider=\"20414\" data-id=\"c7b9216\" data-element_type=\"section\">\n\t\t\t\t\t\t<div class=\"elementor-container elementor-column-gap-default\">\n\t\t\t\t\t<div class=\"has_eae_slider elementor-column elementor-col-66 elementor-top-column elementor-element elementor-element-b42c6a1\" data-eae-slider=\"8892\" data-id=\"b42c6a1\" data-element_type=\"column\">\n\t\t\t<div class=\"elementor-widget-wrap elementor-element-populated\">\n\t\t\t\t\t\t<div class=\"elementor-element elementor-element-f0eb8a6 elementor-widget elementor-widget-text-editor\" data-id=\"f0eb8a6\" data-element_type=\"widget\" data-widget_type=\"text-editor.default\">\n\t\t\t\t<div class=\"elementor-widget-container\">\n\t\t\t\t\t\t\t<h4><b>DIALOGO POLITICO BILATERAL<\/b><\/h4><div><b>\u00a0<\/b><\/div><p><span style=\"font-weight: 400;\">Fortalecer, dinamizar y ampliar las relaciones bilaterales con el Reino de los Pa\u00edses Bajos, en el \u00e1mbito pol\u00edtico, tanto con el gobierno, parlamento y las fuerzas pol\u00edticas, as\u00ed como en la esfera acad\u00e9mico-cient\u00edfico, cultural, considerando los aspectos establecidos en el marco de la Diplomacia de los Pueblos.\u00a0<\/span><\/p><p><span style=\"font-weight: 400;\">La Tercera Reuni\u00f3n del Mecanismo de Consultas Pol\u00edticas se realiz\u00f3 el 25 de mayo de 2010 en la ciudad de La Paz. La Cuarta Reuni\u00f3n del MCP se realiz\u00f3 el 26 de noviembre de 2013 en la ciudad de La Paz. Los temas abordados fueron: a) Relaciones Diplom\u00e1ticas, b) Comercio e Inversiones, c) Instrumentos de cooperaci\u00f3n econ\u00f3mica, d) Cooperaci\u00f3n en el sector energ\u00e9tico, e) Cooperaci\u00f3n en temas de Infraestructura, Agua y Manejo de Residuos S\u00f3lidos, f) Posibles Acuerdos en Temas Aeron\u00e1uticos.<\/span><\/p><p><span style=\"font-weight: 400;\">El d\u00eda 23 de noviembre de 2021 el Embajador Roberto Calzadilla sostuvo una primera reuni\u00f3n de trabajo con la Directora del Hemisferio del Ministerio de Relaciones Exteriores de Pa\u00edses Bajos, Sra. Yvette van Eechoud y el 8 de diciembre\u00a0<\/span><\/p><p><span style=\"font-weight: 400;\">La actual situaci\u00f3n nos lleva a determinar iniciar una nueva fase de las relaciones en un escenario de fortalecer el di\u00e1logo bilateral, la cooperaci\u00f3n para determinar en qu\u00e9 campos podr\u00edamos trabajar en un pr\u00f3ximo futuro.\u00a0<\/span><\/p><p><span style=\"font-weight: 400;\">Durante la conversaci\u00f3n se coincidi\u00f3 que desde la Cuarta Reuni\u00f3n del Mecanismo de Consultas Pol\u00edticas, posterior finalizaci\u00f3n de los programas de cooperaci\u00f3n holandesa en 2014 y, subsiguiente cierre de la Embajada de Pa\u00edses Bajos en Bolivia, las relaciones bilaterales quedaron relegadas sin importantes desarrollos en los \u00faltimos a\u00f1os. Se tiene la percepci\u00f3n que la Carta de Intenciones sobre Cooperaci\u00f3n en Temas Energ\u00e9ticos entre el Estado Plurinacional de Bolivia y el Reino de los Pa\u00edses Bajos. La Paz, 27 de agosto de 2013, a\u00fan vigente, tiene potencialidades y se explorar\u00e1 sus posibilidades de re-activarlo.\u00a0\u00a0<\/span><\/p><p><span style=\"font-weight: 400;\">El nuevo enfoque del relacionamiento de Pa\u00edses Bajos est\u00e1 orientado en disponer de subvenciones para empresas e instituciones del conocimiento y acad\u00e9micas holandeses que busquen invertir en pa\u00edses en desarrollo, especialmente en sectores en los que el comercio y la industria holandeses son l\u00edderes mundiales. Es en este marco, que se podr\u00eda pensar activar las relaciones e interacciones.\u00a0 Bajo este concepto se llev\u00f3 adelante la Misi\u00f3n de la Universidad de Wageningen que viaj\u00f3 a Bolivia en el mes de diciembre de 2021 para explorar posibilidades en el sector de colaboraci\u00f3n en sectores como la Bioenerg\u00eda y otras potencialidades acad\u00e9micas.\u00a0<\/span><\/p><p><span style=\"font-weight: 400;\">Actualmente el Reino de los Pa\u00edses Bajos coopera con el programa de lucha contra el COVID para el cual ha contribuido a Naciones Unidas que implementa el plan COVAX que tambi\u00e9n beneficia a Bolivia.\u00a0<\/span><\/p><p><span style=\"font-weight: 400;\">Nos encontramos en un periodo de explorar \u00e1reas de trabajo de inter\u00e9s com\u00fan y de complementariedad econ\u00f3mica y tecnol\u00f3gica entre ambos pa\u00edses en especial en desarrollo de energ\u00edas con sustentabilidad y tambi\u00e9n en temas de cambio clim\u00e1tico.\u00a0\u00a0<\/span><\/p><p><span style=\"font-weight: 400;\">\u00a0<\/span><\/p><h4><b>COOPERACI\u00d3N AL DESARROLLO\u00a0<\/b><\/h4><p><span style=\"font-weight: 400;\">\u00a0<\/span><\/p><p><span style=\"font-weight: 400;\">Bolivia reconoce el importante trabajo de cooperaci\u00f3n desarrollado por Pa\u00edses Bajos en Bolivia durante las \u00faltimas d\u00e9cadas y ello tambi\u00e9n se constituye en una base importante para continuar un relacionamiento positivo y fruct\u00edfero que se ha sembrado en muchos sectores.<\/span><\/p><p><span style=\"font-weight: 400;\">Holanda siempre estuvo entre los principales donantes bilaterales a Bolivia, contribuyendo, entre 1969 hasta 2014, con un monto total de US $1.180 millones en estas d\u00e9cadas. En 1996, Bolivia fue el mayor receptor de ayuda holandesa en Am\u00e9rica del Sur. Desde la apertura de la oficina de cooperaci\u00f3n para el desarrollo (m\u00e1s tarde la Embajada de los Pa\u00edses Bajos) en La Paz, hubo un marcado aumento en el desarrollo de muchos programas de ayuda, como ayuda para productos b\u00e1sicos, alivio de la deuda y apoyo presupuestario (sectorial). La ayuda de emergencia se proporcion\u00f3 en respuesta a los desastres naturales (sequ\u00edas e inundaciones) ocurridos en 1983 y 1984. A partir de 1987 se produjo un marcado aumento de la cooperaci\u00f3n para el desarrollo con apoyo holand\u00e9s, ya que los recursos fueron puestos a disposici\u00f3n por la l\u00ednea presupuestaria del Programa Andes. En 1995 y 1996 una parte sustancial de esos fondos se destin\u00f3 al alivio de la deuda multilateral. En promedio Holanda cooper\u00f3 con Bolivia 35 a 40 millones de euros al a\u00f1o y en 2012, la cooperaci\u00f3n baj\u00f3 a 30 millones de d\u00f3lares, el a\u00f1o 2013 decreci\u00f3 m\u00e1s alcanzando los 15 millones y disminuy\u00f3 a cuatro millones de d\u00f3lares el 2014.\u00a0<\/span><\/p><p><span style=\"font-weight: 400;\">En la actualidad la cooperaci\u00f3n holandesa para el desarrollo se concentra ahora principalmente en las regiones inestables cercanas a Europa: \u00c1frica occidental \/ Sahel, Cuerno de \u00c1frica, Oriente Medio y \u00c1frica del Norte con un enfoque para abordar las causas de la pobreza, la migraci\u00f3n, el terrorismo y el cambio clim\u00e1tico en dichas regiones.<\/span><\/p><p><span style=\"font-weight: 400;\">Los Pa\u00edses Bajos tienen fondos anuales para luchar contra el cambio clim\u00e1tico, la mitad de los cuales se destinar\u00e1n al nuevo Fondo Holand\u00e9s para el Clima y el Desarrollo para inversiones en pa\u00edses en desarrollo.\u00a0<\/span><\/p><p>\u00a0<\/p><h4><b>ACUERDOS BILATERALES<\/b><\/h4><div><b>\u00a0<\/b><\/div><p><span style=\"font-weight: 400;\">Existe un n\u00famero limitado de acuerdos bilaterales entre los Pa\u00edses Bajos y Bolivia. Estos incluyen un acuerdo comercial (firmado en 1929), un acuerdo sobre la abolici\u00f3n de visados (1961); las obligaciones de visado se reintrodujeron en 1990 y un acuerdo sobre la promoci\u00f3n y protecci\u00f3n rec\u00edproca de inversiones (1992) el mismo que fue denunciado por Bolivia el que expir\u00f3 el 01\/11\/2009. Todos los dem\u00e1s acuerdos bilaterales se refieren a la cooperaci\u00f3n para el desarrollo, como el SNV (1969 y 1992), la cooperaci\u00f3n t\u00e9cnica (1989) y una serie de acuerdos administrativos relativos a proyectos individuales.\u00a0<\/span><\/p><p><span style=\"font-weight: 400;\">Carta de Intenciones sobre Cooperaci\u00f3n en Temas Energ\u00e9ticos entre el Estado Plurinacional de Bolivia y el Reino de los Pa\u00edses Bajos. La Paz, 27 de agosto de 2013.\u00a0<\/span><\/p><p><span style=\"font-weight: 400;\">Enmienda al Acuerdo entre el Ministro para Asuntos Europeos y Cooperaci\u00f3n Internacional del Reino de los Pa\u00edses Bajos y el Estado Plurinacional de Bolivia Referente al Proyecto \u201cContribuci\u00f3n al Sistema Nacional de \u00c1reas Protegidas\u201d. La Paz, 25 de mayo de 2012.<\/span><\/p><p><span style=\"font-weight: 400;\">En la actualidad existen otros acuerdos que se enmarcan en los acuerdos del Estado Plurinacional de Bolivia con la Uni\u00f3n Europea.\u00a0<\/span><\/p>\t\t\t\t\t\t<\/div>\n\t\t\t\t<\/div>\n\t\t\t\t\t<\/div>\n\t\t<\/div>\n\t\t\t\t<div class=\"has_eae_slider elementor-column elementor-col-33 elementor-top-column elementor-element elementor-element-985a2fd\" data-eae-slider=\"45602\" data-id=\"985a2fd\" data-element_type=\"column\">\n\t\t\t<div class=\"elementor-widget-wrap\">\n\t\t\t\t\t\t\t<\/div>\n\t\t<\/div>\n\t\t\t\t\t<\/div>\n\t\t<\/section>\n\t\t\t\t<\/div>\n\t\t","protected":false},"excerpt":{"rendered":"<p>CONTENIDO En el marco de los objetivos de la pol\u00edtica exterior del Estado Plurinacional de Bolivia, de la\u00a0Bolivia Soberana,\u00a0se resume la visi\u00f3n del Gobierno en materia de relaciones internacionales desde donde se proyecta promover, ampliar y dinamizar las relaciones bilaterales con el Reino de los Pa\u00edses Bajos, en los \u00e1mbitos pol\u00edtico, econ\u00f3mico, comercial, acad\u00e9mico-cient\u00edfico, cultural, [&hellip;]<\/p>\n","protected":false},"author":12,"featured_media":0,"parent":0,"menu_order":0,"comment_status":"closed","ping_status":"closed","template":"","meta":{"_eb_attr":"","footnotes":""},"class_list":["post-5732","page","type-page","status-publish","hentry"],"_links":{"self":[{"href":"https:\/\/embassyofbolivia.nl\/wp-old\/wp-json\/wp\/v2\/pages\/5732","targetHints":{"allow":["GET"]}}],"collection":[{"href":"https:\/\/embassyofbolivia.nl\/wp-old\/wp-json\/wp\/v2\/pages"}],"about":[{"href":"https:\/\/embassyofbolivia.nl\/wp-old\/wp-json\/wp\/v2\/types\/page"}],"author":[{"embeddable":true,"href":"https:\/\/embassyofbolivia.nl\/wp-old\/wp-json\/wp\/v2\/users\/12"}],"replies":[{"embeddable":true,"href":"https:\/\/embassyofbolivia.nl\/wp-old\/wp-json\/wp\/v2\/comments?post=5732"}],"version-history":[{"count":5,"href":"https:\/\/embassyofbolivia.nl\/wp-old\/wp-json\/wp\/v2\/pages\/5732\/revisions"}],"predecessor-version":[{"id":5771,"href":"https:\/\/embassyofbolivia.nl\/wp-old\/wp-json\/wp\/v2\/pages\/5732\/revisions\/5771"}],"wp:attachment":[{"href":"https:\/\/embassyofbolivia.nl\/wp-old\/wp-json\/wp\/v2\/media?parent=5732"}],"curies":[{"name":"wp","href":"https:\/\/api.w.org\/{rel}","templated":true}]}}