{"id":5678,"date":"2022-02-11T15:52:42","date_gmt":"2022-02-11T14:52:42","guid":{"rendered":"https:\/\/embassyofbolivia.nl\/?page_id=5678"},"modified":"2022-02-15T12:22:39","modified_gmt":"2022-02-15T11:22:39","slug":"embajada","status":"publish","type":"page","link":"https:\/\/embassyofbolivia.nl\/wp-old\/embajada\/","title":{"rendered":"Embajada"},"content":{"rendered":"\t\t<div data-elementor-type=\"wp-page\" data-elementor-id=\"5678\" class=\"elementor elementor-5678\" data-elementor-post-type=\"page\">\n\t\t\t\t\t\t<section class=\"has_eae_slider elementor-section elementor-top-section elementor-element elementor-element-ac7481d elementor-section-boxed elementor-section-height-default elementor-section-height-default\" data-eae-slider=\"4162\" data-id=\"ac7481d\" data-element_type=\"section\">\n\t\t\t\t\t\t<div class=\"elementor-container elementor-column-gap-default\">\n\t\t\t\t\t<div class=\"has_eae_slider elementor-column elementor-col-100 elementor-top-column elementor-element elementor-element-df5553a\" data-eae-slider=\"63933\" data-id=\"df5553a\" data-element_type=\"column\">\n\t\t\t<div class=\"elementor-widget-wrap elementor-element-populated\">\n\t\t\t\t\t\t<div class=\"elementor-element elementor-element-ed79d5c elementor-widget elementor-widget-heading\" data-id=\"ed79d5c\" data-element_type=\"widget\" data-widget_type=\"heading.default\">\n\t\t\t\t<div class=\"elementor-widget-container\">\n\t\t\t<h2 class=\"elementor-heading-title elementor-size-default\">Personal diplom\u00e1tico<\/h2>\t\t<\/div>\n\t\t\t\t<\/div>\n\t\t\t\t\t<\/div>\n\t\t<\/div>\n\t\t\t\t\t<\/div>\n\t\t<\/section>\n\t\t\t\t<section class=\"has_eae_slider elementor-section elementor-top-section elementor-element elementor-element-2866da6 elementor-section-boxed elementor-section-height-default elementor-section-height-default\" data-eae-slider=\"60252\" data-id=\"2866da6\" data-element_type=\"section\">\n\t\t\t\t\t\t<div class=\"elementor-container elementor-column-gap-default\">\n\t\t\t\t\t<div class=\"has_eae_slider elementor-column elementor-col-100 elementor-top-column elementor-element elementor-element-e100055\" data-eae-slider=\"39057\" data-id=\"e100055\" data-element_type=\"column\">\n\t\t\t<div class=\"elementor-widget-wrap elementor-element-populated\">\n\t\t\t\t\t\t<div class=\"elementor-element elementor-element-4e45ee6 elementor-widget elementor-widget-spacer\" data-id=\"4e45ee6\" data-element_type=\"widget\" data-widget_type=\"spacer.default\">\n\t\t\t\t<div class=\"elementor-widget-container\">\n\t\t\t\t\t<div class=\"elementor-spacer\">\n\t\t\t<div class=\"elementor-spacer-inner\"><\/div>\n\t\t<\/div>\n\t\t\t\t<\/div>\n\t\t\t\t<\/div>\n\t\t\t\t\t<\/div>\n\t\t<\/div>\n\t\t\t\t\t<\/div>\n\t\t<\/section>\n\t\t\t\t<section class=\"has_eae_slider elementor-section elementor-top-section elementor-element elementor-element-3622155 elementor-section-boxed elementor-section-height-default elementor-section-height-default\" data-eae-slider=\"98170\" data-id=\"3622155\" data-element_type=\"section\">\n\t\t\t\t\t\t<div class=\"elementor-container elementor-column-gap-default\">\n\t\t\t\t\t<div class=\"has_eae_slider elementor-column elementor-col-100 elementor-top-column elementor-element elementor-element-a1f9db8\" data-eae-slider=\"91894\" data-id=\"a1f9db8\" data-element_type=\"column\">\n\t\t\t<div class=\"elementor-widget-wrap elementor-element-populated\">\n\t\t\t\t\t\t<div class=\"elementor-element elementor-element-0e29a61 elementor-widget elementor-widget-heading\" data-id=\"0e29a61\" data-element_type=\"widget\" data-widget_type=\"heading.default\">\n\t\t\t\t<div class=\"elementor-widget-container\">\n\t\t\t<h3 class=\"elementor-heading-title elementor-size-default\"><h4><b>Roberto Calzadilla Sarmiento<\/b><\/h4><\/h3>\t\t<\/div>\n\t\t\t\t<\/div>\n\t\t\t\t\t<\/div>\n\t\t<\/div>\n\t\t\t\t\t<\/div>\n\t\t<\/section>\n\t\t\t\t<section class=\"has_eae_slider elementor-section elementor-top-section elementor-element elementor-element-109b26e elementor-section-boxed elementor-section-height-default elementor-section-height-default\" data-eae-slider=\"20985\" data-id=\"109b26e\" data-element_type=\"section\">\n\t\t\t\t\t\t<div class=\"elementor-container elementor-column-gap-default\">\n\t\t\t\t\t<div class=\"has_eae_slider elementor-column elementor-col-100 elementor-top-column elementor-element elementor-element-a37b71b\" data-eae-slider=\"48\" data-id=\"a37b71b\" data-element_type=\"column\">\n\t\t\t<div class=\"elementor-widget-wrap elementor-element-populated\">\n\t\t\t\t\t\t<div class=\"elementor-element elementor-element-d189d8c elementor-widget elementor-widget-heading\" data-id=\"d189d8c\" data-element_type=\"widget\" data-widget_type=\"heading.default\">\n\t\t\t\t<div class=\"elementor-widget-container\">\n\t\t\t<h3 class=\"elementor-heading-title elementor-size-default\"><h5>Embajador del Estado Plurinacional de Bolivia ante los Pa\u00edses Bajos<\/h5><\/h3>\t\t<\/div>\n\t\t\t\t<\/div>\n\t\t\t\t\t<\/div>\n\t\t<\/div>\n\t\t\t\t\t<\/div>\n\t\t<\/section>\n\t\t\t\t<section class=\"has_eae_slider elementor-section elementor-top-section elementor-element elementor-element-89875d9 elementor-section-boxed elementor-section-height-default elementor-section-height-default\" data-eae-slider=\"27928\" data-id=\"89875d9\" data-element_type=\"section\">\n\t\t\t\t\t\t<div class=\"elementor-container elementor-column-gap-default\">\n\t\t\t\t\t<div class=\"has_eae_slider elementor-column elementor-col-100 elementor-top-column elementor-element elementor-element-f317bd4\" data-eae-slider=\"93842\" data-id=\"f317bd4\" data-element_type=\"column\">\n\t\t\t<div class=\"elementor-widget-wrap elementor-element-populated\">\n\t\t\t\t\t\t<div class=\"elementor-element elementor-element-e86d61a elementor-widget elementor-widget-spacer\" data-id=\"e86d61a\" data-element_type=\"widget\" data-widget_type=\"spacer.default\">\n\t\t\t\t<div class=\"elementor-widget-container\">\n\t\t\t\t\t<div class=\"elementor-spacer\">\n\t\t\t<div class=\"elementor-spacer-inner\"><\/div>\n\t\t<\/div>\n\t\t\t\t<\/div>\n\t\t\t\t<\/div>\n\t\t\t\t\t<\/div>\n\t\t<\/div>\n\t\t\t\t\t<\/div>\n\t\t<\/section>\n\t\t\t\t<section class=\"has_eae_slider elementor-section elementor-top-section elementor-element elementor-element-c758eaf elementor-section-boxed elementor-section-height-default elementor-section-height-default\" data-eae-slider=\"15995\" data-id=\"c758eaf\" data-element_type=\"section\">\n\t\t\t\t\t\t<div class=\"elementor-container elementor-column-gap-default\">\n\t\t\t\t\t<div class=\"has_eae_slider elementor-column elementor-col-66 elementor-top-column elementor-element elementor-element-ce4d013\" data-eae-slider=\"85540\" data-id=\"ce4d013\" data-element_type=\"column\">\n\t\t\t<div class=\"elementor-widget-wrap elementor-element-populated\">\n\t\t\t\t\t\t<div class=\"elementor-element elementor-element-66c369a elementor-widget elementor-widget-text-editor\" data-id=\"66c369a\" data-element_type=\"widget\" data-widget_type=\"text-editor.default\">\n\t\t\t\t<div class=\"elementor-widget-container\">\n\t\t\t\t\t\t\t<p><span style=\"font-family: inherit; font-size: 20px; font-weight: inherit; color: var( --e-global-color-text );\">Adem\u00e1s de su rol como Embajador, \u00e9l es Agente del\u00a0 Estado Plurinacional ante la Corte Internacional de Justicia con sede en La Haya\u00a0 (diciembre 2021-presente). Miembro de la Corte Permanente de Arbitraje de La\u00a0 Haya. Representante Permanente de Bolivia ante la Organizaci\u00f3n para\u00a0 Prohibici\u00f3n de las Armas Qu\u00edmicas.\u00a0<\/span><\/p><p><span>Entre 2014 y 2018, fue Embajador en el Reino Unido de Gran Breta\u00f1a e Irlanda del Norte y Embajador ante la Rep\u00fablica de Irlanda. Entre 2007 y 20013 fue Embajador de Bolivia en los Pa\u00edses\u00a0 Bajos y Rep\u00fablica de Portugal.\u00a0\u00a0<\/span><\/p><p><span>Servidor p\u00fablico en el Ministerio de Relaciones Exteriores; Director General de\u00a0 Relaciones Bilaterales; Director General de Negociaciones Comerciales; Director\u00a0 de Promoci\u00f3n de Inversiones. Ministro Consejero y Encargado de Negocios en la\u00a0 Embajada de Bolivia en Alemania, Suiza, Reino Unido. Representante Alterno y\u00a0 Permanente de las Misiones de Bolivia ante las Organizaciones de Naciones\u00a0 Unidas; ONUDI, OIEA, OMI, UNODC, OPAC. Trabaj\u00f3 en el Programa de\u00a0 Naciones Unidas para el Control de Drogas y en la Secretar\u00eda de la Junta\u00a0 Internacional de Fiscalizaci\u00f3n de Estupefacientes en Viena Austria como Oficial\u00a0 P4. Consultor para la Uni\u00f3n Europea en programas de cooperaci\u00f3n en Bolivia.\u00a0<\/span><\/p><p><span>Estudi\u00f3 Sociolog\u00eda en la Universidad Mayor de San Andr\u00e9s en La Paz, Diplomado\u00a0 de la Academia Diplom\u00e1tica de Bolivia. Maestr\u00eda en Relaciones Internacionales de la Universidad Webster, Saint Louis\/Viena-Austria. Diploma en Relaciones\u00a0 Internacionales y Cooperaci\u00f3n Econ\u00f3mica DSE, Berl\u00edn-Alemania.\u00a0<\/span><\/p><p><span><strong>Condecoraciones:<\/strong>\u00a0Gran Cruz al M\u00e9rito Civil Rep\u00fablica de Austria, Gran Cruz de\u00a0 la Orden de Nassau Reino de los Pa\u00edses Bajos.\u00a0<\/span><\/p><p><span><strong>Idiomas:<\/strong>\u00a0Espa\u00f1ol, Ingl\u00e9s, Alem\u00e1n, Franc\u00e9s, Aymara (b\u00e1sico).<\/span><\/p><p><span><\/span><span>Contacto:\u00a0<a href=\"mailto:ambassador@embassyofbolivia.nl\">ambassador@embassyofbolivia.nl<\/a><\/span><span>.<\/span><\/p>\t\t\t\t\t\t<\/div>\n\t\t\t\t<\/div>\n\t\t\t\t\t<\/div>\n\t\t<\/div>\n\t\t\t\t<div class=\"has_eae_slider elementor-column elementor-col-33 elementor-top-column elementor-element elementor-element-cc46a18\" data-eae-slider=\"46158\" data-id=\"cc46a18\" data-element_type=\"column\">\n\t\t\t<div class=\"elementor-widget-wrap elementor-element-populated\">\n\t\t\t\t\t\t<div class=\"elementor-element elementor-element-43bbad4 elementor-widget elementor-widget-image\" data-id=\"43bbad4\" data-element_type=\"widget\" data-widget_type=\"image.default\">\n\t\t\t\t<div class=\"elementor-widget-container\">\n\t\t\t\t\t\t\t\t\t\t\t\t\t<img decoding=\"async\" width=\"200\" height=\"202\" src=\"https:\/\/embassyofbolivia.nl\/wp-old\/wp-content\/uploads\/2022\/02\/Embajador.jpeg\" class=\"attachment-large size-large wp-image-5676\" alt=\"\" srcset=\"https:\/\/embassyofbolivia.nl\/wp-old\/wp-content\/uploads\/2022\/02\/Embajador.jpeg 200w, https:\/\/embassyofbolivia.nl\/wp-old\/wp-content\/uploads\/2022\/02\/Embajador-120x120.jpeg 120w\" sizes=\"(max-width: 200px) 100vw, 200px\" \/>\t\t\t\t\t\t\t\t\t\t\t\t\t<\/div>\n\t\t\t\t<\/div>\n\t\t\t\t\t<\/div>\n\t\t<\/div>\n\t\t\t\t\t<\/div>\n\t\t<\/section>\n\t\t\t\t<section class=\"has_eae_slider elementor-section elementor-top-section elementor-element elementor-element-2ef1ccd elementor-section-boxed elementor-section-height-default elementor-section-height-default\" data-eae-slider=\"57059\" data-id=\"2ef1ccd\" data-element_type=\"section\">\n\t\t\t\t\t\t<div class=\"elementor-container elementor-column-gap-default\">\n\t\t\t\t\t<div class=\"has_eae_slider elementor-column elementor-col-66 elementor-top-column elementor-element elementor-element-f12b67d\" data-eae-slider=\"9314\" data-id=\"f12b67d\" data-element_type=\"column\">\n\t\t\t<div class=\"elementor-widget-wrap\">\n\t\t\t\t\t\t\t<\/div>\n\t\t<\/div>\n\t\t\t\t<div class=\"has_eae_slider elementor-column elementor-col-33 elementor-top-column elementor-element elementor-element-26e5d5f\" data-eae-slider=\"47196\" data-id=\"26e5d5f\" data-element_type=\"column\">\n\t\t\t<div class=\"elementor-widget-wrap\">\n\t\t\t\t\t\t\t<\/div>\n\t\t<\/div>\n\t\t\t\t\t<\/div>\n\t\t<\/section>\n\t\t\t\t<\/div>\n\t\t","protected":false},"excerpt":{"rendered":"<p>Personal diplom\u00e1tico Roberto Calzadilla Sarmiento Embajador del Estado Plurinacional de Bolivia ante los Pa\u00edses Bajos Adem\u00e1s de su rol como Embajador, \u00e9l es Agente del\u00a0 Estado Plurinacional ante la Corte Internacional de Justicia con sede en La Haya\u00a0 (diciembre 2021-presente). Miembro de la Corte Permanente de Arbitraje de La\u00a0 Haya. Representante Permanente de Bolivia ante [&hellip;]<\/p>\n","protected":false},"author":12,"featured_media":0,"parent":0,"menu_order":0,"comment_status":"closed","ping_status":"closed","template":"","meta":{"_eb_attr":"","footnotes":""},"class_list":["post-5678","page","type-page","status-publish","hentry"],"_links":{"self":[{"href":"https:\/\/embassyofbolivia.nl\/wp-old\/wp-json\/wp\/v2\/pages\/5678","targetHints":{"allow":["GET"]}}],"collection":[{"href":"https:\/\/embassyofbolivia.nl\/wp-old\/wp-json\/wp\/v2\/pages"}],"about":[{"href":"https:\/\/embassyofbolivia.nl\/wp-old\/wp-json\/wp\/v2\/types\/page"}],"author":[{"embeddable":true,"href":"https:\/\/embassyofbolivia.nl\/wp-old\/wp-json\/wp\/v2\/users\/12"}],"replies":[{"embeddable":true,"href":"https:\/\/embassyofbolivia.nl\/wp-old\/wp-json\/wp\/v2\/comments?post=5678"}],"version-history":[{"count":5,"href":"https:\/\/embassyofbolivia.nl\/wp-old\/wp-json\/wp\/v2\/pages\/5678\/revisions"}],"predecessor-version":[{"id":5775,"href":"https:\/\/embassyofbolivia.nl\/wp-old\/wp-json\/wp\/v2\/pages\/5678\/revisions\/5775"}],"wp:attachment":[{"href":"https:\/\/embassyofbolivia.nl\/wp-old\/wp-json\/wp\/v2\/media?parent=5678"}],"curies":[{"name":"wp","href":"https:\/\/api.w.org\/{rel}","templated":true}]}}