{"id":5560,"date":"2022-01-24T20:43:29","date_gmt":"2022-01-24T19:43:29","guid":{"rendered":"https:\/\/embassyofbolivia.nl\/?page_id=5560"},"modified":"2025-05-14T13:45:36","modified_gmt":"2025-05-14T11:45:36","slug":"documentos-de-interes","status":"publish","type":"page","link":"https:\/\/embassyofbolivia.nl\/wp-old\/documentos-de-interes\/","title":{"rendered":"Documentos de inter\u00e9s"},"content":{"rendered":"\n<p>Descargue estos documentos de manera gratuita haciendo clic en el enlace debajo de cada documento.<\/p>\n\n\n\n<div class=\"wp-block-columns is-layout-flex wp-container-core-columns-is-layout-9d6595d7 wp-block-columns-is-layout-flex\">\n<div class=\"wp-block-column is-layout-flow wp-block-column-is-layout-flow\">\n<p>La Embajada de Bolivia en Pa\u00edses Bajos pone a disposici\u00f3n la primera temporada de la serie animada en 3D denominada Trascender \u2013 \u201cLas Tres Leyes Ancestrales\u201d, basada en nuestros principios \u201cAMA SUWA, AMA LLULLA, AMA QHILLA\u201d, busca fortalecer los valores de Integridad, honestidad y transparencia.<\/p>\n\n\n\n<figure class=\"wp-block-embed is-type-video is-provider-youtube wp-block-embed-youtube wp-embed-aspect-16-9 wp-has-aspect-ratio\"><div class=\"wp-block-embed__wrapper\">\n<iframe title=\"Trascender Las 3 Leyes Ancestrales Completo\" width=\"500\" height=\"281\" src=\"https:\/\/www.youtube.com\/embed\/hYnRIgFW-q0?feature=oembed\" frameborder=\"0\" allow=\"accelerometer; autoplay; clipboard-write; encrypted-media; gyroscope; picture-in-picture; web-share\" referrerpolicy=\"strict-origin-when-cross-origin\" allowfullscreen><\/iframe>\n<\/div><\/figure>\n\n\n\n<p><\/p>\n<\/div>\n\n\n\n<div class=\"wp-block-column is-layout-flow wp-block-column-is-layout-flow\">\n<p>La Embajada del Estado Plurinacional de Bolivia tiene el agrado de presentar el Bolet\u00edn Informativo 2024 que incluye actividades de la misi\u00f3n permanente y las acciones bilaterales, culturales, tur\u00edsticas, comerciales y consulares que se llevaron a cabo durante la pasada gesti\u00f3n, adem\u00e1s de contener entrevistas de bolivianos y bolivianas cuyo aporte se destaca en la comunidad.<\/p>\n\n\n\n<p>Enlace: <a href=\"https:\/\/online.fliphtml5.com\/axbzf\/jbfs\/\">https:\/\/online.fliphtml5.com\/axbzf\/jbfs\/<\/a><\/p>\n\n\n\n<div data-wp-interactive=\"core\/file\" class=\"wp-block-file\"><object data-wp-bind--hidden=\"!state.hasPdfPreview\" hidden class=\"wp-block-file__embed\" data=\"https:\/\/embassyofbolivia.nl\/wp-content\/uploads\/2025\/05\/boletin-enero-diciembre-2024.pdf\" type=\"application\/pdf\" style=\"width:100%;height:600px\" aria-label=\"Incrustado de boletin enero-diciembre 2024.\"><\/object><a id=\"wp-block-file--media-533311ce-b3c6-4392-9eb0-da2fa8130f20\" href=\"https:\/\/embassyofbolivia.nl\/wp-content\/uploads\/2025\/05\/boletin-enero-diciembre-2024.pdf\">boletin enero-diciembre 2024<\/a><a href=\"https:\/\/embassyofbolivia.nl\/wp-content\/uploads\/2025\/05\/boletin-enero-diciembre-2024.pdf\" class=\"wp-block-file__button wp-element-button\" download aria-describedby=\"wp-block-file--media-533311ce-b3c6-4392-9eb0-da2fa8130f20\">Descarga<\/a><\/div>\n<\/div>\n<\/div>\n\n\n\n<div class=\"wp-block-columns is-layout-flex wp-container-core-columns-is-layout-9d6595d7 wp-block-columns-is-layout-flex\">\n<div class=\"wp-block-column is-layout-flow wp-block-column-is-layout-flow\">\n<p>As\u00ed como, &nbsp;la segunda temporada: Trascender \u2013\u201cLa Segunda Tierra\u201d, basada en la mitolog\u00eda guaran\u00ed y de tierras bajas.<\/p>\n\n\n\n<p>\u201cLa Segunda Tierra\u201d<\/p>\n\n\n\n<figure class=\"wp-block-embed is-type-video is-provider-youtube wp-block-embed-youtube wp-embed-aspect-16-9 wp-has-aspect-ratio\"><div class=\"wp-block-embed__wrapper\">\n<iframe title=\"La Segunda Tierra\" width=\"500\" height=\"281\" src=\"https:\/\/www.youtube.com\/embed\/videoseries?list=PLNK5LdZFxlxb_zQ5Qg8mmQJnGtkdqEmiM\" frameborder=\"0\" allow=\"accelerometer; autoplay; clipboard-write; encrypted-media; gyroscope; picture-in-picture; web-share\" referrerpolicy=\"strict-origin-when-cross-origin\" allowfullscreen><\/iframe>\n<\/div><\/figure>\n<\/div>\n\n\n\n<div class=\"wp-block-column is-layout-flow wp-block-column-is-layout-flow\">\n<figure class=\"wp-block-image size-large is-style-default\"><a href=\"https:\/\/heyzine.com\/flip-book\/38b1eff4eb.html\"><img fetchpriority=\"high\" decoding=\"async\" width=\"722\" height=\"1024\" src=\"https:\/\/embassyofbolivia.nl\/wp-content\/uploads\/2024\/04\/Boletin18042024-722x1024.jpg\" alt=\"\" class=\"wp-image-8006\" style=\"object-fit:cover\" srcset=\"https:\/\/embassyofbolivia.nl\/wp-old\/wp-content\/uploads\/2024\/04\/Boletin18042024-722x1024.jpg 722w, https:\/\/embassyofbolivia.nl\/wp-old\/wp-content\/uploads\/2024\/04\/Boletin18042024-211x300.jpg 211w, https:\/\/embassyofbolivia.nl\/wp-old\/wp-content\/uploads\/2024\/04\/Boletin18042024-768x1090.jpg 768w, https:\/\/embassyofbolivia.nl\/wp-old\/wp-content\/uploads\/2024\/04\/Boletin18042024-1083x1536.jpg 1083w, https:\/\/embassyofbolivia.nl\/wp-old\/wp-content\/uploads\/2024\/04\/Boletin18042024.jpg 1211w\" sizes=\"(max-width: 722px) 100vw, 722px\" \/><\/a><\/figure>\n\n\n\n<p><\/p>\n<\/div>\n<\/div>\n\n\n\n<div class=\"wp-block-columns is-layout-flex wp-container-core-columns-is-layout-9d6595d7 wp-block-columns-is-layout-flex\">\n<div class=\"wp-block-column is-layout-flow wp-block-column-is-layout-flow\">\n<figure class=\"wp-block-image size-large is-style-default\"><a href=\"https:\/\/embassyofbolivia.nl\/wp-content\/uploads\/2024\/01\/DISCURSOVICEPRESIDENTE220124.pdf\"><img decoding=\"async\" width=\"693\" height=\"1024\" src=\"https:\/\/embassyofbolivia.nl\/wp-content\/uploads\/2024\/01\/22enero-693x1024.jpg\" alt=\"\" class=\"wp-image-7880\"\/><\/a><\/figure>\n\n\n\n<p><a href=\"https:\/\/embassyofbolivia.nl\/wp-content\/uploads\/2024\/01\/DISCURSOVICEPRESIDENTE220124.pdf\">DESCARGAR<\/a><\/p>\n<\/div>\n\n\n\n<div class=\"wp-block-column is-layout-flow wp-block-column-is-layout-flow\">\n<figure class=\"wp-block-image size-large is-style-default\"><img decoding=\"async\" width=\"1024\" height=\"700\" src=\"https:\/\/embassyofbolivia.nl\/wp-content\/uploads\/2024\/01\/LA230124-1024x700.jpeg\" alt=\"\" class=\"wp-image-7887\" style=\"object-fit:cover\" srcset=\"https:\/\/embassyofbolivia.nl\/wp-old\/wp-content\/uploads\/2024\/01\/LA230124-1024x700.jpeg 1024w, https:\/\/embassyofbolivia.nl\/wp-old\/wp-content\/uploads\/2024\/01\/LA230124-300x205.jpeg 300w, https:\/\/embassyofbolivia.nl\/wp-old\/wp-content\/uploads\/2024\/01\/LA230124-768x525.jpeg 768w, https:\/\/embassyofbolivia.nl\/wp-old\/wp-content\/uploads\/2024\/01\/LA230124-1536x1050.jpeg 1536w, https:\/\/embassyofbolivia.nl\/wp-old\/wp-content\/uploads\/2024\/01\/LA230124-2048x1400.jpeg 2048w\" sizes=\"(max-width: 1024px) 100vw, 1024px\" \/><\/figure>\n\n\n\n<p class=\"has-text-align-left\" style=\"font-size:14px\">(La Paz, 22 de enero, Viceministerio de Comunicaci\u00f3n).- El presidente Luis Arce Catacora afirm\u00f3 este lunes, que se conmemora el D\u00eda del Estado Plurinacional de Bolivia, que el pa\u00eds ya transita por el camino de la industrializaci\u00f3n de los recursos renovables y no renovables para sustituir importaciones, por lo que llega el tiempo de la cosecha que ser\u00e1 abundante y diversa producto de las millonarias inversiones que se realizan en el pa\u00eds.<\/p>\n\n\n\n<p><\/p>\n\n\n\n<p><\/p>\n\n\n\n<p class=\"has-text-align-left\"><a href=\"https:\/\/embassyofbolivia.nl\/wp-content\/uploads\/2024\/01\/PresidenteIndustrializacionCosecha.pdf\">DESCARGAR<\/a><\/p>\n<\/div>\n<\/div>\n\n\n\n<div class=\"wp-block-columns is-layout-flex wp-container-core-columns-is-layout-9d6595d7 wp-block-columns-is-layout-flex\">\n<div class=\"wp-block-column is-layout-flow wp-block-column-is-layout-flow\">\n<figure class=\"wp-block-image size-large is-style-default\"><img loading=\"lazy\" decoding=\"async\" width=\"1024\" height=\"683\" src=\"https:\/\/embassyofbolivia.nl\/wp-content\/uploads\/2023\/09\/Discpresidente-1024x683.jpg\" alt=\"\" class=\"wp-image-7677\" srcset=\"https:\/\/embassyofbolivia.nl\/wp-old\/wp-content\/uploads\/2023\/09\/Discpresidente-1024x683.jpg 1024w, https:\/\/embassyofbolivia.nl\/wp-old\/wp-content\/uploads\/2023\/09\/Discpresidente-300x200.jpg 300w, https:\/\/embassyofbolivia.nl\/wp-old\/wp-content\/uploads\/2023\/09\/Discpresidente-768x512.jpg 768w, https:\/\/embassyofbolivia.nl\/wp-old\/wp-content\/uploads\/2023\/09\/Discpresidente.jpg 1199w\" sizes=\"(max-width: 1024px) 100vw, 1024px\" \/><figcaption class=\"wp-element-caption\">El Presidente del Estado Plurinacional de Bolivia, Luis Alberto Arce Catacora particip\u00f3 en Asamblea de las Naciones Unidas, llevada a cabo del 19 al 26 de septiembre, en la cual remarc\u00f3 que remarc\u00f3 la necesidad de un nuevo orden mundial, en la cual comparti\u00f3 siete ideas y planteamientos que est\u00e1n reflejados en el discurso. Descargue el discurso completo en el siguiente enlace.     <br> <a href=\"https:\/\/embassyofbolivia.nl\/wp-content\/uploads\/2023\/09\/NC-4-23-DISCURSO-LAAC-SESION-DE-ASAMBLEA-ONU.pdf\"><strong>DESCARGAR<\/strong><\/a><\/figcaption><\/figure>\n<\/div>\n\n\n\n<div class=\"wp-block-column is-layout-flow wp-block-column-is-layout-flow\"><div class=\"wp-block-image is-style-default\">\n<figure class=\"alignleft size-full\"><img loading=\"lazy\" decoding=\"async\" width=\"755\" height=\"747\" src=\"https:\/\/embassyofbolivia.nl\/wp-content\/uploads\/2023\/05\/docsqr.jpg\" alt=\"\" class=\"wp-image-7556\" style=\"aspect-ratio:1.0145348837209303;object-fit:cover\" srcset=\"https:\/\/embassyofbolivia.nl\/wp-old\/wp-content\/uploads\/2023\/05\/docsqr.jpg 755w, https:\/\/embassyofbolivia.nl\/wp-old\/wp-content\/uploads\/2023\/05\/docsqr-300x297.jpg 300w, https:\/\/embassyofbolivia.nl\/wp-old\/wp-content\/uploads\/2023\/05\/docsqr-120x120.jpg 120w\" sizes=\"(max-width: 755px) 100vw, 755px\" \/><figcaption class=\"wp-element-caption\"><br><br><br><strong><a href=\"https:\/\/embassyofbolivia.nl\/wp-content\/uploads\/2023\/05\/Anexo-2-NC-1-23-InsumosViceministerioDescolonizacion.pdf\">DESCARGAR<\/a><\/strong><\/figcaption><\/figure><\/div><\/div>\n<\/div>\n\n\n\n<div class=\"wp-block-columns is-layout-flex wp-container-core-columns-is-layout-9d6595d7 wp-block-columns-is-layout-flex\">\n<div class=\"wp-block-column is-layout-flow wp-block-column-is-layout-flow\">\n<figure class=\"wp-block-image size-full is-resized is-style-default\"><img loading=\"lazy\" decoding=\"async\" width=\"587\" height=\"405\" src=\"https:\/\/embassyofbolivia.nl\/wp-content\/uploads\/2023\/05\/mensajepresidencial2023.jpg\" alt=\"\" class=\"wp-image-7470\" srcset=\"https:\/\/embassyofbolivia.nl\/wp-old\/wp-content\/uploads\/2023\/05\/mensajepresidencial2023.jpg 587w, https:\/\/embassyofbolivia.nl\/wp-old\/wp-content\/uploads\/2023\/05\/mensajepresidencial2023-300x207.jpg 300w\" sizes=\"(max-width: 587px) 100vw, 587px\" \/><figcaption class=\"wp-element-caption\"><br><br><br><br><br><br><br><br><strong><a href=\"https:\/\/embassyofbolivia.nl\/wp-content\/uploads\/2023\/05\/Mensajepresidencial.pdf\">DESCARGAR<\/a><\/strong><\/figcaption><\/figure>\n<\/div>\n\n\n\n<div class=\"wp-block-column is-layout-flow wp-block-column-is-layout-flow\">\n<figure class=\"wp-block-image size-large is-resized is-style-default\"><img decoding=\"async\" src=\"https:\/\/embassyofbolivia.nl\/wp-content\/uploads\/2022\/07\/oferta-exportable.png\" alt=\"\"\/><figcaption class=\"wp-element-caption\"><a href=\"https:\/\/embassyofbolivia.nl\/wp-content\/uploads\/2022\/07\/Oferta-Exportable-v.4.pdf\"><strong>DESCARGAR<\/strong><\/a><\/figcaption><\/figure>\n<\/div>\n<\/div>\n\n\n\n<div class=\"wp-block-columns is-layout-flex wp-container-core-columns-is-layout-9d6595d7 wp-block-columns-is-layout-flex\">\n<div class=\"wp-block-column is-layout-flow wp-block-column-is-layout-flow\">\n<figure class=\"wp-block-image size-large is-resized is-style-default\"><img decoding=\"async\" src=\"https:\/\/embassyofbolivia.nl\/wp-content\/uploads\/2022\/07\/EBA.png\" alt=\"\"\/><figcaption class=\"wp-element-caption\"><strong><a href=\"https:\/\/embassyofbolivia.nl\/wp-content\/uploads\/2022\/07\/EBA-Data-sheet.pdf\">DESCARGAR<\/a><\/strong><\/figcaption><\/figure>\n<\/div>\n\n\n\n<div class=\"wp-block-column is-layout-flow wp-block-column-is-layout-flow\">\n<figure class=\"wp-block-image size-large is-resized is-style-default\"><img decoding=\"async\" src=\"https:\/\/embassyofbolivia.nl\/wp-content\/uploads\/2022\/04\/Discurso-Madre-Tierra-e1650748075110-816x1024.png\" alt=\"\"\/><figcaption class=\"wp-element-caption\"><strong><a href=\"https:\/\/embassyofbolivia.nl\/wp-content\/uploads\/2022\/04\/ESP-Discurso-del-Presidente-Luis-Arce-Catacora-en-el-Dia%CC%81logo-Interactivo-de-la-AG-de-la-ONU-sobre-Armoni%CC%81a-con-la-Naturaleza.pdf\">DESCARGA<\/a><\/strong><\/figcaption><\/figure>\n<\/div>\n<\/div>\n\n\n\n<div class=\"wp-block-columns is-layout-flex wp-container-core-columns-is-layout-9d6595d7 wp-block-columns-is-layout-flex\">\n<div class=\"wp-block-column is-layout-flow wp-block-column-is-layout-flow\">\n<figure class=\"wp-block-image size-full is-resized is-style-default\"><img loading=\"lazy\" decoding=\"async\" width=\"575\" height=\"724\" src=\"https:\/\/embassyofbolivia.nl\/wp-content\/uploads\/2022\/01\/guia-medicina-cover-1.png\" alt=\"\" class=\"wp-image-5526\" srcset=\"https:\/\/embassyofbolivia.nl\/wp-old\/wp-content\/uploads\/2022\/01\/guia-medicina-cover-1.png 575w, https:\/\/embassyofbolivia.nl\/wp-old\/wp-content\/uploads\/2022\/01\/guia-medicina-cover-1-238x300.png 238w\" sizes=\"(max-width: 575px) 100vw, 575px\" \/><figcaption class=\"wp-element-caption\"><strong><a href=\"https:\/\/embassyofbolivia.nl\/wp-content\/uploads\/2022\/01\/Guia-Medicina-Tradicional.pdf\">DESCARGAR<\/a><\/strong><\/figcaption><\/figure>\n<\/div>\n\n\n\n<div class=\"wp-block-column is-layout-flow wp-block-column-is-layout-flow\">\n<figure class=\"wp-block-image size-large is-resized is-style-default\"><img decoding=\"async\" src=\"https:\/\/embassyofbolivia.nl\/wp-content\/uploads\/2022\/01\/illipacha-cover-2.png\" alt=\"\"\/><figcaption class=\"wp-element-caption\"><strong><a href=\"https:\/\/embassyofbolivia.nl\/wp-content\/uploads\/2022\/01\/ILLAPACHA-Y-EL-ILLAPA-EQEQO-THUNUPA-SU-RETORNO.pdf\">DESCARGAR<\/a><\/strong><\/figcaption><\/figure>\n<\/div>\n<\/div>\n\n\n\n<div class=\"wp-block-columns is-layout-flex wp-container-core-columns-is-layout-9d6595d7 wp-block-columns-is-layout-flex\">\n<div class=\"wp-block-column is-layout-flow wp-block-column-is-layout-flow\">\n<figure class=\"wp-block-image size-large is-resized is-style-default\"><img decoding=\"async\" src=\"https:\/\/embassyofbolivia.nl\/wp-content\/uploads\/2022\/01\/libro-del-mar.png\" alt=\"\"\/><figcaption class=\"wp-element-caption\"><strong><a href=\"https:\/\/embassyofbolivia.nl\/wp-content\/uploads\/2022\/01\/El-libro-del-mar-1.pdf\">DESCARGAR<\/a><\/strong><\/figcaption><\/figure>\n<\/div>\n\n\n\n<div class=\"wp-block-column is-layout-flow wp-block-column-is-layout-flow\">\n<figure class=\"wp-block-image size-large is-resized is-style-default\"><img decoding=\"async\" src=\"https:\/\/embassyofbolivia.nl\/wp-content\/uploads\/2022\/01\/GIEI-bolivia.png\" alt=\"\"\/><figcaption class=\"wp-element-caption\"><strong><a href=\"https:\/\/embassyofbolivia.nl\/wp-content\/uploads\/2022\/01\/2021-GIEI-Bolivia-informe-final.pdf\">DESCARGAR<\/a><\/strong><\/figcaption><\/figure>\n<\/div>\n<\/div>\n\n\n\n<p><style>\/*! elementor - v3.11.2 - 22-02-2023 *\/<br \/>\n.elementor-widget-image{text-align:center}.elementor-widget-image a{display:inline-block}.elementor-widget-image a img[src$=\".svg\"]{width:48px}.elementor-widget-image img{vertical-align:middle;display:inline-block}<\/style><\/p>\n\n\n\n<p><style>\/*! elementor - v3.11.2 - 22-02-2023 *\/<br \/>\n.elementor-column .elementor-spacer-inner{height:var(--spacer-size)}.e-con{--container-widget-width:100%}.e-con-inner>.elementor-widget-spacer,.e-con>.elementor-widget-spacer{width:var(--container-widget-width,var(--spacer-size));--align-self:var(--container-widget-align-self,initial);--flex-shrink:0}.e-con-inner>.elementor-widget-spacer>.elementor-widget-container,.e-con-inner>.elementor-widget-spacer>.elementor-widget-container>.elementor-spacer,.e-con>.elementor-widget-spacer>.elementor-widget-container,.e-con>.elementor-widget-spacer>.elementor-widget-container>.elementor-spacer{height:100%}.e-con-inner>.elementor-widget-spacer>.elementor-widget-container>.elementor-spacer>.elementor-spacer-inner,.e-con>.elementor-widget-spacer>.elementor-widget-container>.elementor-spacer>.elementor-spacer-inner{height:var(--container-widget-height,var(--spacer-size))}<\/style><\/p>\n","protected":false},"excerpt":{"rendered":"<p>Descargue estos documentos de manera gratuita haciendo clic en el enlace debajo de cada documento. La Embajada de Bolivia en Pa\u00edses Bajos pone a disposici\u00f3n la primera temporada de la serie animada en 3D denominada Trascender \u2013 \u201cLas Tres Leyes Ancestrales\u201d, basada en nuestros principios \u201cAMA SUWA, AMA LLULLA, AMA QHILLA\u201d, busca fortalecer los valores [&hellip;]<\/p>\n","protected":false},"author":12,"featured_media":8006,"parent":0,"menu_order":0,"comment_status":"closed","ping_status":"closed","template":"","meta":{"_eb_attr":"","footnotes":""},"class_list":["post-5560","page","type-page","status-publish","has-post-thumbnail","hentry"],"_links":{"self":[{"href":"https:\/\/embassyofbolivia.nl\/wp-old\/wp-json\/wp\/v2\/pages\/5560","targetHints":{"allow":["GET"]}}],"collection":[{"href":"https:\/\/embassyofbolivia.nl\/wp-old\/wp-json\/wp\/v2\/pages"}],"about":[{"href":"https:\/\/embassyofbolivia.nl\/wp-old\/wp-json\/wp\/v2\/types\/page"}],"author":[{"embeddable":true,"href":"https:\/\/embassyofbolivia.nl\/wp-old\/wp-json\/wp\/v2\/users\/12"}],"replies":[{"embeddable":true,"href":"https:\/\/embassyofbolivia.nl\/wp-old\/wp-json\/wp\/v2\/comments?post=5560"}],"version-history":[{"count":8,"href":"https:\/\/embassyofbolivia.nl\/wp-old\/wp-json\/wp\/v2\/pages\/5560\/revisions"}],"predecessor-version":[{"id":8283,"href":"https:\/\/embassyofbolivia.nl\/wp-old\/wp-json\/wp\/v2\/pages\/5560\/revisions\/8283"}],"wp:featuredmedia":[{"embeddable":true,"href":"https:\/\/embassyofbolivia.nl\/wp-old\/wp-json\/wp\/v2\/media\/8006"}],"wp:attachment":[{"href":"https:\/\/embassyofbolivia.nl\/wp-old\/wp-json\/wp\/v2\/media?parent=5560"}],"curies":[{"name":"wp","href":"https:\/\/api.w.org\/{rel}","templated":true}]}}