{"id":536,"date":"2020-09-29T20:30:22","date_gmt":"2020-09-29T18:30:22","guid":{"rendered":"http:\/\/www.embassyofbolivia.nl\/?page_id=536"},"modified":"2021-11-27T02:53:07","modified_gmt":"2021-11-27T01:53:07","slug":"visa-de-estudiante","status":"publish","type":"page","link":"https:\/\/embassyofbolivia.nl\/wp-old\/visa-de-estudiante\/","title":{"rendered":"Visa de estudiante"},"content":{"rendered":"<div id=\"pl-536\" class=\"panel-layout\">\n<div id=\"pg-536-0\" class=\"panel-grid panel-no-style\">\n<div id=\"pgc-536-0-0\" class=\"panel-grid-cell\" data-weight=\"1\">\n<div id=\"panel-536-0-0-0\" class=\"so-panel widget widget_sow-editor panel-first-child panel-last-child\" data-index=\"0\" data-style=\"{&quot;background_image_attachment&quot;:false,&quot;background_display&quot;:&quot;tile&quot;}\">\n<div class=\"so-widget-sow-editor so-widget-sow-editor-base\">\n<div class=\"siteorigin-widget-tinymce textwidget\">\n<p style=\"text-align: justify;\">\n<\/div>\n<div><\/div>\n<\/div>\n<p class=\"p1\">Visa de estudiante: Es otorgada por sesenta (60) d\u00edas calendario, con el prop\u00f3sito de cursar estudios a nivel primario, secundario y en instituciones de educaci\u00f3n superior de formaci\u00f3n profesional, habilita a tramitar la permanencia temporal de estudiante hasta por tres (3) a\u00f1os, prorrogable por periodos de hasta tres (3) a\u00f1os, hasta la culminaci\u00f3n de sus estudios ante la Direcci\u00f3n General de Migraci\u00f3n.<\/p>\n<p class=\"p2\">En caso de visa de estudiante de intercambio con o sin convenio estatal el visado es por ciento ochenta (180) d\u00edas y habilita a tramitar la permanencia temporal en Bolivia por un periodo similar, ante la Direcci\u00f3n General de Migraciones.<\/p>\n<p class=\"p3\"><b>Requisitos:<\/b><\/p>\n<ol class=\"ol1\">\n<li class=\"li2\"><a href=\"https:\/\/embassyofbolivia.nl\/wp-content\/uploads\/2020\/11\/Yellow-Fever-Fiebre-Amarilla.pdf\"><span class=\"s1\">Certificado de vacuna contra la<\/span><\/a> <a href=\"https:\/\/embassyofbolivia.nl\/wp-content\/uploads\/2020\/11\/Yellow-Fever-Fiebre-Amarilla.pdf\"><span class=\"s1\">fiebre amarilla<\/span><\/a> (En caso que se visite alguna regi\u00f3n end\u00e9mica: verificar la lista)<\/li>\n<li class=\"li2\">Prueba de solvencia econ\u00f3mica (ultimo extracto bancario)<\/li>\n<li class=\"li2\">Itinerario de vuelo ida y retorno<\/li>\n<li class=\"li2\">Pasaporte (con validez mayor a 6 meses)<\/li>\n<li class=\"li2\">Carta de aceptaci\u00f3n firmada por el colegio, la universidad o instituto educativo.<\/li>\n<li class=\"li2\">Foto 4 x 4 cm o tipo pasaporte (reciente, a colores y con fondo blanco)<\/li>\n<li class=\"li2\">Formulario de aplicaci\u00f3n (llenado y firmado). El formulario es generado autom\u00e1ticamente por el Sistema a trav\u00e9s del <a href=\"https:\/\/portalmre.rree.gob.bo\/formvisas\/\"><span class=\"s1\">sitio web<\/span><\/a>.<\/li>\n<li class=\"li2\">El aplicante debe cargar todos los documentos requeridos al Sistema a trav\u00e9s del <a href=\"https:\/\/portalmre.rree.gob.bo\/formvisas\/\"><span class=\"s1\">siguiente link<\/span><\/a>.<\/li>\n<li class=\"li2\">Una vez finalizada la aplicaci\u00f3n, debe remitir el formulario generado en PDF a la direcci\u00f3n de correo electr\u00f3nico: <a href=\"mailto:boliviaconsularlahaya@gmail.com\"><span class=\"s1\">boliviaconsularlahaya@gmail.com<\/span><\/a> (para Pa\u00edses Bajos). La secci\u00f3n consular verificar\u00e1 la informaci\u00f3n cargada y proceder\u00e1 a fijar la cita.<\/li>\n<\/ol>\n<p class=\"p3\">El d\u00eda de la cita el aplicante debe presentar toda la documentaci\u00f3n original.<\/p>\n<p class=\"p3\"><b>Costo sin Convenio Estatal<\/b>: 50 USD<\/p>\n<p class=\"p2\">* La Secci\u00f3n Consular le enviar\u00e1 la cuenta a la cual debe realizar el dep\u00f3sito antes de su cita.<\/p>\n<p class=\"p3\"><b>Costo con Convenio Estatal<\/b>: Gratuito<\/p>\n<\/div>\n<\/div>\n<\/div>\n<\/div>\n","protected":false},"excerpt":{"rendered":"<p>Visa de estudiante: Es otorgada por sesenta (60) d\u00edas calendario, con el prop\u00f3sito de cursar estudios a nivel primario, secundario y en instituciones de educaci\u00f3n superior de formaci\u00f3n profesional, habilita a tramitar la permanencia temporal de estudiante hasta por tres (3) a\u00f1os, prorrogable por periodos de hasta tres (3) a\u00f1os, hasta la culminaci\u00f3n de sus [&hellip;]<\/p>\n","protected":false},"author":3,"featured_media":0,"parent":0,"menu_order":0,"comment_status":"closed","ping_status":"closed","template":"","meta":{"_eb_attr":"","footnotes":""},"class_list":["post-536","page","type-page","status-publish","hentry"],"_links":{"self":[{"href":"https:\/\/embassyofbolivia.nl\/wp-old\/wp-json\/wp\/v2\/pages\/536","targetHints":{"allow":["GET"]}}],"collection":[{"href":"https:\/\/embassyofbolivia.nl\/wp-old\/wp-json\/wp\/v2\/pages"}],"about":[{"href":"https:\/\/embassyofbolivia.nl\/wp-old\/wp-json\/wp\/v2\/types\/page"}],"author":[{"embeddable":true,"href":"https:\/\/embassyofbolivia.nl\/wp-old\/wp-json\/wp\/v2\/users\/3"}],"replies":[{"embeddable":true,"href":"https:\/\/embassyofbolivia.nl\/wp-old\/wp-json\/wp\/v2\/comments?post=536"}],"version-history":[{"count":5,"href":"https:\/\/embassyofbolivia.nl\/wp-old\/wp-json\/wp\/v2\/pages\/536\/revisions"}],"predecessor-version":[{"id":4979,"href":"https:\/\/embassyofbolivia.nl\/wp-old\/wp-json\/wp\/v2\/pages\/536\/revisions\/4979"}],"wp:attachment":[{"href":"https:\/\/embassyofbolivia.nl\/wp-old\/wp-json\/wp\/v2\/media?parent=536"}],"curies":[{"name":"wp","href":"https:\/\/api.w.org\/{rel}","templated":true}]}}