{"id":533,"date":"2020-09-29T20:27:48","date_gmt":"2020-09-29T18:27:48","guid":{"rendered":"http:\/\/www.embassyofbolivia.nl\/?page_id=533"},"modified":"2025-07-09T18:20:17","modified_gmt":"2025-07-09T16:20:17","slug":"visa-de-turismo","status":"publish","type":"page","link":"https:\/\/embassyofbolivia.nl\/wp-old\/visa-de-turismo\/","title":{"rendered":"Visa de turismo"},"content":{"rendered":"<div id=\"pl-533\" class=\"panel-layout\">\n<div id=\"pg-533-0\" class=\"panel-grid panel-no-style\">\n<div id=\"pgc-533-0-0\" class=\"panel-grid-cell\" data-weight=\"1\">\n<div id=\"panel-533-0-0-0\" class=\"so-panel widget widget_sow-editor panel-first-child panel-last-child\" data-index=\"0\" data-style=\"{&quot;background_image_attachment&quot;:false,&quot;background_display&quot;:&quot;tile&quot;}\">\n<div class=\"so-widget-sow-editor so-widget-sow-editor-base\">\n<div class=\"siteorigin-widget-tinymce textwidget\">\n<p>Es otorgada por treinta (30) d\u00edas calendario, con el prop\u00f3sito de descanso o esparcimiento que no implique el ejercicio de actividad remunerada o lucrativa por cuenta propia o ajena y habilita a tramitar la permanencia transitoria por turismo o visita ante la Direcci\u00f3n General de Migraci\u00f3n por dos (2) periodos similares. La estad\u00eda para turistas es de noventa (90) d\u00edas calendario como m\u00e1ximo por a\u00f1o. Para visitas de turismo a Bolivia, se aplica seg\u00fan grupos de pa\u00edses detallados en \u201cInformaci\u00f3n General\u201d<\/p>\n<p>Para el ingreso de personas extranjeras al territorio boliviano con fines de turismo o visita, se establecen los siguientes criterios de clasificaci\u00f3n:<\/p>\n<ol>\n<li>Pa\u00edses Grupo I: Las personas extranjeras pertenecientes al Grupo I de pa\u00edses no requieren visa de turismo o visita, o autorizaci\u00f3n de ingreso por turismo o visita para su ingreso a territorio boliviano, debiendo presentar el documento nacional de identidad o el pasaporte v\u00e1lido y vigente, en el marco de los instrumentos normativos o acuerdos internacionales vigentes suscritos por el Estado Plurinacional de Bolivia;<\/li>\n<li>Pa\u00edses Grupo II: Las personas extranjeras pertenecientes al Grupo II de pa\u00edses requieren visa de turismo o visita, o autorizaci\u00f3n de ingreso por turismo o visita, para su ingreso a territorio boliviano;<\/li>\n<li>Pa\u00edses Grupo III: Las personas extranjeras pertenecientes al Grupo III de pa\u00edses requieren visa de turismo o visita para ingresar a territorio boliviano, previa verificaci\u00f3n de requisitos y autorizaci\u00f3n de la Direcci\u00f3n General de Migraci\u00f3n.<\/li>\n<\/ol>\n<p>Para realizar el tr\u00e1mite de solicitud de visa: <span><a href=\"https:\/\/visas.cancilleria.gob.bo\/#\/\">https:\/\/visas.cancilleria.gob.bo\/#\/<\/a><\/span><\/p>\n<p>Los requisitos para esta visa consultarlos en el <a href=\"_wp_link_placeholder\" data-wplink-edit=\"true\"><span style=\"text-decoration: underline;\">siguiente archivo<\/span><\/a>\u00a0<\/p>\n<p><img decoding=\"async\" class=\"alignnone size-full wp-image-8367\" src=\"https:\/\/embassyofbolivia.nl\/wp-content\/uploads\/2025\/07\/QR.png\" alt=\"\" width=\"149\" height=\"143\" \/><\/p>\n<p>Tomar en cuenta las siguientes recomendaciones:<\/p>\n<ul>\n<li>La fotograf\u00eda debe ser reciente fondo blanco, tipo pasaporte.<\/li>\n<li>El itinerario de viaje debe incluir los pasajes de avi\u00f3n y\/o de bus.<\/li>\n<li>Las reservas de alojamiento deben mostrar al menos 2 noches de estad\u00eda, o carta de invitaci\u00f3n tramitada en la Direcci\u00f3n General de Migraci\u00f3n: \u00a0<span><a href=\"https:\/\/migracion.gob.bo\/\">https:\/\/migracion.gob.bo\/<\/a><\/span>.<\/li>\n<li>La solvencia econ\u00f3mica debe contener el extracto bancario de los \u00faltimos tres meses.<\/li>\n<\/ul>\n<p>Para agendar una cita, env\u00ede el formulario generado al siguiente correo electr\u00f3nico: <span><a href=\"mailto:boliviaconsularlahaya@gmail.com\">boliviaconsularlahaya@gmail.com<\/a><\/span>, o comunicarse al 0703616707.<\/p>\n<\/div>\n<\/div>\n<\/div>\n<\/div>\n<\/div>\n<\/div>\n\n\n<p><\/p>\n","protected":false},"excerpt":{"rendered":"<p>Es otorgada por treinta (30) d\u00edas calendario, con el prop\u00f3sito de descanso o esparcimiento que no implique el ejercicio de actividad remunerada o lucrativa por cuenta propia o ajena y habilita a tramitar la permanencia transitoria por turismo o visita ante la Direcci\u00f3n General de Migraci\u00f3n por dos (2) periodos similares. La estad\u00eda para turistas [&hellip;]<\/p>\n","protected":false},"author":3,"featured_media":8363,"parent":0,"menu_order":0,"comment_status":"closed","ping_status":"closed","template":"","meta":{"_eb_attr":"","footnotes":""},"class_list":["post-533","page","type-page","status-publish","has-post-thumbnail","hentry"],"_links":{"self":[{"href":"https:\/\/embassyofbolivia.nl\/wp-old\/wp-json\/wp\/v2\/pages\/533","targetHints":{"allow":["GET"]}}],"collection":[{"href":"https:\/\/embassyofbolivia.nl\/wp-old\/wp-json\/wp\/v2\/pages"}],"about":[{"href":"https:\/\/embassyofbolivia.nl\/wp-old\/wp-json\/wp\/v2\/types\/page"}],"author":[{"embeddable":true,"href":"https:\/\/embassyofbolivia.nl\/wp-old\/wp-json\/wp\/v2\/users\/3"}],"replies":[{"embeddable":true,"href":"https:\/\/embassyofbolivia.nl\/wp-old\/wp-json\/wp\/v2\/comments?post=533"}],"version-history":[{"count":6,"href":"https:\/\/embassyofbolivia.nl\/wp-old\/wp-json\/wp\/v2\/pages\/533\/revisions"}],"predecessor-version":[{"id":8404,"href":"https:\/\/embassyofbolivia.nl\/wp-old\/wp-json\/wp\/v2\/pages\/533\/revisions\/8404"}],"wp:featuredmedia":[{"embeddable":true,"href":"https:\/\/embassyofbolivia.nl\/wp-old\/wp-json\/wp\/v2\/media\/8363"}],"wp:attachment":[{"href":"https:\/\/embassyofbolivia.nl\/wp-old\/wp-json\/wp\/v2\/media?parent=533"}],"curies":[{"name":"wp","href":"https:\/\/api.w.org\/{rel}","templated":true}]}}