{"id":530,"date":"2020-09-29T20:24:27","date_gmt":"2020-09-29T18:24:27","guid":{"rendered":"http:\/\/www.embassyofbolivia.nl\/?page_id=530"},"modified":"2025-07-08T19:18:04","modified_gmt":"2025-07-08T17:18:04","slug":"visa-de-objeto-determinado","status":"publish","type":"page","link":"https:\/\/embassyofbolivia.nl\/wp-old\/visa-de-objeto-determinado\/","title":{"rendered":"Visa de objeto determinado"},"content":{"rendered":"<p>Es otorgada por motivos de:<\/p>\n<ol>\n<li><strong>Trabajo, <\/strong>es otorgada por treinta (30) d\u00edas calendario, para desarrollar actividades remuneradas o lucrativas, con o sin relaci\u00f3n de dependencia, en el territorio boliviano y habilita a tramitar la permanencia transitoria por objeto determinado o permanencia temporal ante la Direcci\u00f3n General de Migraci\u00f3n;<\/li>\n<li><strong>Trabajo Transitorio, <\/strong>es otorgada hasta por ciento ochenta (180) d\u00edas calendario, para desarrollar actividades remuneradas o lucrativas por cuenta propia o en relaci\u00f3n de dependencia; o realizar actividades en virtud de acuerdos o convenios estatales o privados, en el territorio boliviano. En caso de acuerdos o convenios acad\u00e9micos estatales o privados habilita a tramitar la permanencia transitoria por intercambio acad\u00e9mico ante la Direcci\u00f3n General de Migraci\u00f3n por un periodo similar;<\/li>\n<li><strong>Salud, <\/strong>es otorgada por treinta (30) d\u00edas calendario, a personas extranjeras que requieran tratamiento m\u00e9dico especializado en territorio boliviano y habilita a tramitar la permanencia transitoria por objeto determinado o permanencia temporal ante la Direcci\u00f3n General de Migraci\u00f3n;<\/li>\n<li><strong>Familia, <\/strong>es otorgada por treinta (30) d\u00edas calendario, a personas extranjeras que cuenten en territorio boliviano con v\u00ednculos de parentesco con-sangu\u00edneo, civil o de adopci\u00f3n, de dependencia econ\u00f3mica, afinidad y aquellas que contraer\u00e1n matrimonio y habilita a tramitar la permanencia transitoria por objeto determinado o permanencia temporal ante la Direcci\u00f3n General de Migraci\u00f3n.<\/li>\n<\/ol>\n<p>\u00a0<\/p>\n<p>Para realizar el tr\u00e1mite de solicitud de visa: <span><a href=\"https:\/\/visas.cancilleria.gob.bo\/#\/\">https:\/\/visas.cancilleria.gob.bo\/#\/<\/a><\/span><\/p>\n<p>Los requisitos para esta visa consultarlos en el <span style=\"text-decoration: underline;\">siguiente <\/span><u>archivo<\/u><\/p>\n<p><a href=\"_wp_link_placeholder\" data-wplink-edit=\"true\"><img decoding=\"async\" class=\"alignnone size-full wp-image-8371\" src=\"https:\/\/embassyofbolivia.nl\/wp-content\/uploads\/2025\/07\/QRvisaOdeterminado.png\" alt=\"\" width=\"162\" height=\"180\" \/><\/a><\/p>\n<p>Tomar en cuenta las siguientes recomendaciones:<\/p>\n<ul>\n<li>La fotograf\u00eda debe ser reciente fondo blanco, tipo pasaporte.<\/li>\n<li>La solvencia econ\u00f3mica debe contener el extracto bancario de los \u00faltimos tres meses.<\/li>\n<li>El certificado de antecedentes penales debe estar traducido al ingl\u00e9s y\/o espa\u00f1ol.<\/li>\n<\/ul>\n<p>Para agendar una cita, env\u00ede el formulario generado al siguiente correo electr\u00f3nico: <span><a href=\"mailto:boliviaconsularlahaya@gmail.com\">boliviaconsularlahaya@gmail.com<\/a><\/span>, o comunicarse al 0703616707.<\/p>\n\n\n<p><\/p>\n","protected":false},"excerpt":{"rendered":"<p>Es otorgada por motivos de: Trabajo, es otorgada por treinta (30) d\u00edas calendario, para desarrollar actividades remuneradas o lucrativas, con o sin relaci\u00f3n de dependencia, en el territorio boliviano y habilita a tramitar la permanencia transitoria por objeto determinado o permanencia temporal ante la Direcci\u00f3n General de Migraci\u00f3n; Trabajo Transitorio, es otorgada hasta por ciento [&hellip;]<\/p>\n","protected":false},"author":3,"featured_media":8371,"parent":0,"menu_order":0,"comment_status":"closed","ping_status":"closed","template":"elementor_theme","meta":{"_eb_attr":"","footnotes":""},"class_list":["post-530","page","type-page","status-publish","has-post-thumbnail","hentry"],"_links":{"self":[{"href":"https:\/\/embassyofbolivia.nl\/wp-old\/wp-json\/wp\/v2\/pages\/530","targetHints":{"allow":["GET"]}}],"collection":[{"href":"https:\/\/embassyofbolivia.nl\/wp-old\/wp-json\/wp\/v2\/pages"}],"about":[{"href":"https:\/\/embassyofbolivia.nl\/wp-old\/wp-json\/wp\/v2\/types\/page"}],"author":[{"embeddable":true,"href":"https:\/\/embassyofbolivia.nl\/wp-old\/wp-json\/wp\/v2\/users\/3"}],"replies":[{"embeddable":true,"href":"https:\/\/embassyofbolivia.nl\/wp-old\/wp-json\/wp\/v2\/comments?post=530"}],"version-history":[{"count":7,"href":"https:\/\/embassyofbolivia.nl\/wp-old\/wp-json\/wp\/v2\/pages\/530\/revisions"}],"predecessor-version":[{"id":8373,"href":"https:\/\/embassyofbolivia.nl\/wp-old\/wp-json\/wp\/v2\/pages\/530\/revisions\/8373"}],"wp:featuredmedia":[{"embeddable":true,"href":"https:\/\/embassyofbolivia.nl\/wp-old\/wp-json\/wp\/v2\/media\/8371"}],"wp:attachment":[{"href":"https:\/\/embassyofbolivia.nl\/wp-old\/wp-json\/wp\/v2\/media?parent=530"}],"curies":[{"name":"wp","href":"https:\/\/api.w.org\/{rel}","templated":true}]}}