{"id":513,"date":"2020-09-29T19:51:52","date_gmt":"2020-09-29T17:51:52","guid":{"rendered":"http:\/\/www.embassyofbolivia.nl\/?page_id=513"},"modified":"2025-09-04T19:41:59","modified_gmt":"2025-09-04T17:41:59","slug":"facilidades-para-el-retorno-de-bolivianos-a-bolivia","status":"publish","type":"page","link":"https:\/\/embassyofbolivia.nl\/wp-old\/facilidades-para-el-retorno-de-bolivianos-a-bolivia\/","title":{"rendered":"Facilidades para el retorno de bolivianos a Bolivia"},"content":{"rendered":"<div id=\"pl-513\" class=\"panel-layout\">\n<div id=\"pg-513-0\" class=\"panel-grid panel-no-style\">\n<div id=\"pgc-513-0-0\" class=\"panel-grid-cell\" data-weight=\"1\">\n<div id=\"panel-513-0-0-0\" class=\"so-panel widget widget_sow-editor panel-first-child panel-last-child\" data-index=\"0\" data-style=\"{&quot;background_image_attachment&quot;:false,&quot;background_display&quot;:&quot;tile&quot;}\">\n<div class=\"so-widget-sow-editor so-widget-sow-editor-base\">\n<div class=\"siteorigin-widget-tinymce textwidget\">\n<p style=\"text-align: justify;\"><span style=\"font-size: revert; color: initial; font-family: -apple-system, BlinkMacSystemFont, 'Segoe UI', Roboto, Oxygen-Sans, Ubuntu, Cantarell, 'Helvetica Neue', sans-serif;\">Para introducir menaje dom\u00e9stico a Bolivia, se debe tomar en cuenta lo siguiente:<\/span><\/p>\n<\/div>\n<ol style=\"text-align: justify;\">\n<li>La introducci\u00f3n de menaje dom\u00e9stico por unidad familiar debe estar consignada a nombre de su propietario.<\/li>\n<li>El propietario del menaje debe llenar su declaraci\u00f3n jurada de ingreso de menaje dom\u00e9stico en el <a href=\"http:\/\/www.aduana.gob.bo\/aduana7\/content\/viajeros\">sistema inform\u00e1tico de la Aduana Nacional<\/a>.<\/li>\n<li>Una vez impresa y firmada, esta declaraci\u00f3n jurada de ingreso de menaje dom\u00e9stico deber\u00e1 ser presentada ante el Consulado General, Consulado o Secci\u00f3n Consular de Bolivia para su validaci\u00f3n en el sistema inform\u00e1tico de la Aduana Nacional.<\/li>\n<li>El propietario del menaje debe obtener un documento de validaci\u00f3n emitido por el Consulado General, Consulado o Secci\u00f3n Consular de Bolivia, de la informaci\u00f3n proporcionada por el solicitante en la Declaraci\u00f3n Jurada llenada en el Sistema de la Aduana Nacional sobre la actividad que realizaba(n) el (los) integrante(s) de la unidad familiar en el exterior, cuando el menaje dom\u00e9stico incluya m\u00e1quinas, equipos y herramientas usadas en su actividad (para bolivianos que retornen).<br \/>Para menaje dom\u00e9stico que incluya m\u00e1quinas, equipos y herramientas usados en su actividad, l\u00edmite 50.000 $us.<br \/>Para menaje dom\u00e9stico que incluya \u00fanicamente los muebles aparatos y accesorios de utilizaci\u00f3n normal en una vivienda, l\u00edmite 35.000 $us.<\/li>\n<li>El propietario del menaje debe presentar el pasaporte que acredite el cumplimiento de la permanencia en el extranjero o documentaci\u00f3n oficial en original o copia legalizada que avale su permanencia en el exterior.<\/li>\n<\/ol>\n<p style=\"text-align: justify;\">La nacionalizaci\u00f3n de esta mercanc\u00eda deber\u00e1 realizarse con la presentaci\u00f3n de la declaraci\u00f3n de mercanc\u00edas de importaci\u00f3n con la intervenci\u00f3n de un Despachante de Aduana, aplicando la franquicia de menaje dom\u00e9stico.<\/p>\n<p style=\"text-align: justify;\">Las mercanc\u00edas que no cumplan con los requisitos y las condiciones establecidas para acogerse al Destino Aduanero de Menaje Dom\u00e9stico, podr\u00e1n ser importadas a consumo siguiendo su propio r\u00e9gimen de clasificaci\u00f3n arancelaria y previo cumplimiento de las formalidades aduaneras.<\/p>\n<p style=\"text-align: justify;\">Para mayor informaci\u00f3n sobre este tr\u00e1mite pueden escribir un correo electr\u00f3nico o comunicarse con la Secci\u00f3n Consular.<\/p>\n<p style=\"text-align: justify;\"><strong>Costo<\/strong>: Gratuito<\/p>\n<\/div>\n<\/div>\n<\/div>\n<\/div>\n<\/div>\n\n\n<h2 class=\"wp-block-heading\">MENAJE DOMESTICO<\/h2>\n\n\n\n<p>El Estado Plurinacional de Bolivia otorga el destino aduanero especial o de excepci\u00f3n a los ciudadanos bolivianos que retornan al pa\u00eds o a extranjeros que residir\u00e1n en Bolivia, permitiendo el ingreso de su MENAJE DOMESTICO.<\/p>\n\n\n\n<p>Conozca todos los pasos para realizar este tr\u00e1mite en la siguiente cartilla, disponible tambi\u00e9n en el enlace <a href=\"https:\/\/www.economiayfinanzas.gob.bo\/node\/15261\">https:\/\/www.economiayfinanzas.gob.bo\/node\/15261<\/a>.<\/p>\n\n\n\n<p>Si su tr\u00e1mite se realiza en Pa\u00edses Bajos, la Secci\u00f3n Consular de la Embajada de Bolivia en Pa\u00edses Bajos proceder\u00e1 seg\u00fan las disposiciones del Ministerio de Relaciones Exteriores, es as\u00ed que enviar su formulario y su documento al correo electr\u00f3nico <a href=\"mailto:boliviaconsularlahaya@gmail.com\">boliviaconsularlahaya@gmail.com<\/a>; <a href=\"mailto:seccionconsular@embassyofbolivia.nl\">seccionconsular@embassyofbolivia.nl<\/a> o comunicarse al 0703616707.<\/p>\n\n\n\n<div data-wp-interactive=\"core\/file\" class=\"wp-block-file\"><object data-wp-bind--hidden=\"!state.hasPdfPreview\" hidden class=\"wp-block-file__embed\" data=\"https:\/\/embassyofbolivia.nl\/wp-content\/uploads\/2025\/09\/CARTILLA-Menaje-domestico-2025_0.pdf\" type=\"application\/pdf\" style=\"width:100%;height:600px\" aria-label=\"Incrustado de CARTILLA-Menaje-dome\u0301stico-2025_0.\"><\/object><a id=\"wp-block-file--media-0680e3c4-8466-49b4-85fe-8c6552cb260d\" href=\"https:\/\/embassyofbolivia.nl\/wp-content\/uploads\/2025\/09\/CARTILLA-Menaje-domestico-2025_0.pdf\">CARTILLA-Menaje-dome\u0301stico-2025_0<\/a><a href=\"https:\/\/embassyofbolivia.nl\/wp-content\/uploads\/2025\/09\/CARTILLA-Menaje-domestico-2025_0.pdf\" class=\"wp-block-file__button wp-element-button\" download aria-describedby=\"wp-block-file--media-0680e3c4-8466-49b4-85fe-8c6552cb260d\">Descarga<\/a><\/div>\n","protected":false},"excerpt":{"rendered":"<p>Para introducir menaje dom\u00e9stico a Bolivia, se debe tomar en cuenta lo siguiente: La introducci\u00f3n de menaje dom\u00e9stico por unidad familiar debe estar consignada a nombre de su propietario. El propietario del menaje debe llenar su declaraci\u00f3n jurada de ingreso de menaje dom\u00e9stico en el sistema inform\u00e1tico de la Aduana Nacional. Una vez impresa y [&hellip;]<\/p>\n","protected":false},"author":3,"featured_media":8420,"parent":0,"menu_order":0,"comment_status":"closed","ping_status":"closed","template":"","meta":{"_eb_attr":"","footnotes":""},"class_list":["post-513","page","type-page","status-publish","has-post-thumbnail","hentry"],"_links":{"self":[{"href":"https:\/\/embassyofbolivia.nl\/wp-old\/wp-json\/wp\/v2\/pages\/513","targetHints":{"allow":["GET"]}}],"collection":[{"href":"https:\/\/embassyofbolivia.nl\/wp-old\/wp-json\/wp\/v2\/pages"}],"about":[{"href":"https:\/\/embassyofbolivia.nl\/wp-old\/wp-json\/wp\/v2\/types\/page"}],"author":[{"embeddable":true,"href":"https:\/\/embassyofbolivia.nl\/wp-old\/wp-json\/wp\/v2\/users\/3"}],"replies":[{"embeddable":true,"href":"https:\/\/embassyofbolivia.nl\/wp-old\/wp-json\/wp\/v2\/comments?post=513"}],"version-history":[{"count":2,"href":"https:\/\/embassyofbolivia.nl\/wp-old\/wp-json\/wp\/v2\/pages\/513\/revisions"}],"predecessor-version":[{"id":8422,"href":"https:\/\/embassyofbolivia.nl\/wp-old\/wp-json\/wp\/v2\/pages\/513\/revisions\/8422"}],"wp:featuredmedia":[{"embeddable":true,"href":"https:\/\/embassyofbolivia.nl\/wp-old\/wp-json\/wp\/v2\/media\/8420"}],"wp:attachment":[{"href":"https:\/\/embassyofbolivia.nl\/wp-old\/wp-json\/wp\/v2\/media?parent=513"}],"curies":[{"name":"wp","href":"https:\/\/api.w.org\/{rel}","templated":true}]}}