{"id":507,"date":"2020-09-29T18:50:10","date_gmt":"2020-09-29T16:50:10","guid":{"rendered":"http:\/\/www.embassyofbolivia.nl\/?page_id=507"},"modified":"2022-03-17T02:23:20","modified_gmt":"2022-03-17T01:23:20","slug":"poderes-y-carta-poder","status":"publish","type":"page","link":"https:\/\/embassyofbolivia.nl\/wp-old\/poderes-y-carta-poder\/","title":{"rendered":"Poderes y carta poder"},"content":{"rendered":"\t\t<div data-elementor-type=\"wp-page\" data-elementor-id=\"507\" class=\"elementor elementor-507\" data-elementor-post-type=\"page\">\n\t\t\t\t\t\t<section class=\"has_eae_slider elementor-section elementor-top-section elementor-element elementor-element-64049610 elementor-section-boxed elementor-section-height-default elementor-section-height-default\" data-eae-slider=\"32340\" data-id=\"64049610\" data-element_type=\"section\">\n\t\t\t\t\t\t<div class=\"elementor-container elementor-column-gap-default\">\n\t\t\t\t\t<div class=\"has_eae_slider elementor-column elementor-col-100 elementor-top-column elementor-element elementor-element-a0667cc\" data-eae-slider=\"95206\" data-id=\"a0667cc\" data-element_type=\"column\">\n\t\t\t<div class=\"elementor-widget-wrap elementor-element-populated\">\n\t\t\t\t\t\t<div class=\"elementor-element elementor-element-1fe9c20f elementor-widget elementor-widget-text-editor\" data-id=\"1fe9c20f\" data-element_type=\"widget\" data-widget_type=\"text-editor.default\">\n\t\t\t\t<div class=\"elementor-widget-container\">\n\t\t\t\t\t\t\t<div id=\"pl-507\" class=\"panel-layout\"><div id=\"pg-507-0\" class=\"panel-grid panel-no-style\"><div id=\"pgc-507-0-0\" class=\"panel-grid-cell\" data-weight=\"1\"><div id=\"panel-507-0-0-0\" class=\"so-panel widget widget_sow-editor panel-first-child panel-last-child\" data-index=\"0\" data-style=\"{\"><div class=\"so-widget-sow-editor so-widget-sow-editor-base\"><div class=\"siteorigin-widget-tinymce textwidget\"><p style=\"text-align: justify;\">Para agendar una cita debe mandar un correo a: <a href=\"mailto:boliviaconsularlahaya@gmail.com\">boliviaconsularlahaya@gmail.com<\/a>, con los siguientes requisitos:<\/p><ol><li>Instructiva de poder (texto del poder de acuerdo a las necesidades del solicitante, preferiblemente redactado por un abogado, en formato electr\u00f3nico WORD)<\/li><li>Copia del Pasaporte o c\u00e9dula de identidad boliviana o de Extranjero vigente del poderconferente.\u00a0<\/li><li>Copia del Pasaporte o c\u00e9dula de identidad vigente del apoderado.<\/li><li><p><span style=\"font-size: 20px; color: var( --e-global-color-text );\">Datos completos del apoderado y poderconferente (nombre completo, estado civil, profesi\u00f3n u ocupaci\u00f3n, c\u00e9dula de identidad, lugar de emisi\u00f3n y domicilio.)<\/span><\/p><\/li><\/ol><\/div><\/div><\/div><\/div><\/div><\/div>\t\t\t\t\t\t<\/div>\n\t\t\t\t<\/div>\n\t\t\t\t\t<\/div>\n\t\t<\/div>\n\t\t\t\t\t<\/div>\n\t\t<\/section>\n\t\t\t\t<\/div>\n\t\t","protected":false},"excerpt":{"rendered":"<p>Para agendar una cita debe mandar un correo a: boliviaconsularlahaya@gmail.com, con los siguientes requisitos: Instructiva de poder (texto del poder de acuerdo a las necesidades del solicitante, preferiblemente redactado por un abogado, en formato electr\u00f3nico WORD) Copia del Pasaporte o c\u00e9dula de identidad boliviana o de Extranjero vigente del poderconferente.\u00a0 Copia del Pasaporte o c\u00e9dula [&hellip;]<\/p>\n","protected":false},"author":3,"featured_media":0,"parent":0,"menu_order":0,"comment_status":"closed","ping_status":"closed","template":"","meta":{"_eb_attr":"","footnotes":""},"class_list":["post-507","page","type-page","status-publish","hentry"],"_links":{"self":[{"href":"https:\/\/embassyofbolivia.nl\/wp-old\/wp-json\/wp\/v2\/pages\/507","targetHints":{"allow":["GET"]}}],"collection":[{"href":"https:\/\/embassyofbolivia.nl\/wp-old\/wp-json\/wp\/v2\/pages"}],"about":[{"href":"https:\/\/embassyofbolivia.nl\/wp-old\/wp-json\/wp\/v2\/types\/page"}],"author":[{"embeddable":true,"href":"https:\/\/embassyofbolivia.nl\/wp-old\/wp-json\/wp\/v2\/users\/3"}],"replies":[{"embeddable":true,"href":"https:\/\/embassyofbolivia.nl\/wp-old\/wp-json\/wp\/v2\/comments?post=507"}],"version-history":[{"count":5,"href":"https:\/\/embassyofbolivia.nl\/wp-old\/wp-json\/wp\/v2\/pages\/507\/revisions"}],"predecessor-version":[{"id":6074,"href":"https:\/\/embassyofbolivia.nl\/wp-old\/wp-json\/wp\/v2\/pages\/507\/revisions\/6074"}],"wp:attachment":[{"href":"https:\/\/embassyofbolivia.nl\/wp-old\/wp-json\/wp\/v2\/media?parent=507"}],"curies":[{"name":"wp","href":"https:\/\/api.w.org\/{rel}","templated":true}]}}