{"id":502,"date":"2020-09-29T18:35:39","date_gmt":"2020-09-29T16:35:39","guid":{"rendered":"http:\/\/www.embassyofbolivia.nl\/?page_id=502"},"modified":"2023-02-15T15:15:41","modified_gmt":"2023-02-15T14:15:41","slug":"tramites-consulares-gratuitos-vivencia","status":"publish","type":"page","link":"https:\/\/embassyofbolivia.nl\/wp-old\/tramites-consulares-gratuitos-vivencia\/","title":{"rendered":"Tramites Consulares Gratuitos Vivencia"},"content":{"rendered":"<div id=\"pl-502\" class=\"panel-layout\">\n<div id=\"pg-502-0\" class=\"panel-grid panel-no-style\">\n<div id=\"pgc-502-0-0\" class=\"panel-grid-cell\" data-weight=\"1\">\n<div id=\"panel-502-0-0-0\" class=\"so-panel widget widget_sow-editor panel-first-child panel-last-child\" data-index=\"0\" data-style=\"{&quot;background_image_attachment&quot;:false,&quot;background_display&quot;:&quot;tile&quot;}\">\n<div class=\"so-widget-sow-editor so-widget-sow-editor-base\">\n<h3 class=\"siteorigin-widget-tinymce textwidget\">Certificado de vivencia v\u00eda Reconocimiento Facial<\/h3>\n<p style=\"text-align: justify;\">Desde septiembre 2020, Bolivia dispone de un nuevo sistema de vivencias mediante el reconocimiento facial. Con la aplicaci\u00f3n \u201c<a href=\"https:\/\/play.google.com\/store\/apps\/details?id=com.andinasoft.miconsulado&amp;hl=es\">El Consulado de Bolivia en tus Manos<\/a>\u201d, los bolivianos en el exterior podr\u00e1n realizar el tr\u00e1mite de solicitud de certificados de vivencia desde el lugar donde residen, sin la necesidad de la presencia f\u00edsica en la Oficina Consular.<\/p>\n<p style=\"text-align: justify;\">Para ello, por una vez deben apersonarse a la oficina consular para su registro en el m\u00f3dulo de reconocimiento facial:<\/p>\n<ol style=\"text-align: justify;\">\n<li>Marcar Cita v\u00eda el correo: <a href=\"mailto:boliviaconsularlahaya@gmail.com\">boliviaconsularlahaya@gmail.com<\/a><\/li>\n<li>Mandar copia de Pasaporte o c\u00e9dula de identidad vigente.<\/li>\n<\/ol>\n<p style=\"text-align: justify;\"><strong>Costo: <\/strong>Gratuito<\/p>\n<h3><strong>Informaci\u00f3n acerca de la seguridad social a Largo Plazo en el Estado Plurinacional de Bolivia, consulte en los siguientes enlaces.<\/strong><\/h3>\n<\/div>\n<\/div>\n<\/div>\n<\/div>\n<\/div>\n\n\n<figure class=\"wp-block-image\"><img fetchpriority=\"high\" decoding=\"async\" width=\"645\" height=\"762\" src=\"https:\/\/embassyofbolivia.nl\/wp-content\/uploads\/2023\/02\/Seguridad-Social.png\" alt=\"\" class=\"wp-image-7284\" srcset=\"https:\/\/embassyofbolivia.nl\/wp-old\/wp-content\/uploads\/2023\/02\/Seguridad-Social.png 645w, https:\/\/embassyofbolivia.nl\/wp-old\/wp-content\/uploads\/2023\/02\/Seguridad-Social-254x300.png 254w\" sizes=\"(max-width: 645px) 100vw, 645px\" \/><\/figure>\n","protected":false},"excerpt":{"rendered":"<p>Certificado de vivencia v\u00eda Reconocimiento Facial Desde septiembre 2020, Bolivia dispone de un nuevo sistema de vivencias mediante el reconocimiento facial. Con la aplicaci\u00f3n \u201cEl Consulado de Bolivia en tus Manos\u201d, los bolivianos en el exterior podr\u00e1n realizar el tr\u00e1mite de solicitud de certificados de vivencia desde el lugar donde residen, sin la necesidad de [&hellip;]<\/p>\n","protected":false},"author":3,"featured_media":0,"parent":0,"menu_order":0,"comment_status":"closed","ping_status":"closed","template":"","meta":{"_eb_attr":"","footnotes":""},"class_list":["post-502","page","type-page","status-publish","hentry"],"_links":{"self":[{"href":"https:\/\/embassyofbolivia.nl\/wp-old\/wp-json\/wp\/v2\/pages\/502","targetHints":{"allow":["GET"]}}],"collection":[{"href":"https:\/\/embassyofbolivia.nl\/wp-old\/wp-json\/wp\/v2\/pages"}],"about":[{"href":"https:\/\/embassyofbolivia.nl\/wp-old\/wp-json\/wp\/v2\/types\/page"}],"author":[{"embeddable":true,"href":"https:\/\/embassyofbolivia.nl\/wp-old\/wp-json\/wp\/v2\/users\/3"}],"replies":[{"embeddable":true,"href":"https:\/\/embassyofbolivia.nl\/wp-old\/wp-json\/wp\/v2\/comments?post=502"}],"version-history":[{"count":5,"href":"https:\/\/embassyofbolivia.nl\/wp-old\/wp-json\/wp\/v2\/pages\/502\/revisions"}],"predecessor-version":[{"id":7297,"href":"https:\/\/embassyofbolivia.nl\/wp-old\/wp-json\/wp\/v2\/pages\/502\/revisions\/7297"}],"wp:attachment":[{"href":"https:\/\/embassyofbolivia.nl\/wp-old\/wp-json\/wp\/v2\/media?parent=502"}],"curies":[{"name":"wp","href":"https:\/\/api.w.org\/{rel}","templated":true}]}}