{"id":496,"date":"2020-09-29T18:23:33","date_gmt":"2020-09-29T16:23:33","guid":{"rendered":"http:\/\/www.embassyofbolivia.nl\/?page_id=496"},"modified":"2021-11-20T21:00:01","modified_gmt":"2021-11-20T20:00:01","slug":"registro-de-defuncion-consular","status":"publish","type":"page","link":"https:\/\/embassyofbolivia.nl\/wp-old\/registro-de-defuncion-consular\/","title":{"rendered":"Registro de defunci\u00f3n consular"},"content":{"rendered":"<div id=\"pl-496\" class=\"panel-layout\">\n<div id=\"pg-496-0\" class=\"panel-grid panel-no-style\" data-style=\"{&quot;background_image_attachment&quot;:false,&quot;background_display&quot;:&quot;tile&quot;,&quot;cell_alignment&quot;:&quot;flex-start&quot;}\" data-ratio=\"1\" data-ratio-direction=\"right\">\n<div id=\"pgc-496-0-0\" class=\"panel-grid-cell panel-grid-cell-empty\" data-weight=\"0.25\"><span style=\"font-size: revert; color: initial; font-family: -apple-system, BlinkMacSystemFont, 'Segoe UI', Roboto, Oxygen-Sans, Ubuntu, Cantarell, 'Helvetica Neue', sans-serif;\">Los familiares de bolivianos que hayan fallecido en los Pa\u00edses Bajos deber\u00e1n registrar la defunci\u00f3n del fallecido en la Secci\u00f3n Consular de la Embajada. Al efectuarse el registro, se emite el Certificado de Defunci\u00f3n Consular correspondiente.<\/span><\/div>\n<\/div>\n<div id=\"pg-496-1\" class=\"panel-grid panel-no-style\">\n<div id=\"pgc-496-1-0\" class=\"panel-grid-cell\" data-weight=\"1\">\n<div id=\"panel-496-1-0-0\" class=\"so-panel widget widget_sow-editor panel-first-child\" data-index=\"1\" data-style=\"{&quot;background_image_attachment&quot;:false,&quot;background_display&quot;:&quot;tile&quot;}\">\n<div class=\"so-widget-sow-editor so-widget-sow-editor-base\">\n<div class=\"siteorigin-widget-tinymce textwidget\">\n<p><strong>Requisitos:<\/strong><\/p>\n<ol>\n<li>Carta dirigida a la Secci\u00f3n Consular solicitando registro y certificado de defunci\u00f3n.<\/li>\n<li>Parte m\u00e9dico legalizado por un juzgado local y traducido al espa\u00f1ol por traductor jurado.<\/li>\n<li>Nombre y apellidos y n\u00famero de la c\u00e9dula de identidad del m\u00e9dico que haya confirmado la causa del fallecimiento.<\/li>\n<li>Declaraci\u00f3n firmada por dos testigos con copia de sus correspondientes pasaportes o c\u00e9dulas de identidad.<\/li>\n<li>Certificado internacional de defunci\u00f3n legalizado por el Registro Civil local.<\/li>\n<li>Certificado de nacimiento del fallecido.<\/li>\n<li>Certificado de matrimonio del fallecido.<\/li>\n<li>Libreta de familia.<\/li>\n<li>Pasaporte del fallecido.<\/li>\n<li>Dos testigos con original y copia de sus pasaportes o c\u00e9dulas de identidad (los testigos podr\u00e1n ser bolivianos o extranjeros pero no podr\u00e1n ser familiares)<\/li>\n<\/ol>\n<p><strong>Importante:<\/strong><\/p>\n<p>Tambi\u00e9n pueden presentar un certificado de defunci\u00f3n internacional emitido por las autoridades de Holanda\u00a0 y solicitar solamente la legalizaci\u00f3n.<\/p>\n<\/div>\n<\/div>\n<\/div>\n<div id=\"panel-496-1-0-1\" class=\"so-panel widget widget_text panel-last-child\" data-index=\"2\" data-style=\"{&quot;background_image_attachment&quot;:false,&quot;background_display&quot;:&quot;tile&quot;}\">\n<div class=\"textwidget\">\n<p><a href=\"https:\/\/embassyofbolivia.nl\/servicios-embajada-de-bolivia-paises-bajos\/\" data-wpel-link=\"internal\">Resumen de todos los servicios<\/a><\/p>\n<\/div>\n<\/div>\n<\/div>\n<\/div>\n<\/div>\n","protected":false},"excerpt":{"rendered":"<p>Los familiares de bolivianos que hayan fallecido en los Pa\u00edses Bajos deber\u00e1n registrar la defunci\u00f3n del fallecido en la Secci\u00f3n Consular de la Embajada. Al efectuarse el registro, se emite el Certificado de Defunci\u00f3n Consular correspondiente. Requisitos: Carta dirigida a la Secci\u00f3n Consular solicitando registro y certificado de defunci\u00f3n. Parte m\u00e9dico legalizado por un juzgado [&hellip;]<\/p>\n","protected":false},"author":3,"featured_media":0,"parent":0,"menu_order":0,"comment_status":"closed","ping_status":"closed","template":"","meta":{"_eb_attr":"","footnotes":""},"class_list":["post-496","page","type-page","status-publish","hentry"],"_links":{"self":[{"href":"https:\/\/embassyofbolivia.nl\/wp-old\/wp-json\/wp\/v2\/pages\/496","targetHints":{"allow":["GET"]}}],"collection":[{"href":"https:\/\/embassyofbolivia.nl\/wp-old\/wp-json\/wp\/v2\/pages"}],"about":[{"href":"https:\/\/embassyofbolivia.nl\/wp-old\/wp-json\/wp\/v2\/types\/page"}],"author":[{"embeddable":true,"href":"https:\/\/embassyofbolivia.nl\/wp-old\/wp-json\/wp\/v2\/users\/3"}],"replies":[{"embeddable":true,"href":"https:\/\/embassyofbolivia.nl\/wp-old\/wp-json\/wp\/v2\/comments?post=496"}],"version-history":[{"count":1,"href":"https:\/\/embassyofbolivia.nl\/wp-old\/wp-json\/wp\/v2\/pages\/496\/revisions"}],"predecessor-version":[{"id":4624,"href":"https:\/\/embassyofbolivia.nl\/wp-old\/wp-json\/wp\/v2\/pages\/496\/revisions\/4624"}],"wp:attachment":[{"href":"https:\/\/embassyofbolivia.nl\/wp-old\/wp-json\/wp\/v2\/media?parent=496"}],"curies":[{"name":"wp","href":"https:\/\/api.w.org\/{rel}","templated":true}]}}