{"id":486,"date":"2020-09-29T18:08:47","date_gmt":"2020-09-29T16:08:47","guid":{"rendered":"http:\/\/www.embassyofbolivia.nl\/?page_id=486"},"modified":"2021-11-20T20:55:10","modified_gmt":"2021-11-20T19:55:10","slug":"registro-de-nacimiento-consular","status":"publish","type":"page","link":"https:\/\/embassyofbolivia.nl\/wp-old\/registro-de-nacimiento-consular\/","title":{"rendered":"Registro de nacimiento consular"},"content":{"rendered":"<div id=\"pl-486\" class=\"panel-layout\">\n<div id=\"pg-486-0\" class=\"panel-grid panel-no-style\">\n<div id=\"pgc-486-0-0\" class=\"panel-grid-cell\" data-weight=\"1\">\n<div id=\"panel-486-0-0-0\" class=\"so-panel widget widget_sow-editor panel-first-child panel-last-child\" data-index=\"0\" data-style=\"{&quot;background_image_attachment&quot;:false,&quot;background_display&quot;:&quot;tile&quot;}\">\n<div class=\"so-widget-sow-editor so-widget-sow-editor-base\">\n<div class=\"siteorigin-widget-tinymce textwidget\">\n<p style=\"text-align: justify;\">Los ni\u00f1os y ni\u00f1as, menores de doce a\u00f1os y hasta los 18, nacidos en los Pa\u00edses Bajos de padre o madre bolivianos podr\u00e1n solicitar un Certificado de Nacimiento. El Certificado de Nacimiento Consular se emite a tiempo de efectuar el registro. Para los mayores de dieciocho a\u00f1os, el tr\u00e1mite deber\u00e1 efectuarse en Bolivia directamente.<\/p>\n<p style=\"text-align: justify;\"><strong>Requisitos:<\/strong><\/p>\n<p>1. Certificado de Nacimiento Internacional del menor, legalizado por el Ministerio de Relaciones Exteriores de Pa\u00edses Bajos y traducido al espa\u00f1ol si es que no tiene la traducci\u00f3n incluida. (El original se quedar\u00e1 en la Embajada).<\/p>\n<p>2. Copia de los pasaportes o c\u00e9dulas de identidad vigentes de ambos padres. (En caso de que el padre boliviano no tenga pasaporte o c\u00e9dula de identidad vigente se puede emitir un certificado en la Embajada).<\/p>\n<p>3. Copia de los pasaportes o c\u00e9dulas de identidad de dos testigos (los testigos podr\u00e1n ser bolivianos o extranjeros pero no podr\u00e1n ser familiares).<\/p>\n<p>4. Hora de nacimiento y Peso al nacer de menor (en caso de que el certificado de nacimiento no lo indique).<\/p>\n<p>5. En caso de que el menor tenga de 12 a 18 a\u00f1os, se deber\u00e1 emitir una Resoluci\u00f3n administrativa.<\/p>\n<p style=\"text-align: justify;\">Es imprescindible la presencia de ambos padres el d\u00eda de la inscripci\u00f3n para la firma en los libros de registro.<\/p>\n<p style=\"text-align: justify;\"><strong>Costo:<\/strong> Gratuito<\/p>\n<p style=\"text-align: justify;\">\n<\/div>\n<\/div>\n<\/div>\n<\/div>\n<\/div>\n<\/div>\n","protected":false},"excerpt":{"rendered":"<p>Los ni\u00f1os y ni\u00f1as, menores de doce a\u00f1os y hasta los 18, nacidos en los Pa\u00edses Bajos de padre o madre bolivianos podr\u00e1n solicitar un Certificado de Nacimiento. El Certificado de Nacimiento Consular se emite a tiempo de efectuar el registro. Para los mayores de dieciocho a\u00f1os, el tr\u00e1mite deber\u00e1 efectuarse en Bolivia directamente. Requisitos: [&hellip;]<\/p>\n","protected":false},"author":3,"featured_media":0,"parent":0,"menu_order":0,"comment_status":"closed","ping_status":"closed","template":"","meta":{"_eb_attr":"","footnotes":""},"class_list":["post-486","page","type-page","status-publish","hentry"],"_links":{"self":[{"href":"https:\/\/embassyofbolivia.nl\/wp-old\/wp-json\/wp\/v2\/pages\/486","targetHints":{"allow":["GET"]}}],"collection":[{"href":"https:\/\/embassyofbolivia.nl\/wp-old\/wp-json\/wp\/v2\/pages"}],"about":[{"href":"https:\/\/embassyofbolivia.nl\/wp-old\/wp-json\/wp\/v2\/types\/page"}],"author":[{"embeddable":true,"href":"https:\/\/embassyofbolivia.nl\/wp-old\/wp-json\/wp\/v2\/users\/3"}],"replies":[{"embeddable":true,"href":"https:\/\/embassyofbolivia.nl\/wp-old\/wp-json\/wp\/v2\/comments?post=486"}],"version-history":[{"count":1,"href":"https:\/\/embassyofbolivia.nl\/wp-old\/wp-json\/wp\/v2\/pages\/486\/revisions"}],"predecessor-version":[{"id":4614,"href":"https:\/\/embassyofbolivia.nl\/wp-old\/wp-json\/wp\/v2\/pages\/486\/revisions\/4614"}],"wp:attachment":[{"href":"https:\/\/embassyofbolivia.nl\/wp-old\/wp-json\/wp\/v2\/media?parent=486"}],"curies":[{"name":"wp","href":"https:\/\/api.w.org\/{rel}","templated":true}]}}