{"id":483,"date":"2020-09-29T17:54:17","date_gmt":"2020-09-29T15:54:17","guid":{"rendered":"http:\/\/www.embassyofbolivia.nl\/?page_id=483"},"modified":"2021-11-20T20:57:54","modified_gmt":"2021-11-20T19:57:54","slug":"inscripcion-de-matrimonio","status":"publish","type":"page","link":"https:\/\/embassyofbolivia.nl\/wp-old\/inscripcion-de-matrimonio\/","title":{"rendered":"Inscripci\u00f3n de matrimonio"},"content":{"rendered":"<div id=\"pl-483\" class=\"panel-layout\">\n<div id=\"pg-483-0\" class=\"panel-grid panel-no-style\" data-style=\"{&quot;background_image_attachment&quot;:false,&quot;background_display&quot;:&quot;tile&quot;,&quot;cell_alignment&quot;:&quot;flex-start&quot;}\">\n<div id=\"pgc-483-0-0\" class=\"panel-grid-cell\" data-weight=\"1\">\n<div id=\"panel-483-0-0-0\" class=\"so-panel widget widget_sow-editor panel-first-child panel-last-child\" data-index=\"0\" data-style=\"{&quot;background_image_attachment&quot;:false,&quot;background_display&quot;:&quot;tile&quot;}\">\n<div class=\"so-widget-sow-editor so-widget-sow-editor-base\">\n<div class=\"siteorigin-widget-tinymce textwidget\">\n<p style=\"text-align: justify;\">Los bolivianos(as) que contrajeron matrimonio con otros bolivianos(as) o extranjeros (as) bajo la legislaci\u00f3n de los Pa\u00edses Bajos, pueden solicitar el registro (homologaci\u00f3n) de su matrimonio en la Secci\u00f3n Consular de la Embajada, obteniendo un Certificado de Matrimonio Consular, para que el matrimonio sea reconocido legalmente en Bolivia.<\/p>\n<\/div>\n<\/div>\n<p style=\"text-align: justify;\">Requisitos:<\/p>\n<p style=\"text-align: justify;\">Pasaporte, c\u00e9dula de Identidad, o RUN, o Libreta de Servicio Militar.<br \/>\nCertificado de Matrimonio legalizado o Apostillado y traducido al espa\u00f1ol por un <a href=\"http:\/\/www.vertalervanspaans.nl\/\">traductor jurado<\/a>, s\u00ed se encuentra en idioma extranjero, con vigencia de no menor a tres meses de emisi\u00f3n.<br \/>\nCertificados de Nacimiento originales de ambos pretendientes (legalizado por el Ministerio de Relaciones Exteriores de los Pa\u00edses Bajos en caso que uno de los pretendientes sea neerland\u00e9s).<br \/>\nDos testigos con original y copia de sus pasaportes o c\u00e9dulas de identidad (los testigos podr\u00e1n ser bolivianos o extranjeros pero no podr\u00e1n familiares de los contrayentes)<br \/>\nComprobante de residencia actual<\/p>\n<p style=\"text-align: justify;\">Para agendar una cita debe mandar un correo a: <a href=\"mailto:boliviaconsularlahaya@gmail.com\">boliviaconsularlahaya@gmail.com<\/a><\/p>\n<\/div>\n<\/div>\n<\/div>\n<\/div>\n","protected":false},"excerpt":{"rendered":"<p>Los bolivianos(as) que contrajeron matrimonio con otros bolivianos(as) o extranjeros (as) bajo la legislaci\u00f3n de los Pa\u00edses Bajos, pueden solicitar el registro (homologaci\u00f3n) de su matrimonio en la Secci\u00f3n Consular de la Embajada, obteniendo un Certificado de Matrimonio Consular, para que el matrimonio sea reconocido legalmente en Bolivia. Requisitos: Pasaporte, c\u00e9dula de Identidad, o RUN, [&hellip;]<\/p>\n","protected":false},"author":3,"featured_media":0,"parent":0,"menu_order":0,"comment_status":"closed","ping_status":"closed","template":"","meta":{"_eb_attr":"","footnotes":""},"class_list":["post-483","page","type-page","status-publish","hentry"],"_links":{"self":[{"href":"https:\/\/embassyofbolivia.nl\/wp-old\/wp-json\/wp\/v2\/pages\/483","targetHints":{"allow":["GET"]}}],"collection":[{"href":"https:\/\/embassyofbolivia.nl\/wp-old\/wp-json\/wp\/v2\/pages"}],"about":[{"href":"https:\/\/embassyofbolivia.nl\/wp-old\/wp-json\/wp\/v2\/types\/page"}],"author":[{"embeddable":true,"href":"https:\/\/embassyofbolivia.nl\/wp-old\/wp-json\/wp\/v2\/users\/3"}],"replies":[{"embeddable":true,"href":"https:\/\/embassyofbolivia.nl\/wp-old\/wp-json\/wp\/v2\/comments?post=483"}],"version-history":[{"count":1,"href":"https:\/\/embassyofbolivia.nl\/wp-old\/wp-json\/wp\/v2\/pages\/483\/revisions"}],"predecessor-version":[{"id":4621,"href":"https:\/\/embassyofbolivia.nl\/wp-old\/wp-json\/wp\/v2\/pages\/483\/revisions\/4621"}],"wp:attachment":[{"href":"https:\/\/embassyofbolivia.nl\/wp-old\/wp-json\/wp\/v2\/media?parent=483"}],"curies":[{"name":"wp","href":"https:\/\/api.w.org\/{rel}","templated":true}]}}