{"id":480,"date":"2020-09-29T17:50:58","date_gmt":"2020-09-29T15:50:58","guid":{"rendered":"http:\/\/www.embassyofbolivia.nl\/?page_id=480"},"modified":"2021-11-20T20:56:52","modified_gmt":"2021-11-20T19:56:52","slug":"celebracion-de-matrimonio","status":"publish","type":"page","link":"https:\/\/embassyofbolivia.nl\/wp-old\/celebracion-de-matrimonio\/","title":{"rendered":"Celebraci\u00f3n de matrimonio"},"content":{"rendered":"<div id=\"pl-480\" class=\"panel-layout\">\n<div id=\"pg-480-0\" class=\"panel-grid panel-no-style\">\n<div id=\"pgc-480-0-0\" class=\"panel-grid-cell\" data-weight=\"1\">\n<div id=\"panel-480-0-0-0\" class=\"so-panel widget widget_sow-editor panel-first-child panel-last-child\" data-index=\"0\" data-style=\"{&quot;background_image_attachment&quot;:false,&quot;background_display&quot;:&quot;tile&quot;}\">\n<div class=\"so-widget-sow-editor so-widget-sow-editor-base\">\n<div class=\"siteorigin-widget-tinymce textwidget\">\n<p style=\"text-align: justify;\">En la Secci\u00f3n Consular de la Embajada de Bolivia en los Pa\u00edses Bajos, se celebran matrimonios, cuando al menos uno de los contrayentes es boliviano(a).<\/p>\n<p style=\"text-align: justify;\">Para poder celebrar un matrimonio en la Secci\u00f3n Consular, debe enviar una copia escaneada o fotograf\u00eda en buena calidad de los siguientes requisitos para agendar una cita para la celebraci\u00f3n del matrimonio a:\u00a0boliviaconsularlahaya@gmail.com<\/p>\n<p style=\"text-align: justify;\"><strong>Requisitos:<\/strong><\/p>\n<ol style=\"text-align: justify;\">\n<li style=\"text-align: justify;\">Pasaporte, c\u00e9dula de Identidad, RUN, o Libreta de Servicio Militar (original y copia).<\/li>\n<li style=\"text-align: justify;\">Certificados de Nacimiento originales de ambos pretendientes (En caso de que uno de los contrayentes sea neerland\u00e9s, el certificado debe venir en versi\u00f3n internacional y legalizada por el<\/li>\n<li style=\"text-align: justify;\">Ministerio de Relaciones Exteriores de los Pa\u00edses Bajos).<\/li>\n<li style=\"text-align: justify;\">Acta de Manifestaci\u00f3n de la voluntad de casarse (se elabora en el Consulado).<\/li>\n<li style=\"text-align: justify;\">Certificado de no Inscripci\u00f3n Matrimonial (La Secci\u00f3n puede emitir este requisito para los ciudadanos bolivianos).<\/li>\n<li style=\"text-align: justify;\">Cancelaci\u00f3n de anterior partida matrimonial, s\u00f3lo en el caso que uno o ambos pretendientes hubiesen estado casado con anterioridad.<\/li>\n<li style=\"text-align: justify;\">Certificado de estado civil en versi\u00f3n internacional legalizado por el Ministerio de Relaciones Exteriores de los Pa\u00edses Bajos, en el caso que alguno de los pretendientes sea extranjero.<\/li>\n<li style=\"text-align: justify;\">Dos testigos con original y copia de sus pasaportes o c\u00e9dulas de identidad (los testigos podr\u00e1n ser bolivianos o extranjeros, pero no podr\u00e1n ser familiares de los contrayentes).<br \/>\nComprobante de residencia actual (factura, extracto de residencia u otro documento que acredite la residencia actual de los contrayentes).<\/li>\n<\/ol>\n<\/div>\n<\/div>\n<\/div>\n<\/div>\n<\/div>\n<\/div>\n","protected":false},"excerpt":{"rendered":"<p>En la Secci\u00f3n Consular de la Embajada de Bolivia en los Pa\u00edses Bajos, se celebran matrimonios, cuando al menos uno de los contrayentes es boliviano(a). Para poder celebrar un matrimonio en la Secci\u00f3n Consular, debe enviar una copia escaneada o fotograf\u00eda en buena calidad de los siguientes requisitos para agendar una cita para la celebraci\u00f3n [&hellip;]<\/p>\n","protected":false},"author":3,"featured_media":0,"parent":0,"menu_order":0,"comment_status":"closed","ping_status":"closed","template":"","meta":{"_eb_attr":"","footnotes":""},"class_list":["post-480","page","type-page","status-publish","hentry"],"_links":{"self":[{"href":"https:\/\/embassyofbolivia.nl\/wp-old\/wp-json\/wp\/v2\/pages\/480","targetHints":{"allow":["GET"]}}],"collection":[{"href":"https:\/\/embassyofbolivia.nl\/wp-old\/wp-json\/wp\/v2\/pages"}],"about":[{"href":"https:\/\/embassyofbolivia.nl\/wp-old\/wp-json\/wp\/v2\/types\/page"}],"author":[{"embeddable":true,"href":"https:\/\/embassyofbolivia.nl\/wp-old\/wp-json\/wp\/v2\/users\/3"}],"replies":[{"embeddable":true,"href":"https:\/\/embassyofbolivia.nl\/wp-old\/wp-json\/wp\/v2\/comments?post=480"}],"version-history":[{"count":1,"href":"https:\/\/embassyofbolivia.nl\/wp-old\/wp-json\/wp\/v2\/pages\/480\/revisions"}],"predecessor-version":[{"id":4618,"href":"https:\/\/embassyofbolivia.nl\/wp-old\/wp-json\/wp\/v2\/pages\/480\/revisions\/4618"}],"wp:attachment":[{"href":"https:\/\/embassyofbolivia.nl\/wp-old\/wp-json\/wp\/v2\/media?parent=480"}],"curies":[{"name":"wp","href":"https:\/\/api.w.org\/{rel}","templated":true}]}}