{"id":470,"date":"2020-09-29T17:34:46","date_gmt":"2020-09-29T15:34:46","guid":{"rendered":"http:\/\/www.embassyofbolivia.nl\/?page_id=470"},"modified":"2021-11-20T20:57:28","modified_gmt":"2021-11-20T19:57:28","slug":"legalizacion-de-documentos","status":"publish","type":"page","link":"https:\/\/embassyofbolivia.nl\/wp-old\/legalizacion-de-documentos\/","title":{"rendered":"Legalizaci\u00f3n de documentos"},"content":{"rendered":"<div id=\"pl-470\" class=\"panel-layout\">\n<div id=\"pg-470-0\" class=\"panel-grid panel-no-style\">\n<div id=\"pgc-470-0-0\" class=\"panel-grid-cell\" data-weight=\"1\">\n<div id=\"panel-470-0-0-0\" class=\"so-panel widget widget_sow-editor panel-first-child panel-last-child\" data-index=\"0\" data-style=\"{&quot;background_image_attachment&quot;:false,&quot;background_display&quot;:&quot;tile&quot;}\">\n<div class=\"so-widget-sow-editor so-widget-sow-editor-base\">\n<div class=\"siteorigin-widget-tinymce textwidget\"><\/div>\n<p style=\"text-align: justify;\">La Secci\u00f3n Consular puede legalizar la documentaci\u00f3n presentada siempre que cumpla con los siguientes requisitos:<\/p>\n<ol style=\"text-align: justify;\">\n<li>Los documentos deben ser originales (no fotocopias)<\/li>\n<li>Los documentos originales, deben estar previamente legalizados por el Ministerio de Relaciones Exteriores de los Pa\u00edses Bajos<\/li>\n<li>Los documentos deber\u00e1n estar traducidos al espa\u00f1ol por un traductor <a href=\"http:\/\/www.vertalervanspaans.nl\/\">jurado oficial<\/a> o estar impresos en versi\u00f3n internacional en varios idiomas.<\/li>\n<li>Los documentos deben incluir una copia para los archivos consulares.<\/li>\n<\/ol>\n<p style=\"text-align: justify;\"><strong>IMPORTANTE<\/strong>: Es imprescindible que los documentos sean presentados previamente a la secci\u00f3n consular de la embajada antes del pago correspondiente<\/p>\n<p style=\"text-align: justify;\">Para agendar una cita debe mandar un correo a: <a href=\"mailto:boliviaconsularlahaya@gmail.com\">boliviaconsularlahaya@gmail.com<\/a>, con copia de los requisitos.<\/p>\n<\/div>\n<\/div>\n<\/div>\n<\/div>\n<\/div>\n","protected":false},"excerpt":{"rendered":"<p>La Secci\u00f3n Consular puede legalizar la documentaci\u00f3n presentada siempre que cumpla con los siguientes requisitos: Los documentos deben ser originales (no fotocopias) Los documentos originales, deben estar previamente legalizados por el Ministerio de Relaciones Exteriores de los Pa\u00edses Bajos Los documentos deber\u00e1n estar traducidos al espa\u00f1ol por un traductor jurado oficial o estar impresos en [&hellip;]<\/p>\n","protected":false},"author":3,"featured_media":0,"parent":0,"menu_order":0,"comment_status":"closed","ping_status":"closed","template":"","meta":{"_eb_attr":"","footnotes":""},"class_list":["post-470","page","type-page","status-publish","hentry"],"_links":{"self":[{"href":"https:\/\/embassyofbolivia.nl\/wp-old\/wp-json\/wp\/v2\/pages\/470","targetHints":{"allow":["GET"]}}],"collection":[{"href":"https:\/\/embassyofbolivia.nl\/wp-old\/wp-json\/wp\/v2\/pages"}],"about":[{"href":"https:\/\/embassyofbolivia.nl\/wp-old\/wp-json\/wp\/v2\/types\/page"}],"author":[{"embeddable":true,"href":"https:\/\/embassyofbolivia.nl\/wp-old\/wp-json\/wp\/v2\/users\/3"}],"replies":[{"embeddable":true,"href":"https:\/\/embassyofbolivia.nl\/wp-old\/wp-json\/wp\/v2\/comments?post=470"}],"version-history":[{"count":2,"href":"https:\/\/embassyofbolivia.nl\/wp-old\/wp-json\/wp\/v2\/pages\/470\/revisions"}],"predecessor-version":[{"id":4620,"href":"https:\/\/embassyofbolivia.nl\/wp-old\/wp-json\/wp\/v2\/pages\/470\/revisions\/4620"}],"wp:attachment":[{"href":"https:\/\/embassyofbolivia.nl\/wp-old\/wp-json\/wp\/v2\/media?parent=470"}],"curies":[{"name":"wp","href":"https:\/\/api.w.org\/{rel}","templated":true}]}}