{"id":3615,"date":"2021-11-19T20:36:07","date_gmt":"2021-11-19T19:36:07","guid":{"rendered":"https:\/\/embolned452014.curacao360.com\/?page_id=3615"},"modified":"2025-06-16T18:59:21","modified_gmt":"2025-06-16T16:59:21","slug":"comunicados","status":"publish","type":"page","link":"https:\/\/embassyofbolivia.nl\/wp-old\/comunicados\/","title":{"rendered":"Comunicados"},"content":{"rendered":"<p>Estas son los \u00faltimos comunicados publicadas por la Embajada de Bolivia en los Pa\u00edses Bajos.<\/p>\n<section><a href=\"https:\/\/embassyofbolivia.nl\/bolivia-destaca-por-su-apoyo-al-estado-de-palestina-en-la-conferencia-llamamiento-a-la-accion-respuesta-humanitaria-urgente-para-gaza-llevada-a-cabo-en-aman-jordania-el-11-de-junio-de-20\/\"><img decoding=\"async\" src=\"https:\/\/embassyofbolivia.nl\/wp-content\/uploads\/2024\/09\/ConferenciaPalestina1-840x620-840x620.jpg\" alt=\"ConferenciaPalestina1\" \/><\/a>\n<h3><a href=\"https:\/\/embassyofbolivia.nl\/bolivia-destaca-por-su-apoyo-al-estado-de-palestina-en-la-conferencia-llamamiento-a-la-accion-respuesta-humanitaria-urgente-para-gaza-llevada-a-cabo-en-aman-jordania-el-11-de-junio-de-20\/\">Bolivia destaca por su Apoyo al Estado de Palestina en la Conferencia \u201cLlamamiento a la acci\u00f3n: Respuesta humanitaria urgente para Gaza\u201d llevada a cabo en Am\u00e1n, Jordania, el 11 de junio de 2024<\/a><\/h3>\n<p>17\/09\/2024<br \/><a href=\"https:\/\/embassyofbolivia.nl\/decenio-del-qhapaq-nan-o-sistema-vial-andino\/\"><img decoding=\"async\" src=\"https:\/\/embassyofbolivia.nl\/wp-content\/uploads\/2024\/06\/caminos-840x572-840x620.png\" alt=\"caminos\" \/><\/a><\/p>\n<h3><a href=\"https:\/\/embassyofbolivia.nl\/decenio-del-qhapaq-nan-o-sistema-vial-andino\/\">Decenio del Qhapaq \u00d1an o Sistema Vial Andino<\/a><\/h3>\n<p>27\/06\/2024<br \/><a href=\"https:\/\/embassyofbolivia.nl\/boletin-2023-del-estado-plurinacional-de-bolivia-en-paises-bajos\/\"><img decoding=\"async\" src=\"https:\/\/embassyofbolivia.nl\/wp-content\/uploads\/2024\/04\/Boletin18042024-840x620-840x620.jpg\" alt=\"Boletin18042024\" \/><\/a><\/p>\n<h3><a href=\"https:\/\/embassyofbolivia.nl\/boletin-2023-del-estado-plurinacional-de-bolivia-en-paises-bajos\/\">BOLET\u00cdN 2023 DEL ESTADO PLURINACIONAL DE BOLIVIA EN PA\u00cdSES BAJOS<\/a><\/h3>\n<p>18\/04\/2024<br \/><a href=\"https:\/\/embassyofbolivia.nl\/invitacion-a-la-rendicion-publica-de-cuentas-inicial-de-la-gestion-2024\/\"><img decoding=\"async\" src=\"https:\/\/embassyofbolivia.nl\/wp-content\/uploads\/2024\/03\/RendiciondeCuentas2024-840x620-840x620.jpg\" alt=\"RendiciondeCuentas2024\" \/><\/a><\/p>\n<h3><a href=\"https:\/\/embassyofbolivia.nl\/invitacion-a-la-rendicion-publica-de-cuentas-inicial-de-la-gestion-2024\/\">Invitaci\u00f3n a la Rendici\u00f3n P\u00fablica de Cuentas Inicial de la Gesti\u00f3n 2024<\/a><\/h3>\n<p>29\/03\/2024<br \/><a href=\"https:\/\/embassyofbolivia.nl\/rueda-internacional-de-negocios-2024\/\"><img decoding=\"async\" src=\"https:\/\/embassyofbolivia.nl\/wp-content\/uploads\/2024\/03\/RUEDADENEGOCIOS2024-840x620.jpg\" alt=\"RUEDADENEGOCIOS2024\" \/><\/a><\/p>\n<h3><a href=\"https:\/\/embassyofbolivia.nl\/rueda-internacional-de-negocios-2024\/\">Rueda Internacional de Negocios 2024<\/a><\/h3>\n<p>27\/03\/2024<br \/><a href=\"https:\/\/embassyofbolivia.nl\/invitacion-al-dia-viva-bolivia\/\"><img decoding=\"async\" src=\"https:\/\/embassyofbolivia.nl\/wp-content\/uploads\/2024\/02\/VivaBO-840x620-840x620.jpeg\" alt=\"VivaBO\" \/><\/a><\/p>\n<h3><a href=\"https:\/\/embassyofbolivia.nl\/invitacion-al-dia-viva-bolivia\/\">INVITACI\u00d3N AL D\u00cdA VIVA BOLIVIA<\/a><\/h3>\n<p>21\/02\/2024<br \/><a href=\"https:\/\/embassyofbolivia.nl\/discurso-aniversario-15-anos-del-estado-plurinacional-de-bolivia-david-choquehuanca-cespedes\/\"><img decoding=\"async\" src=\"https:\/\/embassyofbolivia.nl\/wp-content\/uploads\/2024\/01\/22enero-826x620-840x620.jpg\" alt=\"22enero\" \/><\/a><\/p>\n<h3><a href=\"https:\/\/embassyofbolivia.nl\/discurso-aniversario-15-anos-del-estado-plurinacional-de-bolivia-david-choquehuanca-cespedes\/\">Discurso aniversario 15 a\u00f1os del Estado Plurinacional de Bolivia David Choquehuanca C\u00e9spedes.<\/a><\/h3>\n<p>23\/01\/2024<br \/><a href=\"https:\/\/embassyofbolivia.nl\/presidente-luis-arce-se-viene-el-tiempo-de-la-cosecha-de-la-industrializacion-con-sustitucion-de-importaciones\/\"><img decoding=\"async\" src=\"https:\/\/embassyofbolivia.nl\/wp-content\/uploads\/2024\/01\/LA230124-840x620-840x620.jpeg\" alt=\"LA230124\" \/><\/a><\/p>\n<h3><a href=\"https:\/\/embassyofbolivia.nl\/presidente-luis-arce-se-viene-el-tiempo-de-la-cosecha-de-la-industrializacion-con-sustitucion-de-importaciones\/\">Presidente Luis Arce: Se viene el tiempo de la cosecha de la industrializaci\u00f3n con sustituci\u00f3n de importaciones<\/a><\/h3>\n<p>23\/01\/2024<\/p>\n<\/section>\n\n\n<p><\/p>\n","protected":false},"excerpt":{"rendered":"<p>Estas son los \u00faltimos comunicados publicadas por la Embajada de Bolivia en los Pa\u00edses Bajos. Bolivia destaca por su Apoyo al Estado de Palestina en la Conferencia \u201cLlamamiento a la acci\u00f3n: Respuesta humanitaria urgente para Gaza\u201d llevada a cabo en Am\u00e1n, Jordania, el 11 de junio de 2024 17\/09\/2024 Decenio del Qhapaq \u00d1an o Sistema [&hellip;]<\/p>\n","protected":false},"author":12,"featured_media":0,"parent":0,"menu_order":0,"comment_status":"closed","ping_status":"closed","template":"","meta":{"_eb_attr":"","footnotes":""},"class_list":["post-3615","page","type-page","status-publish","hentry"],"_links":{"self":[{"href":"https:\/\/embassyofbolivia.nl\/wp-old\/wp-json\/wp\/v2\/pages\/3615","targetHints":{"allow":["GET"]}}],"collection":[{"href":"https:\/\/embassyofbolivia.nl\/wp-old\/wp-json\/wp\/v2\/pages"}],"about":[{"href":"https:\/\/embassyofbolivia.nl\/wp-old\/wp-json\/wp\/v2\/types\/page"}],"author":[{"embeddable":true,"href":"https:\/\/embassyofbolivia.nl\/wp-old\/wp-json\/wp\/v2\/users\/12"}],"replies":[{"embeddable":true,"href":"https:\/\/embassyofbolivia.nl\/wp-old\/wp-json\/wp\/v2\/comments?post=3615"}],"version-history":[{"count":9,"href":"https:\/\/embassyofbolivia.nl\/wp-old\/wp-json\/wp\/v2\/pages\/3615\/revisions"}],"predecessor-version":[{"id":8339,"href":"https:\/\/embassyofbolivia.nl\/wp-old\/wp-json\/wp\/v2\/pages\/3615\/revisions\/8339"}],"wp:attachment":[{"href":"https:\/\/embassyofbolivia.nl\/wp-old\/wp-json\/wp\/v2\/media?parent=3615"}],"curies":[{"name":"wp","href":"https:\/\/api.w.org\/{rel}","templated":true}]}}