{"id":2514,"date":"2020-11-06T16:09:29","date_gmt":"2020-11-06T15:09:29","guid":{"rendered":"http:\/\/www.embassyofbolivia.nl\/?page_id=2514"},"modified":"2020-11-10T11:57:23","modified_gmt":"2020-11-10T10:57:23","slug":"registro-de-defuncion-consular-2","status":"publish","type":"page","link":"https:\/\/embassyofbolivia.nl\/wp-old\/registro-de-defuncion-consular-2\/","title":{"rendered":"Defunci\u00f3n  Registro de defunci\u00f3n consular"},"content":{"rendered":"<h2>Registro de defunci\u00f3n consular<\/h2>\n<p style=\"text-align: justify;\">Los familiares de bolivianos que hayan fallecido en los Pa\u00edses Bajos deber\u00e1n registrar la defunci\u00f3n del fallecido en la Secci\u00f3n Consular de la Embajada. Al efectuarse el registro, se emite el Certificado de Defunci\u00f3n Consular correspondiente.<\/p>\n<p style=\"text-align: justify;\"><strong>Requisitos:<\/strong><\/p>\n<ol style=\"text-align: justify;\">\n<li>Carta dirigida a la Secci\u00f3n Consular solicitando registro y certificado de defunci\u00f3n.<\/li>\n<li>Parte m\u00e9dico legalizado por un juzgado local y traducido al espa\u00f1ol por <a href=\"http:\/\/www.vertalervanspaans.nl\/\">traductor jurado<\/a>.<\/li>\n<li>Nombre y apellidos y n\u00famero de la c\u00e9dula de identidad del m\u00e9dico que haya confirmado la causa del fallecimiento.<\/li>\n<li>Declaraci\u00f3n firmada por dos testigos con copia de sus correspondientes pasaportes o c\u00e9dulas de identidad.<\/li>\n<li>Certificado de defunci\u00f3n apostillado y traducido al espa\u00f1ol por <a href=\"http:\/\/www.vertalervanspaans.nl\/\">traductor jurado<\/a>, si es que el documento se encuentra en un idioma extranjero.<\/li>\n<li>Certificado de nacimiento del fallecido.<\/li>\n<li>Certificado de matrimonio del fallecido.<\/li>\n<li>Libreta de familia.<\/li>\n<li>Pasaporte del fallecido.<\/li>\n<li>Dos testigos con original y copia de sus pasaportes o c\u00e9dulas de identidad (los testigos podr\u00e1n ser bolivianos o extranjeros pero no podr\u00e1n ser familiares)<\/li>\n<\/ol>\n<p style=\"text-align: justify;\"><strong>Importante:<\/strong><\/p>\n<p style=\"text-align: justify;\">Tambi\u00e9n pueden presentar un certificado de defunci\u00f3n internacional emitido por las autoridades de Holanda y solicitar solamente la legalizaci\u00f3n.<\/p>\n<p style=\"text-align: justify;\">Para agendar una cita debe mandar un correo a: <a href=\"mailto:boliviaconsularlahaya@gmail.com\">boliviaconsularlahaya@gmail.com<\/a><\/p>\n","protected":false},"excerpt":{"rendered":"<p>Registro de defunci\u00f3n consular Los familiares de bolivianos que hayan fallecido en los Pa\u00edses Bajos deber\u00e1n registrar la defunci\u00f3n del fallecido en la Secci\u00f3n Consular de la Embajada. Al efectuarse el registro, se emite el Certificado de Defunci\u00f3n Consular correspondiente. Requisitos: Carta dirigida a la Secci\u00f3n Consular solicitando registro y certificado de defunci\u00f3n. Parte m\u00e9dico [&hellip;]<\/p>\n","protected":false},"author":3,"featured_media":0,"parent":0,"menu_order":0,"comment_status":"closed","ping_status":"closed","template":"","meta":{"_eb_attr":"","footnotes":""},"class_list":["post-2514","page","type-page","status-publish","hentry"],"_links":{"self":[{"href":"https:\/\/embassyofbolivia.nl\/wp-old\/wp-json\/wp\/v2\/pages\/2514","targetHints":{"allow":["GET"]}}],"collection":[{"href":"https:\/\/embassyofbolivia.nl\/wp-old\/wp-json\/wp\/v2\/pages"}],"about":[{"href":"https:\/\/embassyofbolivia.nl\/wp-old\/wp-json\/wp\/v2\/types\/page"}],"author":[{"embeddable":true,"href":"https:\/\/embassyofbolivia.nl\/wp-old\/wp-json\/wp\/v2\/users\/3"}],"replies":[{"embeddable":true,"href":"https:\/\/embassyofbolivia.nl\/wp-old\/wp-json\/wp\/v2\/comments?post=2514"}],"version-history":[{"count":0,"href":"https:\/\/embassyofbolivia.nl\/wp-old\/wp-json\/wp\/v2\/pages\/2514\/revisions"}],"wp:attachment":[{"href":"https:\/\/embassyofbolivia.nl\/wp-old\/wp-json\/wp\/v2\/media?parent=2514"}],"curies":[{"name":"wp","href":"https:\/\/api.w.org\/{rel}","templated":true}]}}