{"id":2500,"date":"2020-11-06T15:31:15","date_gmt":"2020-11-06T14:31:15","guid":{"rendered":"http:\/\/www.embassyofbolivia.nl\/?page_id=2500"},"modified":"2021-11-20T20:56:08","modified_gmt":"2021-11-20T19:56:08","slug":"numero-de-cedula-de-identidad-para-menores","status":"publish","type":"page","link":"https:\/\/embassyofbolivia.nl\/wp-old\/numero-de-cedula-de-identidad-para-menores\/","title":{"rendered":"N\u00famero de c\u00e9dula de identidad para menores"},"content":{"rendered":"<p style=\"text-align: justify;\">Los menores de 18 a\u00f1os nacidos en el exterior y registrados en la Secci\u00f3n Consular, tienen el derecho de solicitar la asignaci\u00f3n de n\u00famero de c\u00e9dula de identidad. Con este n\u00famero sus padres podr\u00e1n solicitar el pasaporte boliviano por primera vez en la Secci\u00f3n Consular de la Embajada.<\/p>\n<p style=\"text-align: justify;\">Antes de poder proceder a la <a href=\"https:\/\/www.consuladoboliviasuiza.com\/registro-de-nacimiento\">asignaci\u00f3n de numero de cedula de identidad<\/a> primero se debe cumplir con los requisitos de Registro de Nacimiento Consular. Ambos tramites se pueden realizar en la misma cita.<\/p>\n<p style=\"text-align: justify;\"><strong>Requisitos:<\/strong><\/p>\n<ol style=\"text-align: justify;\">\n<li>Certificado de Nacimiento boliviano (original)<\/li>\n<li>Fotocopias de los documentos de los padres (C.I. y\/o Pasaporte)<\/li>\n<li>Cuatro (4) fotograf\u00edas del menor tama\u00f1o 3&#215;3 cm (fondo blanco)<\/li>\n<\/ol>\n<p style=\"text-align: justify;\">Es imprescindible la presencia del menor para la toma de huellas digitales.<\/p>\n<p style=\"text-align: justify;\"><strong>Costo:<\/strong> Gratuito<\/p>\n<p style=\"text-align: justify;\">* Aunque el costo de la Asignaci\u00f3n de C.I. es gratuito, se debe emitir del certificado de Nacimiento Duplicado, el cual tiene un costo de 5 USD. La Secci\u00f3n Consular le enviar\u00e1 la cuenta a la cual debe realizar el dep\u00f3sito antes de su cita.<\/p>\n","protected":false},"excerpt":{"rendered":"<p>Los menores de 18 a\u00f1os nacidos en el exterior y registrados en la Secci\u00f3n Consular, tienen el derecho de solicitar la asignaci\u00f3n de n\u00famero de c\u00e9dula de identidad. Con este n\u00famero sus padres podr\u00e1n solicitar el pasaporte boliviano por primera vez en la Secci\u00f3n Consular de la Embajada. Antes de poder proceder a la asignaci\u00f3n [&hellip;]<\/p>\n","protected":false},"author":3,"featured_media":0,"parent":0,"menu_order":0,"comment_status":"closed","ping_status":"closed","template":"","meta":{"_eb_attr":"","footnotes":""},"class_list":["post-2500","page","type-page","status-publish","hentry"],"_links":{"self":[{"href":"https:\/\/embassyofbolivia.nl\/wp-old\/wp-json\/wp\/v2\/pages\/2500","targetHints":{"allow":["GET"]}}],"collection":[{"href":"https:\/\/embassyofbolivia.nl\/wp-old\/wp-json\/wp\/v2\/pages"}],"about":[{"href":"https:\/\/embassyofbolivia.nl\/wp-old\/wp-json\/wp\/v2\/types\/page"}],"author":[{"embeddable":true,"href":"https:\/\/embassyofbolivia.nl\/wp-old\/wp-json\/wp\/v2\/users\/3"}],"replies":[{"embeddable":true,"href":"https:\/\/embassyofbolivia.nl\/wp-old\/wp-json\/wp\/v2\/comments?post=2500"}],"version-history":[{"count":1,"href":"https:\/\/embassyofbolivia.nl\/wp-old\/wp-json\/wp\/v2\/pages\/2500\/revisions"}],"predecessor-version":[{"id":4615,"href":"https:\/\/embassyofbolivia.nl\/wp-old\/wp-json\/wp\/v2\/pages\/2500\/revisions\/4615"}],"wp:attachment":[{"href":"https:\/\/embassyofbolivia.nl\/wp-old\/wp-json\/wp\/v2\/media?parent=2500"}],"curies":[{"name":"wp","href":"https:\/\/api.w.org\/{rel}","templated":true}]}}