{"id":2464,"date":"2020-11-06T13:41:11","date_gmt":"2020-11-06T12:41:11","guid":{"rendered":"http:\/\/www.embassyofbolivia.nl\/?page_id=2464"},"modified":"2025-01-08T19:25:08","modified_gmt":"2025-01-08T18:25:08","slug":"pasaporte-para-menores","status":"publish","type":"page","link":"https:\/\/embassyofbolivia.nl\/wp-old\/pasaporte-para-menores\/","title":{"rendered":"Pasaporte para Menores"},"content":{"rendered":"\t\t<div data-elementor-type=\"wp-page\" data-elementor-id=\"2464\" class=\"elementor elementor-2464\" data-elementor-post-type=\"page\">\n\t\t\t\t\t\t<section class=\"has_eae_slider elementor-section elementor-top-section elementor-element elementor-element-44e663b0 elementor-section-boxed elementor-section-height-default elementor-section-height-default\" data-eae-slider=\"90629\" data-id=\"44e663b0\" data-element_type=\"section\">\n\t\t\t\t\t\t<div class=\"elementor-container elementor-column-gap-default\">\n\t\t\t\t\t<div class=\"has_eae_slider elementor-column elementor-col-100 elementor-top-column elementor-element elementor-element-68c939d2\" data-eae-slider=\"47024\" data-id=\"68c939d2\" data-element_type=\"column\">\n\t\t\t<div class=\"elementor-widget-wrap elementor-element-populated\">\n\t\t\t\t\t\t<div class=\"elementor-element elementor-element-376b03a elementor-widget elementor-widget-text-editor\" data-id=\"376b03a\" data-element_type=\"widget\" data-widget_type=\"text-editor.default\">\n\t\t\t\t<div class=\"elementor-widget-container\">\n\t\t\t\t\t\t\t<p style=\"text-align: justify;\">Los pasos para la emisi\u00f3n de un pasaporte para menores (menores de 18 a\u00f1os):<\/p>\n<p style=\"text-align: justify;\">Solicitar una cita y enviar una copia escaneada o fotograf\u00eda en buena calidad de los siguientes requisitos a:&nbsp;<a href=\"mailto:boliviaconsularlahaya@gmail.com\">boliviaconsularlahaya@gmail.com<\/a><\/p>\n<p style=\"text-align: justify;\"><strong>Requisitos:<\/strong><\/p>\n<ol style=\"text-align: justify;\">\n<li>Certificado de nacimiento original actualizado<\/li>\n<li>C\u00e9dula de identidad o asignaci\u00f3n de numero de identidad (original)<\/li>\n<li>Documentos del padre y madre en original: Pasaporte o C\u00e9dula de Identidad<\/li>\n<li>En caso que uno de los progenitores se encuentre en otro pa\u00eds, se debe presentar un poder notarial a trav\u00e9s del cual el otro progenitor autorice la emisi\u00f3n de pasaporte del menor<\/li>\n<\/ol>\n\n<p style=\"text-align: justify;\">* La Secci\u00f3n Consular le enviar\u00e1 la cuenta a la cual debe realizar el dep\u00f3sito antes de su cita.<\/p>\t\t\t\t\t\t<\/div>\n\t\t\t\t<\/div>\n\t\t\t\t\t<\/div>\n\t\t<\/div>\n\t\t\t\t\t<\/div>\n\t\t<\/section>\n\t\t\t\t<\/div>\n\t\t","protected":false},"excerpt":{"rendered":"<p>Los pasos para la emisi\u00f3n de un pasaporte para menores (menores de 18 a\u00f1os): Solicitar una cita y enviar una copia escaneada o fotograf\u00eda en buena calidad de los siguientes requisitos a:&nbsp;boliviaconsularlahaya@gmail.com Requisitos: Certificado de nacimiento original actualizado C\u00e9dula de identidad o asignaci\u00f3n de numero de identidad (original) Documentos del padre y madre en original: [&hellip;]<\/p>\n","protected":false},"author":3,"featured_media":0,"parent":0,"menu_order":0,"comment_status":"closed","ping_status":"closed","template":"elementor_theme","meta":{"_eb_attr":"","footnotes":""},"class_list":["post-2464","page","type-page","status-publish","hentry"],"_links":{"self":[{"href":"https:\/\/embassyofbolivia.nl\/wp-old\/wp-json\/wp\/v2\/pages\/2464","targetHints":{"allow":["GET"]}}],"collection":[{"href":"https:\/\/embassyofbolivia.nl\/wp-old\/wp-json\/wp\/v2\/pages"}],"about":[{"href":"https:\/\/embassyofbolivia.nl\/wp-old\/wp-json\/wp\/v2\/types\/page"}],"author":[{"embeddable":true,"href":"https:\/\/embassyofbolivia.nl\/wp-old\/wp-json\/wp\/v2\/users\/3"}],"replies":[{"embeddable":true,"href":"https:\/\/embassyofbolivia.nl\/wp-old\/wp-json\/wp\/v2\/comments?post=2464"}],"version-history":[{"count":8,"href":"https:\/\/embassyofbolivia.nl\/wp-old\/wp-json\/wp\/v2\/pages\/2464\/revisions"}],"predecessor-version":[{"id":8212,"href":"https:\/\/embassyofbolivia.nl\/wp-old\/wp-json\/wp\/v2\/pages\/2464\/revisions\/8212"}],"wp:attachment":[{"href":"https:\/\/embassyofbolivia.nl\/wp-old\/wp-json\/wp\/v2\/media?parent=2464"}],"curies":[{"name":"wp","href":"https:\/\/api.w.org\/{rel}","templated":true}]}}