{"id":1176,"date":"2020-10-22T11:59:24","date_gmt":"2020-10-22T09:59:24","guid":{"rendered":"http:\/\/www.embassyofbolivia.nl\/?page_id=1176"},"modified":"2025-01-08T19:05:23","modified_gmt":"2025-01-08T18:05:23","slug":"certificado-de-libertad-de-estado","status":"publish","type":"page","link":"https:\/\/embassyofbolivia.nl\/wp-old\/certificado-de-libertad-de-estado\/","title":{"rendered":"Certificado de libertad de Estado"},"content":{"rendered":"<div id=\"pl-1176\" class=\"panel-layout\">\n<div id=\"pg-1176-0\" class=\"panel-grid panel-no-style\" data-style=\"{&quot;background_image_attachment&quot;:false,&quot;background_display&quot;:&quot;tile&quot;,&quot;cell_alignment&quot;:&quot;flex-start&quot;}\">\n<div id=\"pgc-1176-0-0\" class=\"panel-grid-cell\" data-weight=\"1\">\n<div id=\"panel-1176-0-0-0\" class=\"so-panel widget widget_sow-editor panel-first-child panel-last-child\" data-index=\"0\" data-style=\"{&quot;background_image_attachment&quot;:false,&quot;background_display&quot;:&quot;tile&quot;}\">\n<div class=\"so-widget-sow-editor so-widget-sow-editor-base\">\n<div class=\"siteorigin-widget-tinymce textwidget\">\n<p>Las personas bolivianas podr\u00e1n solicitar un Certificado de libertad de Estado o Certificado de \u201csolter\u00eda\u201d a la Secci\u00f3n Consular de la Embajada, o solicitarlo en la aplicaci\u00f3n del Consulado en L\u00ednea en el enlace:<\/p>\n<p style=\"text-align: center;\"><span><a href=\"https:\/\/www.rree.gob.bo\/scel\/171\"><strong>https:\/\/www.rree.gob.bo\/scel\/171<\/strong><\/a><\/span><\/p>\n<p><strong><span>Requisitos:<\/span><\/strong><\/p>\n<ol>\n<li>Pasaporte o c\u00e9dula de identidad<\/li>\n<li>Si lo hace por en la aplicaci\u00f3n Consulado en L\u00ednea, se procesa directamente en la misma.<\/li>\n<li>En el caso de requiere hacerlo directamente en la secci\u00f3n consultar remitir la copia del documento de identidad al correo <span><a href=\"mailto:boliviaconsularlahaya@gmail.com\">boliviaconsularlahaya@gmail.com<\/a><\/span><\/li>\n<\/ol>\n<p>La apostilla se realiza en Bolivia, sin embargo, si se requiere legalizaci\u00f3n para usarse en Pa\u00edses Bajos consular el proceso de legalizaci\u00f3n ante el\u00a0<span><a href=\"https:\/\/www.netherlandsworldwide.nl\/legalisation\/foreign-documents\/embassies-consulates\">Ministerio de Relaciones Exteriores de Pa\u00edses Bajos<\/a><\/span>, para lo cual debe llevar el certificado y su traducci\u00f3n a dicha instancia:<\/p>\n<p>El consulado puede extender una traducci\u00f3n previa solicitud.<\/p>\n<p>* La Secci\u00f3n Consular le enviar\u00e1 el costo y cuenta a la cual debe realizar el dep\u00f3sito antes de su cita.<\/p>\n<\/div>\n<\/div>\n<\/div>\n<\/div>\n<\/div>\n<\/div>\n\n\n<p><\/p>\n","protected":false},"excerpt":{"rendered":"<p>Las personas bolivianas podr\u00e1n solicitar un Certificado de libertad de Estado o Certificado de \u201csolter\u00eda\u201d a la Secci\u00f3n Consular de la Embajada, o solicitarlo en la aplicaci\u00f3n del Consulado en L\u00ednea en el enlace: https:\/\/www.rree.gob.bo\/scel\/171 Requisitos: Pasaporte o c\u00e9dula de identidad Si lo hace por en la aplicaci\u00f3n Consulado en L\u00ednea, se procesa directamente en [&hellip;]<\/p>\n","protected":false},"author":3,"featured_media":0,"parent":0,"menu_order":0,"comment_status":"closed","ping_status":"closed","template":"","meta":{"_eb_attr":"","footnotes":""},"class_list":["post-1176","page","type-page","status-publish","hentry"],"_links":{"self":[{"href":"https:\/\/embassyofbolivia.nl\/wp-old\/wp-json\/wp\/v2\/pages\/1176","targetHints":{"allow":["GET"]}}],"collection":[{"href":"https:\/\/embassyofbolivia.nl\/wp-old\/wp-json\/wp\/v2\/pages"}],"about":[{"href":"https:\/\/embassyofbolivia.nl\/wp-old\/wp-json\/wp\/v2\/types\/page"}],"author":[{"embeddable":true,"href":"https:\/\/embassyofbolivia.nl\/wp-old\/wp-json\/wp\/v2\/users\/3"}],"replies":[{"embeddable":true,"href":"https:\/\/embassyofbolivia.nl\/wp-old\/wp-json\/wp\/v2\/comments?post=1176"}],"version-history":[{"count":2,"href":"https:\/\/embassyofbolivia.nl\/wp-old\/wp-json\/wp\/v2\/pages\/1176\/revisions"}],"predecessor-version":[{"id":8203,"href":"https:\/\/embassyofbolivia.nl\/wp-old\/wp-json\/wp\/v2\/pages\/1176\/revisions\/8203"}],"wp:attachment":[{"href":"https:\/\/embassyofbolivia.nl\/wp-old\/wp-json\/wp\/v2\/media?parent=1176"}],"curies":[{"name":"wp","href":"https:\/\/api.w.org\/{rel}","templated":true}]}}