{"id":1122,"date":"2020-10-22T10:31:58","date_gmt":"2020-10-22T08:31:58","guid":{"rendered":"http:\/\/www.embassyofbolivia.nl\/?page_id=1122"},"modified":"2025-01-08T19:44:29","modified_gmt":"2025-01-08T18:44:29","slug":"certificado-de-matrimonio","status":"publish","type":"page","link":"https:\/\/embassyofbolivia.nl\/wp-old\/certificado-de-matrimonio\/","title":{"rendered":"Certificado de Matrimonio"},"content":{"rendered":"<p>Las personas bolivianas podr\u00e1n solicitar un Certificado de Matrimonio duplicado a la Secci\u00f3n Consular de la Embajada.<\/p>\n<p style=\"text-align: justify;\"><strong>Requisitos:<\/strong><\/p>\n<p>Enviar copia de pasaporte o c\u00e9dula de identidad a <a href=\"mailto:boliviaconsularlahaya@gmail.com\">boliviaconsularlahaya@gmail.com<\/a><\/p>\n<p style=\"text-align: justify;\">Para su respectiva legalizaci\u00f3n ante el Ministerio de Relaciones Exteriores de Pa\u00edses Bajos, debe llevar el certificado y su traducci\u00f3n a dicha instancia. El consulado puede extender una traducci\u00f3n por un costo de 10 USD.<\/p>\n<p>* La Secci\u00f3n Consular le enviar\u00e1 la cuenta a la cual debe realizar el dep\u00f3sito antes de su cita.<\/p>\n","protected":false},"excerpt":{"rendered":"<p>Las personas bolivianas podr\u00e1n solicitar un Certificado de Matrimonio duplicado a la Secci\u00f3n Consular de la Embajada. Requisitos: Enviar copia de pasaporte o c\u00e9dula de identidad a boliviaconsularlahaya@gmail.com Para su respectiva legalizaci\u00f3n ante el Ministerio de Relaciones Exteriores de Pa\u00edses Bajos, debe llevar el certificado y su traducci\u00f3n a dicha instancia. El consulado puede extender [&hellip;]<\/p>\n","protected":false},"author":3,"featured_media":0,"parent":0,"menu_order":0,"comment_status":"closed","ping_status":"closed","template":"","meta":{"_eb_attr":"","footnotes":""},"class_list":["post-1122","page","type-page","status-publish","hentry"],"_links":{"self":[{"href":"https:\/\/embassyofbolivia.nl\/wp-old\/wp-json\/wp\/v2\/pages\/1122","targetHints":{"allow":["GET"]}}],"collection":[{"href":"https:\/\/embassyofbolivia.nl\/wp-old\/wp-json\/wp\/v2\/pages"}],"about":[{"href":"https:\/\/embassyofbolivia.nl\/wp-old\/wp-json\/wp\/v2\/types\/page"}],"author":[{"embeddable":true,"href":"https:\/\/embassyofbolivia.nl\/wp-old\/wp-json\/wp\/v2\/users\/3"}],"replies":[{"embeddable":true,"href":"https:\/\/embassyofbolivia.nl\/wp-old\/wp-json\/wp\/v2\/comments?post=1122"}],"version-history":[{"count":10,"href":"https:\/\/embassyofbolivia.nl\/wp-old\/wp-json\/wp\/v2\/pages\/1122\/revisions"}],"predecessor-version":[{"id":8230,"href":"https:\/\/embassyofbolivia.nl\/wp-old\/wp-json\/wp\/v2\/pages\/1122\/revisions\/8230"}],"wp:attachment":[{"href":"https:\/\/embassyofbolivia.nl\/wp-old\/wp-json\/wp\/v2\/media?parent=1122"}],"curies":[{"name":"wp","href":"https:\/\/api.w.org\/{rel}","templated":true}]}}