{"id":283,"date":"2020-09-29T12:34:50","date_gmt":"2020-09-29T10:34:50","guid":{"rendered":"http:\/\/www.embassyofbolivia.nl\/?page_id=283"},"modified":"2021-11-27T02:28:46","modified_gmt":"2021-11-27T01:28:46","slug":"safe-conduct","status":"publish","type":"page","link":"https:\/\/embassyofbolivia.nl\/wp-old\/en\/safe-conduct\/","title":{"rendered":"Safe-conduct"},"content":{"rendered":"\t\t<div data-elementor-type=\"wp-page\" data-elementor-id=\"283\" class=\"elementor elementor-283 elementor-499\" data-elementor-post-type=\"page\">\n\t\t\t\t\t\t<section class=\"has_eae_slider elementor-section elementor-top-section elementor-element elementor-element-510d4c77 elementor-section-boxed elementor-section-height-default elementor-section-height-default\" data-eae-slider=\"83909\" data-id=\"510d4c77\" data-element_type=\"section\">\n\t\t\t\t\t\t<div class=\"elementor-container elementor-column-gap-default\">\n\t\t\t\t\t<div class=\"has_eae_slider elementor-column elementor-col-100 elementor-top-column elementor-element elementor-element-1762fde6\" data-eae-slider=\"45339\" data-id=\"1762fde6\" data-element_type=\"column\">\n\t\t\t<div class=\"elementor-widget-wrap elementor-element-populated\">\n\t\t\t\t\t\t<div class=\"elementor-element elementor-element-3b530149 elementor-widget elementor-widget-text-editor\" data-id=\"3b530149\" data-element_type=\"widget\" data-widget_type=\"text-editor.default\">\n\t\t\t\t<div class=\"elementor-widget-container\">\n\t\t\t\t\t\t\t<div id=\"pl-499\" class=\"panel-layout\"><div id=\"pg-499-0\" class=\"panel-grid panel-no-style\" data-style=\"{\"><div id=\"pgc-499-0-0\" class=\"panel-grid-cell\" data-weight=\"1\"><div id=\"panel-499-0-0-0\" class=\"so-panel widget widget_sow-editor panel-first-child panel-last-child\" data-index=\"0\" data-style=\"{\"><p class=\"p1\">El salvoconducto es un documento de protecci\u00f3n que sustituye al pasaporte que se otorga solo en casos excepcionales. Permite s\u00f3lo el retorno a Bolivia por motivo de urgencia y emergencia, por motivo de extrav\u00edo, sustracci\u00f3n o caducidad del pasaporte del solicitante.<\/p><div class=\"so-widget-sow-editor so-widget-sow-editor-base\">Enviar los siguientes requisitos a: <a class=\"mail-link\" data-enc-email=\"obyvivnpbafhyneynunln[at]tznvy.pbz\" data-wpel-link=\"ignore\" href=\"mailto:boliviaconsularlahaya@gmail.com\"><span id=\"eeb-929698-822224\">boliviaconsularlahaya@gmail.com<\/span><\/a><\/div><div>\u00a0<\/div><div class=\"so-widget-sow-editor so-widget-sow-editor-base\"><p><strong>Requisitos:<\/strong><\/p><ol style=\"text-align: justify;\"><li>Dos fotograf\u00edas 3.5 x 4.5 cm.<\/li><li>Billete de viaje de retorno a Bolivia<\/li><li>Copia de documentos C.I. o pasaporte.<\/li><li>En caso p\u00e9rdida o robo de pasaporte: Denuncia policial, documento original; u otro alternativo.<\/li><\/ol><p><strong>Costo:<\/strong> Gratuito<\/p><\/div><\/div><\/div><\/div><\/div>\t\t\t\t\t\t<\/div>\n\t\t\t\t<\/div>\n\t\t\t\t\t<\/div>\n\t\t<\/div>\n\t\t\t\t\t<\/div>\n\t\t<\/section>\n\t\t\t\t<\/div>\n\t\t","protected":false},"excerpt":{"rendered":"<p>El salvoconducto es un documento de protecci\u00f3n que sustituye al pasaporte que se otorga solo en casos excepcionales. Permite s\u00f3lo el retorno a Bolivia por motivo de urgencia y emergencia, por motivo de extrav\u00edo, sustracci\u00f3n o caducidad del pasaporte del solicitante. Enviar los siguientes requisitos a: boliviaconsularlahaya@gmail.com\u00a0 Requisitos: Dos fotograf\u00edas 3.5 x 4.5 cm. Billete [&hellip;]<\/p>\n","protected":false},"author":3,"featured_media":0,"parent":0,"menu_order":0,"comment_status":"closed","ping_status":"closed","template":"","meta":{"_eb_attr":"","footnotes":""},"class_list":["post-283","page","type-page","status-publish","hentry"],"_links":{"self":[{"href":"https:\/\/embassyofbolivia.nl\/wp-old\/en\/wp-json\/wp\/v2\/pages\/283","targetHints":{"allow":["GET"]}}],"collection":[{"href":"https:\/\/embassyofbolivia.nl\/wp-old\/en\/wp-json\/wp\/v2\/pages"}],"about":[{"href":"https:\/\/embassyofbolivia.nl\/wp-old\/en\/wp-json\/wp\/v2\/types\/page"}],"author":[{"embeddable":true,"href":"https:\/\/embassyofbolivia.nl\/wp-old\/en\/wp-json\/wp\/v2\/users\/3"}],"replies":[{"embeddable":true,"href":"https:\/\/embassyofbolivia.nl\/wp-old\/en\/wp-json\/wp\/v2\/comments?post=283"}],"version-history":[{"count":4,"href":"https:\/\/embassyofbolivia.nl\/wp-old\/en\/wp-json\/wp\/v2\/pages\/283\/revisions"}],"predecessor-version":[{"id":4951,"href":"https:\/\/embassyofbolivia.nl\/wp-old\/en\/wp-json\/wp\/v2\/pages\/283\/revisions\/4951"}],"wp:attachment":[{"href":"https:\/\/embassyofbolivia.nl\/wp-old\/en\/wp-json\/wp\/v2\/media?parent=283"}],"curies":[{"name":"wp","href":"https:\/\/api.w.org\/{rel}","templated":true}]}}